{"id":6979,"date":"2019-04-24T05:48:29","date_gmt":"2019-04-24T09:38:50","guid":{"rendered":"https:\/\/www.grillsymbol.com\/shop\/uncategorized\/grillsymbol-naked-chef-charcoal-bbq\/"},"modified":"2025-05-13T19:40:55","modified_gmt":"2025-05-13T19:40:55","slug":"grillsymbol-holzkohlegrill-naked-chef","status":"publish","type":"product","link":"https:\/\/www.grillsymbol.com\/de\/shop\/smoker-holzkohlegrills-und-holzkohlegrills\/grillsymbol-holzkohlegrill-naked-chef\/","title":{"rendered":"GrillSymbol Holzkohlegrill Naked Chef"},"content":{"rendered":"<p>&nbsp;<\/p>\n<ul>\n<li>Material: 3 mm Cortenstahl<\/li>\n<li>Ma\u00dfe: 98 x 35 x 80 cm (L\u00e4nge* Breite* H\u00f6he)<\/li>\n<li>Gewicht: 25 kg<\/li>\n<li>Kochbereich: 85 x 34 cm<\/li>\n<li>Ma\u00dfe des Grillrosts ca. 40 x 33 cm, Edelstahl<\/li>\n<li>Verwende f\u00fcr Grillen Holzkohle, Briketts oder verbrenne die Holzkohle selbst<\/li>\n<li>An den Seiten des Grills sind Bel\u00fcftungsl\u00f6cher, die f\u00fcr eine gute Luftzirkulierung sorgen<\/li>\n<li>Montagezeit ca. 30 min<\/li>\n<\/ul>\n<p>&nbsp;<\/p>\n<p>Zus\u00e4tzliches Zubeh\u00f6r:<\/p>\n<p>&nbsp;<\/p>\n<ul>\n<li>Grillrost Classic (Edelstahl): CG-1<\/li>\n<li>Backblech Classic\u00a0(Stahl): FTG<\/li>\n<li>Wok-Pfanne mit Untersetzer: WPS<\/li>\n<li>Plancha-Burger-Press-Set (Edelstahl): BPSI<\/li>\n<li>BBQ-Grillplatte (Stahl): ZZG<\/li>\n<li>Plancha-Burger-Press-Set (Stahl): BPS<\/li>\n<li>Gusseisenpfanne: FP-16<\/li>\n<li>Spie\u00dfset (3-teilig): SKEW-47<\/li>\n<\/ul>\n<p>&nbsp;<\/p>\n<p>&nbsp;<\/p>\n<p><strong>Achtung!<\/strong>\u00a0Die Produkte aus Corten Stahl werden unbehandelt geliefert und sind somit grau wie gew\u00f6hnlicher warmgewalzter Stahl. Anleitung zu Alterungsprozesses von Corten Stahl findest Du auf unserer Webseite oder kannst es direkt von dem Produkt Scannen.<\/p>\n<h5><\/h5>\n<h5><a href=\"https:\/\/www.grillsymbol.com\/de\/ueber-die-materialien-und-bodenformen-der-pfannen\/corten-alterungsprozess\/\" target=\"_blank\" rel=\"noopener\">Siehe hier: Alterungsleitfaden f\u00fcr Cor-Ten-Produkte<\/a><\/h5>\n","protected":false},"excerpt":{"rendered":"<p><strong>Naked Chef<\/strong> Holzkohlegrill ist ein Barbecue- oder W\u00fcrstchengrill der Spitzenklasse, der aus hochwertigen und langlebigen Materialien angefertigt ist. Im Jahr 2024 kommen wir mit einem neuen Modell aus, das von seinem Vorg\u00e4nger funktioneller ist.<\/p>\n<p>Der Materialeinsatz ist wie in alten guten Zeiten und es gibt keine Materialeinsparungen! Das Geh\u00e4use des Grills ist aus 3 mm Cortenstahl gemacht, dieses Material h\u00e4lt beim Grillen Temperatur stabil.<\/p>\n<p>Die Beine des Grills und die kleinen Details sind so entworfen, dass diese aus den Materialienresten produziert werden k\u00f6nnen, die bei der Produktion der anderen Produkte entstehen. Wir m\u00f6chten das Material m\u00f6glichst effektiv benutzen und dadurch die Umweltbelastung reduzieren.<\/p>\n<p>F\u00fcr den Grill Chef-N bieten wir eine gro\u00dfe Auswahl Zubeh\u00f6r.<\/p>\n","protected":false},"featured_media":23015,"comment_status":"open","ping_status":"closed","template":"","meta":{"footnotes":""},"class_list":["post-6979","product","type-product","status-publish","has-post-thumbnail","hentry","product_cat-smoker-holzkohlegrills-und-holzkohlegrills"],"_links":{"self":[{"href":"https:\/\/www.grillsymbol.com\/de\/wp-json\/wp\/v2\/product\/6979","targetHints":{"allow":["GET"]}}],"collection":[{"href":"https:\/\/www.grillsymbol.com\/de\/wp-json\/wp\/v2\/product"}],"about":[{"href":"https:\/\/www.grillsymbol.com\/de\/wp-json\/wp\/v2\/types\/product"}],"replies":[{"embeddable":true,"href":"https:\/\/www.grillsymbol.com\/de\/wp-json\/wp\/v2\/comments?post=6979"}],"version-history":[{"count":0,"href":"https:\/\/www.grillsymbol.com\/de\/wp-json\/wp\/v2\/product\/6979\/revisions"}],"wp:featuredmedia":[{"embeddable":true,"href":"https:\/\/www.grillsymbol.com\/de\/wp-json\/wp\/v2\/media\/23015"}],"wp:attachment":[{"href":"https:\/\/www.grillsymbol.com\/de\/wp-json\/wp\/v2\/media?parent=6979"}],"curies":[{"name":"wp","href":"https:\/\/api.w.org\/{rel}","templated":true}]}}