{"id":6981,"date":"2019-04-24T05:59:26","date_gmt":"2019-04-24T09:38:55","guid":{"rendered":"https:\/\/www.grillsymbol.com\/shop\/uncategorized\/grillsymbol-naked-chef-xl-charcoal-bbq\/"},"modified":"2026-03-31T09:11:26","modified_gmt":"2026-03-31T09:11:26","slug":"grillsymbol-holzkohlegrill-naked-chef-xl","status":"publish","type":"product","link":"https:\/\/www.grillsymbol.com\/de\/shop\/smoker-holzkohlegrills-und-holzkohlegrills\/grillsymbol-holzkohlegrill-naked-chef-xl\/","title":{"rendered":"GrillSymbol Holzkohlegrill Naked Chef XL"},"content":{"rendered":"<ul>\n<li>Material: 3 mm Cortenstahl<\/li>\n<li>Ma\u00dfe: 122x 35 x 80 cm (Breite*Tiefe*H\u00f6he)<\/li>\n<li>Gewicht: 30 kg<\/li>\n<li>Grillfl\u00e4che: 110 x 34 cm<\/li>\n<li>Die Ma\u00dfe des Grillrostes betragen ca. 40 x 33 cm (bei der XL-Version sind zwei Roste enthalten)<\/li>\n<li>Zum Grillen Holzkohle, Briketts oder machen Sie die Holzkohle selbst<\/li>\n<li>An den Seiten des Grills befinden sich L\u00fcftungsl\u00f6cher, die f\u00fcr einen guten Luftaustausch sorgen<\/li>\n<li>Lieferung in Einzelteilen, ungef\u00e4hre Montagezeit 30 min<\/li>\n<\/ul>\n<p>&nbsp;<\/p>\n<p>Zus\u00e4tzliches Zubeh\u00f6r:<\/p>\n<ul>\n<li>Deckel f\u00fcr Chef-NXL (Edelstahl): CL-XL<\/li>\n<li>Grillrost Classic (Edelstahl): CG-1<\/li>\n<li>Backblech Classic\u00a0(Stahl): FTG<\/li>\n<li>Wok-Pfanne mit Untersetzer: WPS<\/li>\n<li>Plancha-Burger-Press-Set (Edelstahl): BPSI<\/li>\n<li>Mittlerer Rost: CMR-XL<\/li>\n<li>BBQ-Grillplatte (Stahl): ZZG<\/li>\n<li>Plancha-Burger-Press-Set (Stahl): BPS<\/li>\n<li>Gusseisenpfanne: FP-16<\/li>\n<li>Spie\u00dfset (3-teilig): SKEW-47<\/li>\n<\/ul>\n<p>&nbsp;<\/p>\n<p><strong>Achtung!<\/strong>\u00a0Das Produkt darf nicht auf einem Holzuntergrund montiert werden, da der Grill kleine \u00d6ffnungen hat, aus denen etwas Asche oder Funken herausfallen k\u00f6nnen.<\/p>\n<p>&nbsp;<\/p>\n<p><strong>Achtung!<\/strong>\u00a0Die Produkte aus Corten Stahl werden unbehandelt geliefert und sind somit grau wie gew\u00f6hnlicher warmgewalzter Stahl. Anleitung zu Alterungsprozesses von Corten Stahl findest Du auf unserer Webseite oder kannst es direkt von dem Produkt Scannen.<\/p>\n<h5><\/h5>\n<h5><a href=\"https:\/\/www.grillsymbol.com\/de\/ueber-die-materialien-und-bodenformen-der-pfannen\/corten-alterungsprozess\/\" target=\"_blank\" rel=\"noopener\">Siehe hier: Alterungsleitfaden f\u00fcr Cor-Ten-Produkte<\/a><\/h5>\n","protected":false},"excerpt":{"rendered":"<p>Der\u00a0<strong>Naked Chef XL<\/strong>\u00a0Holzkohlegrill ist ein Barbeque- und W\u00fcrstchengrill der Extraklasse, der aus hochwertigen und langlebigen Materialien gefertigt wurde. 2024 haben wir ein neues Modell auf den Markt gebracht, das funktionaler ist als sein Vorg\u00e4nger.<\/p>\n<p>Die Grillbeine und kleinere Details sind so konzipiert, dass sie aus Produktionsresten anderer Produkte hergestellt werden k\u00f6nnen. Wir m\u00f6chten das Material so effizient wie m\u00f6glich nutzen und dadurch die Umweltbelastung reduzieren.<\/p>\n<p>F\u00fcr den Chef-NXL Holzkohlegrill bieten wir umfangreiches Zubeh\u00f6r an.<\/p>\n<p>&nbsp;<\/p>\n","protected":false},"featured_media":23071,"comment_status":"open","ping_status":"closed","template":"","meta":{"footnotes":""},"class_list":["post-6981","product","type-product","status-publish","has-post-thumbnail","hentry","product_cat-smoker-holzkohlegrills-und-holzkohlegrills"],"_links":{"self":[{"href":"https:\/\/www.grillsymbol.com\/de\/wp-json\/wp\/v2\/product\/6981","targetHints":{"allow":["GET"]}}],"collection":[{"href":"https:\/\/www.grillsymbol.com\/de\/wp-json\/wp\/v2\/product"}],"about":[{"href":"https:\/\/www.grillsymbol.com\/de\/wp-json\/wp\/v2\/types\/product"}],"replies":[{"embeddable":true,"href":"https:\/\/www.grillsymbol.com\/de\/wp-json\/wp\/v2\/comments?post=6981"}],"version-history":[{"count":0,"href":"https:\/\/www.grillsymbol.com\/de\/wp-json\/wp\/v2\/product\/6981\/revisions"}],"wp:featuredmedia":[{"embeddable":true,"href":"https:\/\/www.grillsymbol.com\/de\/wp-json\/wp\/v2\/media\/23071"}],"wp:attachment":[{"href":"https:\/\/www.grillsymbol.com\/de\/wp-json\/wp\/v2\/media?parent=6981"}],"curies":[{"name":"wp","href":"https:\/\/api.w.org\/{rel}","templated":true}]}}