{"id":7011,"date":"2019-05-02T05:00:55","date_gmt":"2019-05-02T13:10:32","guid":{"rendered":"https:\/\/www.grillsymbol.com\/shop\/uncategorized\/grillsymbol-paella-wok-set-pro-450-copy-2\/"},"modified":"2023-05-18T09:57:22","modified_gmt":"2023-05-18T09:57:22","slug":"grillsymbol-wok-gasbrenner-pro-450-inox","status":"publish","type":"product","link":"https:\/\/www.grillsymbol.com\/de\/shop\/wok-gasbrenner\/grillsymbol-wok-gasbrenner-pro-450-inox\/","title":{"rendered":"GrillSymbol Wok Gasbrenner PRO-450 inox"},"content":{"rendered":"<ul type=\"\\&quot;&quot;&quot;disc&quot;&quot;\\&quot;\">\n<li>Material Pfanne: 4 mm Edelstahl<\/li>\n<li>Durchmesser: 45 cm<\/li>\n<li>H\u00f6he: 29 cm<\/li>\n<li>Tiefe: 10 cm<\/li>\n<li>Kapazit\u00e4t: ca 10 Portionen<\/li>\n<li>Gewicht: Pfanne 6 kg, insgesamt 10 kg<\/li>\n<li>1-Ring Brenner: 6,5 kW, Durchmesser 30 cm<\/li>\n<li>Gasverbrauch: 0,2-0,4 kg \/ h<\/li>\n<li>Achtung! Die passende D\u00fcse wird in dem Betrieb komplektiert und entspricht die Voraussetzungen im Zielland der Bestellung<\/li>\n<li>Dreifach Windschutz<\/li>\n<li>Beine sind abnehmbar und werden mit Bolzen (Schmetterling) befestigt<\/li>\n<li>Gas Regler und Schlauch sind nicht im Set enthalten!<\/li>\n<li>Das Produkt entspricht den Anforderungen der Richtlinie 2009\/142\/EC<\/li>\n<li>CE 1336-10<\/li>\n<\/ul>\n","protected":false},"excerpt":{"rendered":"<p>Die\u00a0<strong>tiefe Wok-Pfanne aus Edelstahl<\/strong> mit gew\u00f6lbten Boden ist haupts\u00e4chlich f\u00fcr die Zubereitung asiatischer Gerichte gedacht. Dank sehr gute Kochfunktionen k\u00f6nnen hier verschiedene Woks, Suppen wie Tom Kha, Tom Yum und viele andere Gerichte. Da der 45-cm-Wok effizienter und schneller ist, eignet er sich perfekt zum Braten \u2013 Fr\u00fchlingsrollen, Tempura, Fish and Chips, Falafels, H\u00fchnerfl\u00fcgel, Zwiebel- und Calamari-Ringe usw.<\/p>\n<p>PRO-450 inox hat feste Konstruktion, leistungsvollen Gasbrenner und Wok-Pfanne mit gew\u00f6lbten Boden, die ein gut funktionierendes Ganzes bilden. Dreifache Windschutzscheibe garantiert den besten Schutz gegen Wind \u2013 Gasbrenner verl\u00f6scht auch bei ziemlich starker Wind nicht.<\/p>\n","protected":false},"featured_media":16445,"comment_status":"open","ping_status":"closed","template":"","meta":{"footnotes":""},"class_list":["post-7011","product","type-product","status-publish","has-post-thumbnail","hentry","product_cat-wok-gasbrenner"],"_links":{"self":[{"href":"https:\/\/www.grillsymbol.com\/de\/wp-json\/wp\/v2\/product\/7011","targetHints":{"allow":["GET"]}}],"collection":[{"href":"https:\/\/www.grillsymbol.com\/de\/wp-json\/wp\/v2\/product"}],"about":[{"href":"https:\/\/www.grillsymbol.com\/de\/wp-json\/wp\/v2\/types\/product"}],"replies":[{"embeddable":true,"href":"https:\/\/www.grillsymbol.com\/de\/wp-json\/wp\/v2\/comments?post=7011"}],"version-history":[{"count":0,"href":"https:\/\/www.grillsymbol.com\/de\/wp-json\/wp\/v2\/product\/7011\/revisions"}],"wp:featuredmedia":[{"embeddable":true,"href":"https:\/\/www.grillsymbol.com\/de\/wp-json\/wp\/v2\/media\/16445"}],"wp:attachment":[{"href":"https:\/\/www.grillsymbol.com\/de\/wp-json\/wp\/v2\/media?parent=7011"}],"curies":[{"name":"wp","href":"https:\/\/api.w.org\/{rel}","templated":true}]}}