{"id":7013,"date":"2019-05-02T05:06:34","date_gmt":"2019-05-02T13:10:38","guid":{"rendered":"https:\/\/www.grillsymbol.com\/shop\/uncategorized\/grillsymbol-wok-pro-675-copy-2\/"},"modified":"2022-02-21T17:47:55","modified_gmt":"2022-02-21T17:47:55","slug":"grillsymbol-wokpfanne-wp-545-%e2%88%85-54-cm","status":"publish","type":"product","link":"https:\/\/www.grillsymbol.com\/de\/shop\/paella-und-wok-pfannen\/grillsymbol-wokpfanne-wp-545-%e2%88%85-54-cm\/","title":{"rendered":"GrillSymbol Wokpfanne WP-545, \u2205 54 cm"},"content":{"rendered":"<div class=\"\\&quot;&quot;woocommerce-tabs\\&quot;\">\n<div id=\"\\&quot;&quot;tab-description&quot;\\&quot;\" class=\"\\&quot;&quot;woocommerce-Tabs-panel\\&quot;\">\n<ul>\n<li>Material: 4 mm Stahl<\/li>\n<li>Durchmesser: 54 cm<\/li>\n<li>Tiefe: 11 cm<\/li>\n<li>Gewicht: 8 kg<\/li>\n<li>Kapazit\u00e4t: 25 Portionen<\/li>\n<\/ul>\n<\/div>\n<\/div>\n","protected":false},"excerpt":{"rendered":"<p><strong>Wok-Pfanne aus Stahl <\/strong>ist die klassische Wok-Pfanne mit sehr guten Brateigenschaften und gro\u00dfer Kapazit\u00e4t. Durch ihre Gr\u00f6\u00dfe erm\u00f6glicht viele Portionen schnell zu zubereiten.<\/p>\n<p>Wenn Sie Modelle<strong> PRO-580 \/ PRO-580 inox \/ TW-580 \/ TW-580 inox <\/strong>haben, dann empfehlen wir die Pfanne mit Adapter (WS-545) zu kaufen \u2013 so machen Sie aus Ihrem Paella Pfanne Grill einen vielseitigen Set zu Zubereitung vieler leckeren Gerichten. Eignet sich haupts\u00e4chlich f\u00fcr die Zubereitung von Wok Gerichten und Pommes Frites.<\/p>\n<p>Ideal f\u00fcr den Einsatz in einer Au\u00dfenk\u00fcche, am Lagerfeuer oder mit Gasbrenner.<\/p>\n","protected":false},"featured_media":14015,"comment_status":"open","ping_status":"closed","template":"","meta":{"footnotes":""},"class_list":["post-7013","product","type-product","status-publish","has-post-thumbnail","hentry","product_cat-paella-und-wok-pfannen"],"_links":{"self":[{"href":"https:\/\/www.grillsymbol.com\/de\/wp-json\/wp\/v2\/product\/7013","targetHints":{"allow":["GET"]}}],"collection":[{"href":"https:\/\/www.grillsymbol.com\/de\/wp-json\/wp\/v2\/product"}],"about":[{"href":"https:\/\/www.grillsymbol.com\/de\/wp-json\/wp\/v2\/types\/product"}],"replies":[{"embeddable":true,"href":"https:\/\/www.grillsymbol.com\/de\/wp-json\/wp\/v2\/comments?post=7013"}],"version-history":[{"count":0,"href":"https:\/\/www.grillsymbol.com\/de\/wp-json\/wp\/v2\/product\/7013\/revisions"}],"wp:featuredmedia":[{"embeddable":true,"href":"https:\/\/www.grillsymbol.com\/de\/wp-json\/wp\/v2\/media\/14015"}],"wp:attachment":[{"href":"https:\/\/www.grillsymbol.com\/de\/wp-json\/wp\/v2\/media?parent=7013"}],"curies":[{"name":"wp","href":"https:\/\/api.w.org\/{rel}","templated":true}]}}