{"id":7097,"date":"2019-06-18T12:57:21","date_gmt":"2019-06-18T12:59:37","guid":{"rendered":"https:\/\/www.grillsymbol.com\/shop\/uncategorized\/corten-steel-planter-manhattan\/"},"modified":"2023-04-04T11:44:20","modified_gmt":"2023-04-04T11:44:20","slug":"petteri-wiimaa-pflanzkuebel-aus-cortenstahl-manhattan","status":"publish","type":"product","link":"https:\/\/www.grillsymbol.com\/de\/shop\/pflanzkuebeln-aus-cortenstahl\/petteri-wiimaa-pflanzkuebel-aus-cortenstahl-manhattan\/","title":{"rendered":"Petteri Wiimaa Pflanzk\u00fcbel aus Cortenstahl Manhattan"},"content":{"rendered":"<p>&nbsp;<\/p>\n<ul>\n<li>Material: 2 mm Cor-Ten Stahl<\/li>\n<li>Ma\u00dfe: 50 x 50 x 100 cm (L*B*H)<\/li>\n<li>Gewicht: 46 kg<\/li>\n<li>Im Boden sind Ablaufl\u00f6cher f\u00fcr Wasser<\/li>\n<li>Im Set sind enthalten Zwischenboden, wodurch weniger Erde verbraucht wird. H\u00f6he 30 cm von oberen Rand<\/li>\n<li><span class=\"HwtZe\" lang=\"de\"><span class=\"jCAhz ChMk0b\"><span class=\"ryNqvb\">Der Pflanzk\u00fcbeln wird in Einzelteilen geliefert, Montagezeit ca. 20 min<\/span><\/span><\/span><\/li>\n<\/ul>\n<p>&nbsp;<\/p>\n<p><strong>Achtung:<\/strong> CorTen-Stahl Pflanzk\u00fcbel werden unbehandelt geliefert und sind grau. Die Kochsalzl\u00f6sung kann den Alterungsprozess beschleunigen. Genauere Infos finden Sie hier:<\/p>\n<p>&nbsp;<\/p>\n<blockquote class=\"wp-embedded-content\" data-secret=\"huK4C7Ix7R\"><p><a href=\"https:\/\/www.grillsymbol.com\/de\/ueber-die-materialien-und-bodenformen-der-pfannen\/corten-alterungsprozess\/\">Corten Alterungsprozess<\/a><\/p><\/blockquote>\n<p><iframe loading=\"lazy\" class=\"wp-embedded-content\" sandbox=\"allow-scripts\" security=\"restricted\" style=\"position: absolute; clip: rect(1px, 1px, 1px, 1px);\" title=\"&#8222;Corten Alterungsprozess&#8220; &#8212; GrillSymbol\" src=\"https:\/\/www.grillsymbol.com\/de\/ueber-die-materialien-und-bodenformen-der-pfannen\/corten-alterungsprozess\/embed\/#?secret=huK4C7Ix7R\" data-secret=\"huK4C7Ix7R\" width=\"600\" height=\"338\" frameborder=\"0\" marginwidth=\"0\" marginheight=\"0\" scrolling=\"no\"><\/iframe><\/p>\n","protected":false},"excerpt":{"rendered":"<p><strong>\u00a0<\/strong><\/p>\n<p>Cortenstahl ist fast reiner Kohlenstoffstahl, aber wetterfest behandelt, so dass eine Schutzschicht gegen Wettereinfl\u00fcsse entsteht. CorTen-Stahl Pflanzk\u00fcbel werden unbehandelt geliefert und sind grau. Die Kochsalzl\u00f6sung kann den Alterungsprozess beschleunigen. Bei bestimmungsgem\u00e4\u00dfer Verwendung ist Cor-Ten Stahl ausdrucksstark, pflegefrei und bleibt lang im guten Zustand.<\/p>\n<p>Die Produkte aus Cortenstahl m\u00fcssen im Winter weder in Innenr\u00e4umen gelagert noch bedeckt werden, da der rostfreie Cortenstahl jedem Wetter standh\u00e4lt.<\/p>\n<p>Dar\u00fcber hinaus ist Cortenstahl zu 100% recyclebar und somit ein \u00f6kologisches Material.<\/p>\n<p><strong>Design: Petteri Wiimaa<\/strong><\/p>\n","protected":false},"featured_media":20528,"comment_status":"closed","ping_status":"closed","template":"","meta":{"footnotes":""},"class_list":{"0":"post-7097","1":"product","2":"type-product","3":"status-publish","4":"has-post-thumbnail","5":"hentry","6":"product_cat-pflanzkuebeln-aus-cortenstahl","9":"product_cat-modulare-blumenkasten"},"_links":{"self":[{"href":"https:\/\/www.grillsymbol.com\/de\/wp-json\/wp\/v2\/product\/7097","targetHints":{"allow":["GET"]}}],"collection":[{"href":"https:\/\/www.grillsymbol.com\/de\/wp-json\/wp\/v2\/product"}],"about":[{"href":"https:\/\/www.grillsymbol.com\/de\/wp-json\/wp\/v2\/types\/product"}],"replies":[{"embeddable":true,"href":"https:\/\/www.grillsymbol.com\/de\/wp-json\/wp\/v2\/comments?post=7097"}],"version-history":[{"count":0,"href":"https:\/\/www.grillsymbol.com\/de\/wp-json\/wp\/v2\/product\/7097\/revisions"}],"wp:featuredmedia":[{"embeddable":true,"href":"https:\/\/www.grillsymbol.com\/de\/wp-json\/wp\/v2\/media\/20528"}],"wp:attachment":[{"href":"https:\/\/www.grillsymbol.com\/de\/wp-json\/wp\/v2\/media?parent=7097"}],"curies":[{"name":"wp","href":"https:\/\/api.w.org\/{rel}","templated":true}]}}