{"id":7145,"date":"2019-11-08T09:11:35","date_gmt":"2019-11-27T06:10:11","guid":{"rendered":"https:\/\/www.grillsymbol.com\/shop\/uncategorized\/corten-firewood-module-woodstock-wall\/"},"modified":"2025-06-27T11:09:59","modified_gmt":"2025-06-27T11:09:59","slug":"grillsymbol-holzlager-aus-cortenstahl-wall-237-37-170-cm","status":"publish","type":"product","link":"https:\/\/www.grillsymbol.com\/de\/shop\/holzlager-aus-cortenstahl\/grillsymbol-holzlager-aus-cortenstahl-wall-237-37-170-cm\/","title":{"rendered":"GrillSymbol Holzlager aus Cortenstahl WALL-L 237*37*170 cm"},"content":{"rendered":"<p>&nbsp;<\/p>\n<ul>\n<li>Material: 2 mm Cortenstahl<\/li>\n<li>Gesambreite: 237 cm<\/li>\n<li>H\u00f6he: 170 cm<\/li>\n<li>Tiefe: 37 cm<\/li>\n<li>Gewicht: ca. 95 kg<\/li>\n<li>Kapazit\u00e4t: 1,5 m\u00b3 Brennholz<\/li>\n<li>Im Set 4 Module<\/li>\n<li>Montagezeit ca. 120 min<\/li>\n<li>Im Set Befestigungswinkel zu Fixierung am Untergrund(Holz, Stein usw.)<\/li>\n<\/ul>\n<p>&nbsp;<\/p>\n<p><strong>Achtung!<\/strong>\u00a0Die Produkte aus Corten Stahl werden unbehandelt geliefert und sind somit grau wie gew\u00f6hnlicher warmgewalzter Stahl. Anleitung zu Alterungsprozesses von Corten Stahl findest Du auf unserer Webseite oder kannst es direkt von dem Produkt Scannen.<\/p>\n<h5><\/h5>\n<h5><a href=\"https:\/\/www.grillsymbol.com\/de\/ueber-die-materialien-und-bodenformen-der-pfannen\/corten-alterungsprozess\/\" target=\"_blank\" rel=\"noopener\">Siehe hier: Alterungsleitfaden f\u00fcr Cor-Ten-Produkte<\/a><\/h5>\n","protected":false},"excerpt":{"rendered":"<p><strong>WALL ist ein modulares Lagerregal f\u00fcr Brennholz.<\/strong> Das Set enth\u00e4lt 4 Module, zus\u00e4tzliche Module k\u00f6nnen separat erworben werden. Schnell zu installierende und auff\u00e4llige L\u00f6sung zur Lagerung von Brennholz und zur Trennung von Bereichen.<\/p>\n<p><strong>Design: Petteri Wiimaa<\/strong><\/p>\n<p>Cortenstahl ist fast reiner Kohlenstoffstahl, aber wetterfest behandelt, so dass eine Schutzschicht gegen Wettereinfl\u00fcsse entsteht. Die Oberfl\u00e4che ist anfangs grau, wird aber durch Wettereinfl\u00fcsse r\u00f6tlichbraun (Farbe ist \u00e4hnlich dem Rost), mit der Zeit wird die Farbe etwas dunkler. Bei bestimmungsgem\u00e4\u00dfer Verwendung ist Cor-Ten Stahl ausdrucksstark, pflegefrei und bleibt lang im guten Zustand. Die Produkte aus Cortenstahl m\u00fcssen im Winter weder in Innenr\u00e4umen gelagert noch bedeckt werden, da der rostfreie Cortenstahl jedem Wetter standh\u00e4lt.<\/p>\n<p><strong>Auch in der H\u00f6he 200 cm m\u00f6glich! Fragen Sie nach einem Angebot!<\/strong><\/p>\n","protected":false},"featured_media":18447,"comment_status":"open","ping_status":"closed","template":"","meta":{"footnotes":""},"class_list":["post-7145","product","type-product","status-publish","has-post-thumbnail","hentry","product_cat-holzlager-aus-cortenstahl"],"_links":{"self":[{"href":"https:\/\/www.grillsymbol.com\/de\/wp-json\/wp\/v2\/product\/7145","targetHints":{"allow":["GET"]}}],"collection":[{"href":"https:\/\/www.grillsymbol.com\/de\/wp-json\/wp\/v2\/product"}],"about":[{"href":"https:\/\/www.grillsymbol.com\/de\/wp-json\/wp\/v2\/types\/product"}],"replies":[{"embeddable":true,"href":"https:\/\/www.grillsymbol.com\/de\/wp-json\/wp\/v2\/comments?post=7145"}],"version-history":[{"count":0,"href":"https:\/\/www.grillsymbol.com\/de\/wp-json\/wp\/v2\/product\/7145\/revisions"}],"wp:featuredmedia":[{"embeddable":true,"href":"https:\/\/www.grillsymbol.com\/de\/wp-json\/wp\/v2\/media\/18447"}],"wp:attachment":[{"href":"https:\/\/www.grillsymbol.com\/de\/wp-json\/wp\/v2\/media?parent=7145"}],"curies":[{"name":"wp","href":"https:\/\/api.w.org\/{rel}","templated":true}]}}