{"id":7194,"date":"2020-03-31T07:33:36","date_gmt":"2020-03-31T07:33:39","guid":{"rendered":"https:\/\/www.grillsymbol.com\/de\/shop\/paella-gasbrenner\/gaasipoleti-b700\/"},"modified":"2022-02-14T16:46:35","modified_gmt":"2022-02-14T16:46:35","slug":"grillsymbol-paella-brenner-fuer-au%ce%b2enbetrieb-b700","status":"publish","type":"product","link":"https:\/\/www.grillsymbol.com\/de\/shop\/paella-brenner\/grillsymbol-paella-brenner-fuer-au%ce%b2enbetrieb-b700\/","title":{"rendered":"GrillSymbol Paella Brenner f\u00fcr Au\u03b2enbetrieb B700"},"content":{"rendered":"<p>&nbsp;<\/p>\n<ul>\n<li>Brenner: 25 kW, Durchmesser 70 cm<\/li>\n<li>Gasverbrauch: bei Vollleistung 1,7 kg \/ h, bei Normbedingungen 0,5-1 kg \/ h<\/li>\n<li>Die drei Ringe des Brenners k\u00f6nnen getrennt reguliert werden<\/li>\n<\/ul>\n","protected":false},"excerpt":{"rendered":"<p>Der <strong>klassische Paella-Gasbrenner mit Durchmesser 70 cm<\/strong> und 3 Ringen kann Paellapfannen mit einem Durchmesser von bis zu 80 cm aufnehmen. Jeder Ring wird \u00fcber einen eigenen Knopf gesteuert, sodass Sie die W\u00e4rme einstellen k\u00f6nnen, wo und wann sie ben\u00f6tigt wird. Ideal f\u00fcr Au\u00dfenk\u00fcche.<\/p>\n","protected":false},"featured_media":3999,"comment_status":"open","ping_status":"closed","template":"","meta":{"footnotes":""},"class_list":["post-7194","product","type-product","status-publish","has-post-thumbnail","hentry","product_cat-paella-brenner"],"_links":{"self":[{"href":"https:\/\/www.grillsymbol.com\/de\/wp-json\/wp\/v2\/product\/7194","targetHints":{"allow":["GET"]}}],"collection":[{"href":"https:\/\/www.grillsymbol.com\/de\/wp-json\/wp\/v2\/product"}],"about":[{"href":"https:\/\/www.grillsymbol.com\/de\/wp-json\/wp\/v2\/types\/product"}],"replies":[{"embeddable":true,"href":"https:\/\/www.grillsymbol.com\/de\/wp-json\/wp\/v2\/comments?post=7194"}],"version-history":[{"count":0,"href":"https:\/\/www.grillsymbol.com\/de\/wp-json\/wp\/v2\/product\/7194\/revisions"}],"wp:featuredmedia":[{"embeddable":true,"href":"https:\/\/www.grillsymbol.com\/de\/wp-json\/wp\/v2\/media\/3999"}],"wp:attachment":[{"href":"https:\/\/www.grillsymbol.com\/de\/wp-json\/wp\/v2\/media?parent=7194"}],"curies":[{"name":"wp","href":"https:\/\/api.w.org\/{rel}","templated":true}]}}