{"id":7320,"date":"2020-09-24T06:59:32","date_gmt":"2020-09-24T06:59:32","guid":{"rendered":"https:\/\/www.grillsymbol.com\/de\/shop\/feuerstellen\/grillsymbol-feuerstelle-lucas-copy\/"},"modified":"2026-03-29T18:05:02","modified_gmt":"2026-03-29T18:05:02","slug":"grillsymbol-feuerschale-lucas-mini-%e2%88%85-60-cm","status":"publish","type":"product","link":"https:\/\/www.grillsymbol.com\/de\/shop\/feuerschalen\/grillsymbol-feuerschale-lucas-mini-%e2%88%85-60-cm\/","title":{"rendered":"GrillSymbol Feuerschale Lucas Mini \u2205 60 cm"},"content":{"rendered":"<p>In dem Design von Lucas Mini wurde einer der m\u00e4chtigsten Symbole der Kelts benutzt \u2013 der Dara Knoten(Dara Knot), welcher die Wurzeln der Eiche, Ausdauer und die Langlebigkeit symbolisiert. Zus\u00e4tzlich symbolisiert es die Vereinigung zweier Meschen, die Gl\u00fcck, Wohlstand und Schutz bringt. Man glaubt, dass die Komplexit\u00e4t der keltischen Knoten das unendliche Zyklus des Lebens, Todes und Wiedergeburt darstellt und ebenso die Vernetzung aller Dinge in der Naturwelt.<\/p>\n<p>&nbsp;<\/p>\n<ul>\n<li>Material: 2-3 mm Cortenstahl<\/li>\n<li>Durchmesser 60 cm<\/li>\n<li>H\u00f6he\u00a033 cm<\/li>\n<li>In der Mitte Korb f\u00fcr Holz \/ Asche, den man herausnehmen und putzen kann<\/li>\n<li>Gesamtgewicht des Sets: ca 18 kg<\/li>\n<li>Feuerstelle st\u00fctzt sich mit 3 Beinen auf die Erde<\/li>\n<\/ul>\n<p>&nbsp;<\/p>\n<p>Das Produkt darf nur auf festen, nicht brennbaren Untergrund installiert werden, da die Feuerschale w\u00e4hrend des Erhitzens sehr hei\u00df wird. Im Boden der Feuerschale befinden sich L\u00f6cher, aus denen kleine Kohlenst\u00fccke herausfallen k\u00f6nnen. \u00dcbersch\u00fcssiges Wasser kann aus den L\u00f6chern abflie\u00dfen, so wird vermieden, dass stehendes Wasser in der Feuerschale sich ansammelt.<\/p>\n<p><strong>Achtung:<\/strong> Die Produkte aus Corten Stahl werden unbehandelt geliefert und sind somit grau wie gew\u00f6hnlicher warmgewalzter Stahl. Anleitung zu Alterungsprozesses von Corten Stahl findest Du auf unserer Webseite oder kannst es direkt von dem Produkt Scannen.<\/p>\n<h5><\/h5>\n<h5><a href=\"https:\/\/www.grillsymbol.com\/de\/ueber-die-materialien-und-bodenformen-der-pfannen\/corten-alterungsprozess\/\" target=\"_blank\" rel=\"noopener\">Siehe hier: Alterungsleitfaden f\u00fcr Cor-Ten-Produkte<\/a><\/h5>\n","protected":false},"excerpt":{"rendered":"<p><strong>Design: Petteri Wiimaa<\/strong><\/p>\n<p>Hergestellt aus Cortenstahl, der fast reiner Kohlenstoffstahl ist, aber wetterfest bearbeitet, so dass ein Schutzschicht gegen Wettereinfl\u00fcsse entsteht. Die Oberfl\u00e4che ist anfangs grau, wird aber durch Wettereinfl\u00fcsse r\u00f6tlichbraun (Farbe ist \u00e4hnlich dem Rost), mit der Zeit wird die Farbe etwas dunkler. Bei bestimmungsgem\u00e4\u00dfer Verwendung ist Cortenstahl ausdrucksstark, pflegefrei und h\u00e4lt auf einzigartige Weise lang in gutem Zustand.<\/p>\n","protected":false},"featured_media":7322,"comment_status":"open","ping_status":"closed","template":"","meta":{"footnotes":""},"class_list":["post-7320","product","type-product","status-publish","has-post-thumbnail","hentry","product_cat-feuerschalen"],"_links":{"self":[{"href":"https:\/\/www.grillsymbol.com\/de\/wp-json\/wp\/v2\/product\/7320","targetHints":{"allow":["GET"]}}],"collection":[{"href":"https:\/\/www.grillsymbol.com\/de\/wp-json\/wp\/v2\/product"}],"about":[{"href":"https:\/\/www.grillsymbol.com\/de\/wp-json\/wp\/v2\/types\/product"}],"replies":[{"embeddable":true,"href":"https:\/\/www.grillsymbol.com\/de\/wp-json\/wp\/v2\/comments?post=7320"}],"version-history":[{"count":0,"href":"https:\/\/www.grillsymbol.com\/de\/wp-json\/wp\/v2\/product\/7320\/revisions"}],"wp:featuredmedia":[{"embeddable":true,"href":"https:\/\/www.grillsymbol.com\/de\/wp-json\/wp\/v2\/media\/7322"}],"wp:attachment":[{"href":"https:\/\/www.grillsymbol.com\/de\/wp-json\/wp\/v2\/media?parent=7320"}],"curies":[{"name":"wp","href":"https:\/\/api.w.org\/{rel}","templated":true}]}}