{"id":7561,"date":"2020-10-09T07:07:17","date_gmt":"2020-10-09T07:07:17","guid":{"rendered":"https:\/\/www.grillsymbol.com\/de\/shop\/feuerstellen\/grillsymbol-piazza-feuerstelle-copy\/"},"modified":"2026-03-31T04:18:13","modified_gmt":"2026-03-31T04:18:13","slug":"grillsymbol-feuerschale-laterna","status":"publish","type":"product","link":"https:\/\/www.grillsymbol.com\/de\/shop\/feuerschalen\/grillsymbol-feuerschale-laterna\/","title":{"rendered":"GrillSymbol Feuerschale Laterna"},"content":{"rendered":"<ul>\n<li>Material: 3 mm Cor-Ten Stahl<\/li>\n<li>Durchmesser: 48 x 48<\/li>\n<li>H\u00f6he: 52 cm<\/li>\n<li>Gesamtgewicht des Sets: 30 kg<\/li>\n<\/ul>\n<p>&nbsp;<\/p>\n<p>Das Produkt darf nur auf festen, nicht brennbaren Untergrund installiert werden, da die Feuerschale w\u00e4hrend des Erhitzens sehr hei\u00df wird. Im Boden der Feuerschale befinden sich L\u00f6cher, aus denen kleine Kohlenst\u00fccke herausfallen k\u00f6nnen. \u00dcbersch\u00fcssiges Wasser kann aus den L\u00f6chern abflie\u00dfen, so wird vermieden, dass stehendes Wasser in der Feuerschale sich ansammelt.<\/p>\n<p><strong>Achtung:<\/strong> CorTen-Stahl Feuerschalen werden unbehandelt geliefert und sind grau. Die Kochsalzl\u00f6sung kann den Alterungsprozess beschleunigen. Genauere Infos finden Sie hier:<\/p>\n<p>&nbsp;<\/p>\n<blockquote class=\"wp-embedded-content\" data-secret=\"Sp0HXO9OUX\"><p><a href=\"https:\/\/www.grillsymbol.com\/de\/ueber-die-materialien-und-bodenformen-der-pfannen\/corten-alterungsprozess\/\">Corten Alterungsprozess<\/a><\/p><\/blockquote>\n<p><iframe loading=\"lazy\" class=\"wp-embedded-content\" sandbox=\"allow-scripts\" security=\"restricted\" style=\"position: absolute; clip: rect(1px, 1px, 1px, 1px);\" title=\"&#8222;Corten Alterungsprozess&#8220; &#8212; GrillSymbol\" src=\"https:\/\/www.grillsymbol.com\/de\/ueber-die-materialien-und-bodenformen-der-pfannen\/corten-alterungsprozess\/embed\/#?secret=Sp0HXO9OUX\" data-secret=\"Sp0HXO9OUX\" width=\"600\" height=\"338\" frameborder=\"0\" marginwidth=\"0\" marginheight=\"0\" scrolling=\"no\"><\/iframe><\/p>\n","protected":false},"excerpt":{"rendered":"<p>Einfach, klar, quadratisch, auff\u00e4llig. Das ist Laterna. Mittelgro\u00dfer Holzkamin im Freien in unserer Produktpalette.<\/p>\n<p><strong>Design: Petteri Wiimaa<\/strong><\/p>\n<p>Hergestellt aus Cortenstahl, der fast aus reinem Kohlenstoffstahl besteht, jedoch so verarbeitet wurde, dass eine wetterfeste Schutzschicht auf der Oberfl\u00e4che vorhanden ist. Die Oberfl\u00e4che ist anfangs grau, wird aber durch Wettereinfl\u00fcsse r\u00f6tlichbraun (Farbe ist \u00e4hnlich dem Rost), mit der Zeit wird die Farbe etwas dunkler. Bei sachgem\u00e4\u00dfer Verwendung ist Cor-Ten-Stahl ausdrucksstark, langlebig und wartungsfrei und kann auf seine eigene Art und Weise standhalten.<\/p>\n","protected":false},"featured_media":7563,"comment_status":"open","ping_status":"closed","template":"","meta":{"footnotes":""},"class_list":["post-7561","product","type-product","status-publish","has-post-thumbnail","hentry","product_cat-feuerschalen"],"_links":{"self":[{"href":"https:\/\/www.grillsymbol.com\/de\/wp-json\/wp\/v2\/product\/7561","targetHints":{"allow":["GET"]}}],"collection":[{"href":"https:\/\/www.grillsymbol.com\/de\/wp-json\/wp\/v2\/product"}],"about":[{"href":"https:\/\/www.grillsymbol.com\/de\/wp-json\/wp\/v2\/types\/product"}],"replies":[{"embeddable":true,"href":"https:\/\/www.grillsymbol.com\/de\/wp-json\/wp\/v2\/comments?post=7561"}],"version-history":[{"count":0,"href":"https:\/\/www.grillsymbol.com\/de\/wp-json\/wp\/v2\/product\/7561\/revisions"}],"wp:featuredmedia":[{"embeddable":true,"href":"https:\/\/www.grillsymbol.com\/de\/wp-json\/wp\/v2\/media\/7563"}],"wp:attachment":[{"href":"https:\/\/www.grillsymbol.com\/de\/wp-json\/wp\/v2\/media?parent=7561"}],"curies":[{"name":"wp","href":"https:\/\/api.w.org\/{rel}","templated":true}]}}