{"id":7819,"date":"2020-11-17T07:17:29","date_gmt":"2020-11-17T07:17:29","guid":{"rendered":"https:\/\/www.grillsymbol.com\/de\/shop\/pflanzkuebeln-aus-cortenstahl\/petteri-wiimaa-pflanzkuebel-set-aus-cortenstahl-clara-set\/"},"modified":"2026-03-26T14:05:25","modified_gmt":"2026-03-26T14:05:25","slug":"petteri-wiimaa-pflanzkuebel-set-aus-cortenstahl-clara-set","status":"publish","type":"product","link":"https:\/\/www.grillsymbol.com\/de\/shop\/pflanzkuebeln-aus-cortenstahl\/petteri-wiimaa-pflanzkuebel-set-aus-cortenstahl-clara-set\/","title":{"rendered":"Petteri Wiimaa Pflanzk\u00fcbel-Set aus Cortenstahl Clara Set"},"content":{"rendered":"<p>&nbsp;<\/p>\n<ul>\n<li>Material: 2 mm Corten Stahl<\/li>\n<li>Gewicht: insgesamt 64 kg<\/li>\n<li>Im Boden sind Ablaufl\u00f6cher f\u00fcr Wasser<\/li>\n<li><span class=\"HwtZe\" lang=\"de\"><span class=\"jCAhz ChMk0b\"><span class=\"ryNqvb\">Der Pflanzk\u00fcbeln wird in Einzelteilen geliefert, Montagezeit ca. 50 min<\/span><\/span><\/span><\/li>\n<li><strong>Set = 3 K\u00fcbeln: 2 St\u00fcck Clara M + 1 St\u00fcck Clara XL. Ma\u00dfe:<\/strong><\/li>\n<\/ul>\n<p>&nbsp;<\/p>\n<p>Clara M: 40*40*40 cm (L*B*H)<br \/>\nClara XL: 60*60*60 cm (L*B*H)<\/p>\n<p>&nbsp;<\/p>\n<p><strong>Achtung:<\/strong>\u00a0CorTen-Stahl Pflanzk\u00fcbel werden unbehandelt geliefert und sind grau.<\/p>\n<p>&nbsp;<\/p>\n<h5><a href=\"https:\/\/www.grillsymbol.com\/de\/ueber-die-materialien-und-bodenformen-der-pfannen\/corten-alterungsprozess\/\" target=\"_blank\" rel=\"noopener\">Siehe hier: Alterungsleitfaden f\u00fcr Cor-Ten-Produkte<\/a><\/h5>\n","protected":false},"excerpt":{"rendered":"<p><strong>3-er Set Blument\u00f6pfe aus Cor-Ten Stahl<\/strong><\/p>\n<p><strong>Design: Petteri Wiimaa<\/strong><\/p>\n<p>Cor-Ten Stahl ist fast reiner Kohlenstoffstahl, aber wetterfest behandelt, so dass eine Schutzschicht gegen Wettereinfl\u00fcsse entsteht. Die Oberfl\u00e4che ist anfangs grau, wird aber durch Wettereinfl\u00fcsse r\u00f6tlichbraun (Farbe ist \u00e4hnlich dem Rost), mit der Zeit wird die Farbe etwas dunkler. Bei bestimmungsgem\u00e4\u00dfer Verwendung ist Cor-Ten Stahl ausdrucksstark, pflegefrei und bleibt lang im guten Zustand.<\/p>\n<p>Die Produkte aus Cortenstahl m\u00fcssen im Winter weder in Innenr\u00e4umen gelagert noch bedeckt werden, da der rostfreie Cortenstahl jedem Wetter standh\u00e4lt.<\/p>\n<p>Dar\u00fcber hinaus ist Cortenstahl zu 100% recyclebar und somit ein \u00f6kologisches Material.<\/p>\n","protected":false},"featured_media":23605,"comment_status":"open","ping_status":"closed","template":"","meta":{"footnotes":""},"class_list":["post-7819","product","type-product","status-publish","has-post-thumbnail","hentry","product_cat-pflanzkuebeln-aus-cortenstahl","product_cat-modulare-blumenkasten"],"_links":{"self":[{"href":"https:\/\/www.grillsymbol.com\/de\/wp-json\/wp\/v2\/product\/7819","targetHints":{"allow":["GET"]}}],"collection":[{"href":"https:\/\/www.grillsymbol.com\/de\/wp-json\/wp\/v2\/product"}],"about":[{"href":"https:\/\/www.grillsymbol.com\/de\/wp-json\/wp\/v2\/types\/product"}],"replies":[{"embeddable":true,"href":"https:\/\/www.grillsymbol.com\/de\/wp-json\/wp\/v2\/comments?post=7819"}],"version-history":[{"count":0,"href":"https:\/\/www.grillsymbol.com\/de\/wp-json\/wp\/v2\/product\/7819\/revisions"}],"wp:featuredmedia":[{"embeddable":true,"href":"https:\/\/www.grillsymbol.com\/de\/wp-json\/wp\/v2\/media\/23605"}],"wp:attachment":[{"href":"https:\/\/www.grillsymbol.com\/de\/wp-json\/wp\/v2\/media?parent=7819"}],"curies":[{"name":"wp","href":"https:\/\/api.w.org\/{rel}","templated":true}]}}