{"id":7843,"date":"2020-11-20T08:46:44","date_gmt":"2020-11-20T08:46:44","guid":{"rendered":"https:\/\/www.grillsymbol.com\/de\/shop\/feuerstellen\/grillsymbol-edelstahl-feuerschale-luna-silver\/"},"modified":"2026-03-27T14:05:31","modified_gmt":"2026-03-27T14:05:31","slug":"grillsymbol-edelstahlfeuerschale-luna-silver-%e2%88%85-119-cm","status":"publish","type":"product","link":"https:\/\/www.grillsymbol.com\/de\/shop\/feuerschalen\/grillsymbol-edelstahlfeuerschale-luna-silver-%e2%88%85-119-cm\/","title":{"rendered":"GrillSymbol Edelstahlfeuerschale Luna-Silver \u2205 119 cm"},"content":{"rendered":"<p>&nbsp;<\/p>\n<ul>\n<li>Material der Au\u00dfenpanele und Beine: 5 mm Edelstahl<\/li>\n<li>Materialst\u00e4rke der anderen Teile betr\u00e4gt 3 mm<\/li>\n<li>Durchmesser 119 cm<\/li>\n<li>H\u00f6he 47 cm<\/li>\n<li>Gesamtgewicht des Sets: ca 200 kg (zur Lieferung auf Europalette verpackt)<\/li>\n<li>In der Mitte Korb f\u00fcr Holz \/ Asche, den man herausnehmen und putzen kann<\/li>\n<li>Im Set sind auch Dekosteinchen, die zwischen 2 Ringen gestreut werden. Sie k\u00f6nnen zwischen zwei verschiedenen Steinen w\u00e4hlen: Valencia Rose (hellrosa) oder Extra Black (schwarz). Bitte schreiben Sie die ausgew\u00e4hlte Steinfarbe in die Bestellkommentare.<\/li>\n<li>Ebenso im Set der Deckel f\u00fcr Brennkammer, unter diesem Deckel kann man Brennholz im Brennkammerkorb trocken halten.<\/li>\n<li>Feuerstelle steht mit 3 Beinen auf der Erde oder festen Untergrund.<\/li>\n<li>Dank ihrer Gr\u00f6sse eignet sich auch f\u00fcr den \u00f6ffentlichen Raum: Bierg\u00e4rten der Restaurants, Golfzentren, Lagerfeuerpl\u00e4tze der Gemeinden, Dorfpl\u00e4tze usw.<\/li>\n<\/ul>\n<p>Die Au\u00dfenplatte wird beim Erhitzen nicht hei\u00df, da sich zwischen der Au\u00dfen- und der Innenplatte Luft befindet, die kein guter W\u00e4rmeleiter ist.<\/p>\n<p>Das Produkt darf nur auf festen, nicht brennbaren Untergrund installiert werden, da die Feuerschale w\u00e4hrend des Erhitzens sehr hei\u00df wird. Im Boden der Feuerschale befinden sich L\u00f6cher, aus denen kleine Kohlenst\u00fccke herausfallen k\u00f6nnen. \u00dcbersch\u00fcssiges Wasser kann aus den L\u00f6chern abflie\u00dfen, so wird vermieden, dass stehendes Wasser in der Feuerschale sich ansammelt.<\/p>\n","protected":false},"excerpt":{"rendered":"<p>Die gr\u00f6\u00dfte Feuerstelle in unserer Produktpalette.<\/p>\n<p><strong>Disain: Petteri Wiimaa<\/strong><\/p>\n","protected":false},"featured_media":23103,"comment_status":"open","ping_status":"closed","template":"","meta":{"footnotes":""},"class_list":["post-7843","product","type-product","status-publish","has-post-thumbnail","hentry","product_cat-feuerschalen"],"_links":{"self":[{"href":"https:\/\/www.grillsymbol.com\/de\/wp-json\/wp\/v2\/product\/7843","targetHints":{"allow":["GET"]}}],"collection":[{"href":"https:\/\/www.grillsymbol.com\/de\/wp-json\/wp\/v2\/product"}],"about":[{"href":"https:\/\/www.grillsymbol.com\/de\/wp-json\/wp\/v2\/types\/product"}],"replies":[{"embeddable":true,"href":"https:\/\/www.grillsymbol.com\/de\/wp-json\/wp\/v2\/comments?post=7843"}],"version-history":[{"count":0,"href":"https:\/\/www.grillsymbol.com\/de\/wp-json\/wp\/v2\/product\/7843\/revisions"}],"wp:featuredmedia":[{"embeddable":true,"href":"https:\/\/www.grillsymbol.com\/de\/wp-json\/wp\/v2\/media\/23103"}],"wp:attachment":[{"href":"https:\/\/www.grillsymbol.com\/de\/wp-json\/wp\/v2\/media?parent=7843"}],"curies":[{"name":"wp","href":"https:\/\/api.w.org\/{rel}","templated":true}]}}