{"id":8297,"date":"2021-01-22T04:23:18","date_gmt":"2021-01-22T04:23:18","guid":{"rendered":"https:\/\/www.grillsymbol.com\/?post_type=product&#038;p=8297"},"modified":"2023-05-18T09:56:28","modified_gmt":"2023-05-18T09:56:28","slug":"grillsymbol-wok-gasbrenner-pro-545-inox","status":"publish","type":"product","link":"https:\/\/www.grillsymbol.com\/de\/shop\/wok-gasbrenner\/grillsymbol-wok-gasbrenner-pro-545-inox\/","title":{"rendered":"GrillSymbol Wok Gasbrenner PRO-545 inox"},"content":{"rendered":"<ul type=\"\\&quot;&quot;&quot;disc&quot;&quot;\\&quot;\">\n<li>Material Pfanne: 4 mm Edelstahl<\/li>\n<li>Durchmesser: 54 cm<\/li>\n<li>Kapazit\u00e4t: ca 20 Portionen<\/li>\n<li>Tiefe: 10 cm<\/li>\n<li>Gewicht: Pfanne 9 kg, insgesamt 20 kg<\/li>\n<li>Brenner: 11,4 kW, Durchmesser 40 cm<\/li>\n<li>Die zwei Ringe der Brenner k\u00f6nnen getrennt reguliert werden<\/li>\n<li>Der Brenner hat einen batteriegetriebenen Elektroz\u00fcnder<\/li>\n<li>Dreifach Windschutz<\/li>\n<li>Achtung! Die passende D\u00fcse wird in dem Betrieb komplektiert und entspricht die Voraussetzungen im Zielland der Bestellung<\/li>\n<li>Gas Regler und Schlauch sind nicht im Set enthalten!<\/li>\n<li>Das Produkt entspricht den Anforderungen der Richtlinie 2009\/142\/EC<\/li>\n<li>CE 1336-10<\/li>\n<\/ul>\n","protected":false},"excerpt":{"rendered":"<p>Die <strong>tiefe Wok-Pfanne aus Edelstahl<\/strong> mit gew\u00f6lbten Boden ist haupts\u00e4chlich f\u00fcr die Zubereitung asiatischer Gerichte gedacht. Dank sehr gute Kochfunktionen k\u00f6nnen hier verschiedene Woks, Suppen wie Tom Kha, Tom Yum und viele andere Gerichte. Da der 54-cm-Wok effizienter und schneller ist, eignet er sich perfekt zum Braten &#8211; Fr\u00fchlingsrollen, Tempura, Fish and Chips, Falafels, H\u00fchnerfl\u00fcgel, Zwiebel- und Calamari-Ringe usw.<\/p>\n<p>PRO-545 inox hat feste Konstruktion, leistungsvollen Gasbrenner und Wok-Pfanne mit gew\u00f6lbten Boden, die ein gut funktionierendes Ganzes bilden. Dreifache Windschutzscheibe garantiert den besten Schutz gegen Wind &#8211; Gasbrenner verl\u00f6scht auch bei ziemlich starker Wind nicht.<\/p>\n","protected":false},"featured_media":16278,"comment_status":"open","ping_status":"closed","template":"","meta":{"footnotes":""},"class_list":["post-8297","product","type-product","status-publish","has-post-thumbnail","hentry","product_cat-wok-gasbrenner"],"_links":{"self":[{"href":"https:\/\/www.grillsymbol.com\/de\/wp-json\/wp\/v2\/product\/8297","targetHints":{"allow":["GET"]}}],"collection":[{"href":"https:\/\/www.grillsymbol.com\/de\/wp-json\/wp\/v2\/product"}],"about":[{"href":"https:\/\/www.grillsymbol.com\/de\/wp-json\/wp\/v2\/types\/product"}],"replies":[{"embeddable":true,"href":"https:\/\/www.grillsymbol.com\/de\/wp-json\/wp\/v2\/comments?post=8297"}],"version-history":[{"count":0,"href":"https:\/\/www.grillsymbol.com\/de\/wp-json\/wp\/v2\/product\/8297\/revisions"}],"wp:featuredmedia":[{"embeddable":true,"href":"https:\/\/www.grillsymbol.com\/de\/wp-json\/wp\/v2\/media\/16278"}],"wp:attachment":[{"href":"https:\/\/www.grillsymbol.com\/de\/wp-json\/wp\/v2\/media?parent=8297"}],"curies":[{"name":"wp","href":"https:\/\/api.w.org\/{rel}","templated":true}]}}