{"id":12042,"date":"2021-08-09T13:07:28","date_gmt":"2021-08-09T13:07:28","guid":{"rendered":"https:\/\/www.grillsymbol.com\/outlet\/"},"modified":"2024-03-26T11:35:03","modified_gmt":"2024-03-26T11:35:03","slug":"outlet","status":"publish","type":"page","link":"https:\/\/www.grillsymbol.com\/es\/outlet\/","title":{"rendered":"Outlet"},"content":{"rendered":"<p>[vc_row][vc_column][vc_column_text]<strong>En la categor\u00eda Outlet podr\u00e1s encontrar productos con precios especiales.<\/strong> Los productos se ofrecen a un precio especial ya que se trata de primeros prototipos que ahora no est\u00e1n en producci\u00f3n 100% iguales, o hay piezas con peque\u00f1os defectos o ejemplos de showrooms o sesiones fotogr\u00e1ficas. La garant\u00eda es normalmente de 2 a\u00f1os, pero no se aplica a los defectos mencionados.<\/p>\n<p>Puedes encontrar los productos outlet <a href=\"https:\/\/grillsymbol.com\/es\/categoria-producto\/outlet-es\/\" target=\"_blank\" rel=\"noopener\"><span style=\"text-decoration: underline;\"><strong>AQU\u00cd<\/strong><\/span>.<\/a>[\/vc_column_text][\/vc_column][\/vc_row]<\/p>\n","protected":false},"excerpt":{"rendered":"<p>[vc_row][vc_column][vc_column_text]En la categor\u00eda Outlet podr\u00e1s encontrar productos con precios especiales. Los productos se ofrecen a un precio especial ya que se trata de primeros prototipos que ahora no est\u00e1n en producci\u00f3n 100% iguales, o hay piezas con peque\u00f1os defectos o ejemplos de showrooms o sesiones fotogr\u00e1ficas. La garant\u00eda es normalmente de 2 a\u00f1os, pero no [&hellip;]<\/p>\n","protected":false},"author":1,"featured_media":0,"parent":0,"menu_order":0,"comment_status":"closed","ping_status":"closed","template":"","meta":{"footnotes":""},"class_list":["post-12042","page","type-page","status-publish","hentry"],"_links":{"self":[{"href":"https:\/\/www.grillsymbol.com\/es\/wp-json\/wp\/v2\/pages\/12042","targetHints":{"allow":["GET"]}}],"collection":[{"href":"https:\/\/www.grillsymbol.com\/es\/wp-json\/wp\/v2\/pages"}],"about":[{"href":"https:\/\/www.grillsymbol.com\/es\/wp-json\/wp\/v2\/types\/page"}],"author":[{"embeddable":true,"href":"https:\/\/www.grillsymbol.com\/es\/wp-json\/wp\/v2\/users\/1"}],"replies":[{"embeddable":true,"href":"https:\/\/www.grillsymbol.com\/es\/wp-json\/wp\/v2\/comments?post=12042"}],"version-history":[{"count":0,"href":"https:\/\/www.grillsymbol.com\/es\/wp-json\/wp\/v2\/pages\/12042\/revisions"}],"wp:attachment":[{"href":"https:\/\/www.grillsymbol.com\/es\/wp-json\/wp\/v2\/media?parent=12042"}],"curies":[{"name":"wp","href":"https:\/\/api.w.org\/{rel}","templated":true}]}}