{"id":17819,"date":"2020-11-03T12:42:21","date_gmt":"2020-11-03T12:42:21","guid":{"rendered":"https:\/\/www.grillsymbol.com\/garden-and-cor-ten\/"},"modified":"2022-05-09T11:07:34","modified_gmt":"2022-05-09T11:07:34","slug":"jardin-y-corten","status":"publish","type":"page","link":"https:\/\/www.grillsymbol.com\/es\/jardin-y-corten\/","title":{"rendered":"Jard\u00edn y Corten"},"content":{"rendered":"<p>[vc_row][vc_column width=\u00bb1\/2&#8243;][vc_column_text]<strong>\u00bfQu\u00e9 es el acero resistente a la intemperie?<\/strong><\/p>\n<p>El acero resistente a la intemperie, com\u00fanmente conocido como acero Cor-Ten, se desarroll\u00f3 originalmente para eliminar la necesidad de pintar el acero. En 1933, la United States Steel Corporation desarroll\u00f3 y patent\u00f3 un acero de excepcional resistencia mec\u00e1nica, principalmente para la construcci\u00f3n de vagones b\u00fanker sobre carriles. Debido a sus propiedades excepcionales, el acero Cor-Ten es ampliamente utilizado en la actualidad.<\/p>\n<p>&nbsp;<\/p>\n<p><strong>\u00bfEn qu\u00e9 se diferencia el acero Cor-Ten del acero al carbono convencionale?<\/strong><\/p>\n<p>Se forma una capa protectora en la superficie del acero Cor-Ten para resistir la intemperie. La capa protectora se debe a la composici\u00f3n especial del acero Cor-Ten; adem\u00e1s de otros elementos, el acero Cor-Ten contiene peque\u00f1as cantidades de cobre, n\u00edquel y cromo, por ejemplo. La capa protectora de la superficie est\u00e1 en constante evoluci\u00f3n y regeneraci\u00f3n bajo la influencia del ambiente externo. En otras palabras, se permite que el acero se oxide para formar una capa protectora. La oxidaci\u00f3n del acero puede tardar hasta seis meses. El proceso de oxidaci\u00f3n se puede acelerar significativamente rociando las superficies con soluci\u00f3n salina.<\/p>\n<p>&nbsp;<\/p>\n<p><strong>\u00bfD\u00f3nde puedo encontrar productos de acero Cor-Ten?<\/strong><\/p>\n<p>Los productos de acero Cor-Ten se pueden encontrar en muchos espacios p\u00fablicos en ciudades n\u00f3rdicas y de Europa Central. Por ejemplo, fachadas de casas, parcelas de parques, maceteros, muebles para terrazas exterioreses, chimeneas, fuentes, muebles de exterior, etc. Los edificios y esculturas m\u00e1s famosos del mundo, en cuya construcci\u00f3n el acero Corte-ten juega un papel importante:<\/p>\n<p>&nbsp;<\/p>\n<ul>\n<li><a href=\"https:\/\/en.wikipedia.org\/wiki\/Chicago_Picasso\" target=\"_blank\" rel=\"noopener\">Escultura de Picasso<\/a> (Chicago, EE. UU.)<\/li>\n<li><a href=\"https:\/\/en.wikipedia.org\/wiki\/John_Deere_World_Headquarters\" target=\"_blank\" rel=\"noopener\">Piso principal de John Deere World<\/a> (Illinois, EE. UU.)<\/li>\n<li><a href=\"https:\/\/en.wikipedia.org\/wiki\/Australian_Centre_for_Contemporary_Art\" target=\"_blank\" rel=\"noopener\">Centro Australiano de Arte Contempor\u00e1neo<\/a> (Melbourne, Australia)<\/li>\n<li><a href=\"https:\/\/en.wikipedia.org\/wiki\/Courtyard_Theatre\" target=\"_blank\" rel=\"noopener\">The Courtyard Theatre<\/a> (Stratford, Reino Unido)<\/li>\n<li><a href=\"https:\/\/en.wikipedia.org\/wiki\/Abetxuko_Bridge\" target=\"_blank\" rel=\"noopener\">Puente de Abetxuko<\/a> (<a href=\"https:\/\/en.wikipedia.org\/wiki\/Abetxuko\">Abetxuko<\/a>, Espa\u00f1a)<\/li>\n<li><a href=\"https:\/\/en.wikipedia.org\/wiki\/Barclays_Center\" target=\"_blank\" rel=\"noopener\">Barclays Center Sports Arena<\/a> (Nueva York, EE. UU.)<\/li>\n<li><a href=\"https:\/\/da.wikipedia.org\/wiki\/Camp_Adventure\" target=\"_blank\" rel=\"noopener\">Camp Adventure Forest Tower<\/a> (Haslev, Dinamarca)<\/li>\n<\/ul>\n<p>&nbsp;<\/p>\n<p>Adem\u00e1s, innumerables proyectos y productos m\u00e1s peque\u00f1os hechos de acero Cor-Ten, que es el mejor material. Gracias a la resistencia a la intemperie y la apariencia llamativa (pero al mismo tiempo modesta), los productos de acero Cor-Ten encuentran cada vez m\u00e1s su camino en los jardines de las casas.<\/p>\n<p>En GrillSymbol queremos concienciar a la gente sobre este extraordinario material que durar\u00e1 d\u00e9cadas al aire libre sin ning\u00fan tipo de mantenimiento. Al desarrollar y dise\u00f1ar nuestros productos, nos enfocamos en el medio ambiente para que nuestros productos sean tan atemporales como el material.<\/p>\n<p>En resumen: los elementos oxidados que se ven en un paisaje urbano o en el jard\u00edn de una casa pueden no ser solo piezas de metal sin tratar da\u00f1adas por la corrosi\u00f3n, sino elementos que est\u00e1n dise\u00f1ados para durar mucho tiempo y en todas las condiciones clim\u00e1ticas.[\/vc_column_text][\/vc_column][vc_column width=\u00bb1\/2&#8243;][vc_single_image image=\u00bb8431&#8243;][vc_single_image image=\u00bb8417&#8243;][vc_single_image image=\u00bb8432&#8243;][\/vc_column][\/vc_row]<\/p>\n","protected":false},"excerpt":{"rendered":"<p>[vc_row][vc_column width=\u00bb1\/2&#8243;][vc_column_text]\u00bfQu\u00e9 es el acero resistente a la intemperie? El acero resistente a la intemperie, com\u00fanmente conocido como acero Cor-Ten, se desarroll\u00f3 originalmente para eliminar la necesidad de pintar el acero. En 1933, la United States Steel Corporation desarroll\u00f3 y patent\u00f3 un acero de excepcional resistencia mec\u00e1nica, principalmente para la construcci\u00f3n de vagones b\u00fanker sobre [&hellip;]<\/p>\n","protected":false},"author":1,"featured_media":0,"parent":0,"menu_order":0,"comment_status":"closed","ping_status":"closed","template":"","meta":{"footnotes":""},"class_list":["post-17819","page","type-page","status-publish","hentry"],"_links":{"self":[{"href":"https:\/\/www.grillsymbol.com\/es\/wp-json\/wp\/v2\/pages\/17819","targetHints":{"allow":["GET"]}}],"collection":[{"href":"https:\/\/www.grillsymbol.com\/es\/wp-json\/wp\/v2\/pages"}],"about":[{"href":"https:\/\/www.grillsymbol.com\/es\/wp-json\/wp\/v2\/types\/page"}],"author":[{"embeddable":true,"href":"https:\/\/www.grillsymbol.com\/es\/wp-json\/wp\/v2\/users\/1"}],"replies":[{"embeddable":true,"href":"https:\/\/www.grillsymbol.com\/es\/wp-json\/wp\/v2\/comments?post=17819"}],"version-history":[{"count":0,"href":"https:\/\/www.grillsymbol.com\/es\/wp-json\/wp\/v2\/pages\/17819\/revisions"}],"wp:attachment":[{"href":"https:\/\/www.grillsymbol.com\/es\/wp-json\/wp\/v2\/media?parent=17819"}],"curies":[{"name":"wp","href":"https:\/\/api.w.org\/{rel}","templated":true}]}}