{"id":22514,"date":"2023-12-19T08:51:03","date_gmt":"2023-12-19T08:51:03","guid":{"rendered":"https:\/\/grillsymbol.com\/?page_id=22514"},"modified":"2023-12-19T09:00:06","modified_gmt":"2023-12-19T09:00:06","slug":"cliente-de-negocios","status":"publish","type":"page","link":"https:\/\/www.grillsymbol.com\/es\/cliente-de-negocios\/","title":{"rendered":"Cliente de negocios"},"content":{"rendered":"<p>[vc_row][vc_column width=\u00bb2\/3&#8243;][vc_column_text]<\/p>\n<h6 style=\"margin: 0cm; line-height: 16.8pt; vertical-align: baseline;\"><strong>\u00a1Bienvenido a GrillSymbol como cliente comercial!<\/strong><\/h6>\n<p>&nbsp;<\/p>\n<p>Si quieres realizar un pedido como empresa y obtener un IVA del 0 %, la empresa debe tener un identificador de IVA aprobado para el comercio transfronterizo en la UE. Consulta <span style=\"text-decoration: underline;\"><strong><a href=\"https:\/\/ec.europa.eu\/taxation_customs\/vies\/#\/vat-validation\" target=\"_blank\" rel=\"noopener\">aqu\u00ed<\/a><\/strong><\/span> el NIF de tu empresa.<\/p>\n<p>Para realizar pedidos como empresa cont\u00e1ctenos por correo electr\u00f3nico order@grillsymbol.com. Env\u00edanos los datos de la empresa y direcci\u00f3n de entrega, te responderemos lo antes posible.<\/p>\n<p>Se aplicar\u00e1 un descuento adicional en pedidos superiores a 1500\u20ac (sin IVA)<\/p>\n<p>Tambi\u00e9n producimos macetas\/recipientes para flores en diferentes tama\u00f1os: \u00a1env\u00edanos tu pedido![\/vc_column_text][\/vc_column][vc_column width=\u00bb1\/3&#8243;][vc_single_image image=\u00bb21766&#8243; img_size=\u00bbfull\u00bb][\/vc_column][\/vc_row]<\/p>\n","protected":false},"excerpt":{"rendered":"<p>[vc_row][vc_column width=\u00bb2\/3&#8243;][vc_column_text] \u00a1Bienvenido a GrillSymbol como cliente comercial! &nbsp; Si quieres realizar un pedido como empresa y obtener un IVA del 0 %, la empresa debe tener un identificador de IVA aprobado para el comercio transfronterizo en la UE. Consulta aqu\u00ed el NIF de tu empresa. Para realizar pedidos como empresa cont\u00e1ctenos por correo electr\u00f3nico [&hellip;]<\/p>\n","protected":false},"author":1,"featured_media":21766,"parent":0,"menu_order":0,"comment_status":"closed","ping_status":"closed","template":"","meta":{"footnotes":""},"class_list":["post-22514","page","type-page","status-publish","has-post-thumbnail","hentry"],"_links":{"self":[{"href":"https:\/\/www.grillsymbol.com\/es\/wp-json\/wp\/v2\/pages\/22514","targetHints":{"allow":["GET"]}}],"collection":[{"href":"https:\/\/www.grillsymbol.com\/es\/wp-json\/wp\/v2\/pages"}],"about":[{"href":"https:\/\/www.grillsymbol.com\/es\/wp-json\/wp\/v2\/types\/page"}],"author":[{"embeddable":true,"href":"https:\/\/www.grillsymbol.com\/es\/wp-json\/wp\/v2\/users\/1"}],"replies":[{"embeddable":true,"href":"https:\/\/www.grillsymbol.com\/es\/wp-json\/wp\/v2\/comments?post=22514"}],"version-history":[{"count":0,"href":"https:\/\/www.grillsymbol.com\/es\/wp-json\/wp\/v2\/pages\/22514\/revisions"}],"wp:featuredmedia":[{"embeddable":true,"href":"https:\/\/www.grillsymbol.com\/es\/wp-json\/wp\/v2\/media\/21766"}],"wp:attachment":[{"href":"https:\/\/www.grillsymbol.com\/es\/wp-json\/wp\/v2\/media?parent=22514"}],"curies":[{"name":"wp","href":"https:\/\/api.w.org\/{rel}","templated":true}]}}