{"id":8436,"date":"2020-04-23T11:18:26","date_gmt":"2020-04-23T11:18:26","guid":{"rendered":"https:\/\/www.grillsymbol.com\/cor-ten-steel-products-seasoning-instructions\/"},"modified":"2024-01-23T09:54:34","modified_gmt":"2024-01-23T09:54:34","slug":"instrucciones-para-productos-cor-ten","status":"publish","type":"page","link":"https:\/\/www.grillsymbol.com\/es\/instructions\/instrucciones-para-productos-cor-ten\/","title":{"rendered":"Instrucciones para productos Cor-Ten"},"content":{"rendered":"<p>[vc_row][vc_column][vc_column_text]\u00bfRecibi\u00f3 el producto GrillSymbol o Petteri Wiimaa y no se parece al de la imagen? No se preocupe, a continuaci\u00f3n le sugerimos c\u00f3mo procesar el acero Cor-Ten para que se vea como en las im\u00e1genes.<\/p>\n<p>&nbsp;<\/p>\n<p><strong style=\"font-style: inherit;\">\u00bfQu\u00e9 es el acero resistente a la intemperie?<\/strong><\/p>\n<p>Los aceros resistentes a la intemperie son Cor-Ten y S355JOWP. Ambos son aceros estructurales de alta resistencia con una excepcional resistencia a la intemperie. La composici\u00f3n qu\u00edmica del acero permite crear una capa de p\u00e1tina que cubre el producto sin cambiar las propiedades mec\u00e1nicas del acero. Esta capa de \u00f3xido natural no s\u00f3lo protege los productos de acero de las inclemencias del tiempo, sino que tambi\u00e9n proporciona un acabado llamativo \u00fanico. Debido a su longevidad, el acero resistente a la intemperie es m\u00e1s respetuoso con el medio ambiente que el acero convencional. Los productos de acero resistentes a la intemperie pueden permanecer en el exterior durante todo el a\u00f1o.<\/p>\n<p>&nbsp;<\/p>\n<p><strong>\u00bfC\u00f3mo trabajarlo?<\/strong><\/p>\n<p>Cuando son nuevos, Cor-Ten y S355JOWP son de color gris como el acero al carbono normal. Debido al clima, inicialmente se vuelve de color marr\u00f3n rojizo y se oscurece con el tiempo. La p\u00e1tina marr\u00f3n rojiza es una capa protectora natural similar al \u00f3xido que previene una mayor corrosi\u00f3n y prolonga la vida \u00fatil del producto. Cuando el acero desgastado recibe humedad, se vuelve m\u00e1s grueso con una capa de \u00f3xido, a diferencia del acero al carbono normal, que se adelgaza con el \u00f3xido.<\/p>\n<p>&nbsp;<\/p>\n<p><u>Hay dos formas de envejecer la superficie: el proceso de oxidaci\u00f3n normal o la versi\u00f3n r\u00e1pida.<\/u><\/p>\n<p><strong style=\"font-style: inherit;\">El proceso normal<\/strong>\u00a0es simple: Deje fuera el producto de acero Cor-Ten la lluvia y la humedad causar\u00e1n oxidaci\u00f3n. Las superficies met\u00e1licas se han limpiado con disolvente, lo que significa que la superficie est\u00e1 lista para oxidarse. Dependiendo de las condiciones, el \u00f3xido aparecer\u00e1 despu\u00e9s de 1 a 3 semanas. El proceso de oxidaci\u00f3n natural del acero Cor-Ten tarda entre 3 y 5 meses, dependiendo de las condiciones clim\u00e1ticas y del clima del lugar. El producto se puede pulverizar con agua para acelerar el proceso.<\/p>\n<p><strong style=\"font-style: inherit;\">El proceso r\u00e1pido<\/strong>\u00a0(\u00a1NB! Solo bajo su responsabilidad) significa rociar soluci\u00f3n salina sobre superficies met\u00e1licas. Necesitas repetir esto 5-6 veces. La suspensi\u00f3n debe diluirse, aproximadamente 1 cucharadita de sal por litro de agua. Disuelva la sal en agua tibia y pulveriza. No se requiere ning\u00fan otro tratamiento, la lluvia lava la sal con el tiempo. Despu\u00e9s de ser rociado con agua salada, el producto a procesar no debe permanecer en condiciones secas como interiores o bajo techo, sino que debe enjuagarse repetidamente ya sea mediante lluvia o aspersi\u00f3n.<\/p>\n<p>Acero Cor-Ten y manchas: Al formarse una capa de \u00f3xido, el producto libera \u00f3xido en el primer a\u00f1o. Si coloca un producto de acero Cor-Ten en una terraza de madera, se formar\u00e1n manchas en la superficie del producto. Cuando mueva el producto, puede limpiar el \u00e1rea debajo del producto con un cepillo de metal. Algunos tipos de piedra absorben todas las manchas y el acero Cor-Ten puede dar a las piedras un color marr\u00f3n, que puede ser dif\u00edcil de quitar. Despu\u00e9s del primer a\u00f1o, el acero Cor-Ten ha alcanzado su capa de \u00f3xido y mancha muy poco. El fabricante no se hace responsable de la eliminaci\u00f3n de caracter\u00edsticas (por ejemplo, posibles manchas de \u00f3xido) debido a las caracter\u00edsticas espec\u00edficas del material del producto. Para minimizar la suciedad, las macetas y contenedores con fondo se apoyan sobre cabezas de pernos M6-M10 con una altura de 6-10 mm, seg\u00fan el modelo. Esta soluci\u00f3n crea un espacio de aire entre el producto y el sustrato (liso), lo que prolonga la vida \u00fatil del producto y salva el sustrato.<\/p>\n<p>Si desea utilizar productos GrillSymbol o Petteri Wiimaa en interiores o ralentizar el proceso de oxidaci\u00f3n, se recomienda utilizar aceite contra la oxidaci\u00f3n Owatrol 732SK.<\/p>\n<p>Macetas y jardineras con tierra durante todo el a\u00f1o: para el drenaje recomendamos poner en el fondo una capa de grava ligera de unos 10-20 mm de espesor de unos 10 cm. El fabricante no recomienda instalar macetas directamente sobre el suelo o el c\u00e9sped, porque el exceso de humedad y el contacto directo con el sustrato pueden provocar una capa desigual de \u00f3xido.[\/vc_column_text][\/vc_column][\/vc_row]<\/p>\n","protected":false},"excerpt":{"rendered":"<p>[vc_row][vc_column][vc_column_text]\u00bfRecibi\u00f3 el producto GrillSymbol o Petteri Wiimaa y no se parece al de la imagen? No se preocupe, a continuaci\u00f3n le sugerimos c\u00f3mo procesar el acero Cor-Ten para que se vea como en las im\u00e1genes. &nbsp; \u00bfQu\u00e9 es el acero resistente a la intemperie? Los aceros resistentes a la intemperie son Cor-Ten y S355JOWP. Ambos [&hellip;]<\/p>\n","protected":false},"author":1,"featured_media":0,"parent":8505,"menu_order":0,"comment_status":"closed","ping_status":"closed","template":"","meta":{"footnotes":""},"class_list":["post-8436","page","type-page","status-publish","hentry"],"_links":{"self":[{"href":"https:\/\/www.grillsymbol.com\/es\/wp-json\/wp\/v2\/pages\/8436","targetHints":{"allow":["GET"]}}],"collection":[{"href":"https:\/\/www.grillsymbol.com\/es\/wp-json\/wp\/v2\/pages"}],"about":[{"href":"https:\/\/www.grillsymbol.com\/es\/wp-json\/wp\/v2\/types\/page"}],"author":[{"embeddable":true,"href":"https:\/\/www.grillsymbol.com\/es\/wp-json\/wp\/v2\/users\/1"}],"replies":[{"embeddable":true,"href":"https:\/\/www.grillsymbol.com\/es\/wp-json\/wp\/v2\/comments?post=8436"}],"version-history":[{"count":0,"href":"https:\/\/www.grillsymbol.com\/es\/wp-json\/wp\/v2\/pages\/8436\/revisions"}],"up":[{"embeddable":true,"href":"https:\/\/www.grillsymbol.com\/es\/wp-json\/wp\/v2\/pages\/8505"}],"wp:attachment":[{"href":"https:\/\/www.grillsymbol.com\/es\/wp-json\/wp\/v2\/media?parent=8436"}],"curies":[{"name":"wp","href":"https:\/\/api.w.org\/{rel}","templated":true}]}}