{"id":8453,"date":"2017-05-16T10:01:40","date_gmt":"2017-05-16T10:01:40","guid":{"rendered":"https:\/\/www.grillsymbol.com\/buy-a-franchise\/"},"modified":"2021-02-04T07:38:08","modified_gmt":"2021-02-04T07:38:08","slug":"franquicia","status":"publish","type":"page","link":"https:\/\/www.grillsymbol.com\/es\/franquicia\/","title":{"rendered":"Franquicia"},"content":{"rendered":"<p>[vc_row][vc_column width=\u00bb1\/2&#8243;][vc_column_text]Se puede comprar la franquicia de GrillSymbol en todos los pa\u00edses de la UE, excepto Suecia, Finlandia, Estonia y Polonia. Por otra parte, todav\u00eda estamos abiertos a la cooperaci\u00f3n con Estados Unidos, Canad\u00e1, Rusia, Suiza, Noruega e Islandia. Para solicitar una licencia env\u00edenos su aplicaci\u00f3n a trav\u00e9s de la p\u00e1gina de contacto o correo electr\u00f3nico info@grillsymbol.com<\/p>\n<p><img decoding=\"async\" src=\"https:\/\/www.grillsymbol.com\/wp-content\/uploads\/2015\/01\/mess-2013-malm%C3%B6-1-e1493798741377.jpg\" \/>[\/vc_column_text][\/vc_column][vc_column width=\u00bb1\/2&#8243;]\n<div class=\"wpcf7 no-js\" id=\"wpcf7-f1828-o1\" lang=\"en-US\" dir=\"ltr\">\n<div class=\"screen-reader-response\"><p role=\"status\" aria-live=\"polite\" aria-atomic=\"true\"><\/p> <ul><\/ul><\/div>\n<form action=\"\/es\/wp-json\/wp\/v2\/pages\/8453#wpcf7-f1828-o1\" method=\"post\" class=\"wpcf7-form init\" aria-label=\"Contact form\" novalidate=\"novalidate\" data-status=\"init\">\n<div style=\"display: none;\">\n<input type=\"hidden\" name=\"_wpcf7\" value=\"1828\" \/>\n<input type=\"hidden\" name=\"_wpcf7_version\" value=\"5.9.6\" \/>\n<input type=\"hidden\" name=\"_wpcf7_locale\" value=\"en_US\" \/>\n<input type=\"hidden\" name=\"_wpcf7_unit_tag\" value=\"wpcf7-f1828-o1\" \/>\n<input type=\"hidden\" name=\"_wpcf7_container_post\" value=\"0\" \/>\n<input type=\"hidden\" name=\"_wpcf7_posted_data_hash\" value=\"\" \/>\n<\/div>\n<div class=\"csfield half-field\">\n\t<div>\n\t\t<p><span class=\"wpcf7-form-control-wrap\" data-name=\"your-name\"><input size=\"40\" maxlength=\"80\" class=\"wpcf7-form-control wpcf7-text wpcf7-validates-as-required\" aria-required=\"true\" aria-invalid=\"false\" placeholder=\"Name*\" value=\"\" type=\"text\" name=\"your-name\" \/><\/span>\n\t\t<\/p>\n\t<\/div>\n<\/div>\n<div class=\"csfield half-field\">\n\t<div>\n\t\t<p><span class=\"wpcf7-form-control-wrap\" data-name=\"your-email\"><input size=\"40\" maxlength=\"80\" class=\"wpcf7-form-control wpcf7-email wpcf7-validates-as-required wpcf7-text wpcf7-validates-as-email\" aria-required=\"true\" aria-invalid=\"false\" placeholder=\"Email*\" value=\"\" type=\"email\" name=\"your-email\" \/><\/span>\n\t\t<\/p>\n\t<\/div>\n<\/div>\n<div class=\"csfield half-field\">\n\t<div>\n\t\t<p><span class=\"wpcf7-form-control-wrap\" data-name=\"tel-137\"><input size=\"40\" maxlength=\"80\" class=\"wpcf7-form-control wpcf7-tel wpcf7-text wpcf7-validates-as-tel\" aria-invalid=\"false\" placeholder=\"Phone\" value=\"\" type=\"tel\" name=\"tel-137\" \/><\/span>\n\t\t<\/p>\n\t<\/div>\n<\/div>\n<div class=\"csfield half-field\">\n\t<div>\n\t\t<p><span class=\"wpcf7-form-control-wrap\" data-name=\"select-topic\"><select class=\"wpcf7-form-control wpcf7-select wpcf7-validates-as-required\" aria-required=\"true\" aria-invalid=\"false\" name=\"select-topic\"><option value=\"select a option\">select a option<\/option><option value=\"Question about a product\">Question about a product<\/option><option value=\"Invoice for a company\">Invoice for a company<\/option><option value=\"Warranty\/maintenance\">Warranty\/maintenance<\/option><option value=\"I wish to become a distributor\">I wish to become a distributor<\/option><option value=\"I wish to buy a franchise\">I wish to buy a franchise<\/option><option value=\"Other\">Other<\/option><\/select><\/span>\n\t\t<\/p>\n\t<\/div>\n<\/div>\n<div class=\"csfield full-field\">\n\t<div>\n\t\t<p><span class=\"wpcf7-form-control-wrap\" data-name=\"your-message\"><textarea cols=\"40\" rows=\"10\" maxlength=\"400\" class=\"wpcf7-form-control wpcf7-textarea\" aria-invalid=\"false\" placeholder=\"Message\" name=\"your-message\"><\/textarea><\/span>\n\t\t<\/p>\n\t<\/div>\n<\/div>\n<div class=\"csfield message-wrap\">\n\t<div>\n\t\t<p><input class=\"wpcf7-form-control wpcf7-submit has-spinner\" type=\"submit\" value=\"Send Message\" \/>\n\t\t<\/p>\n\t<\/div>\n<\/div><input type=\"hidden\" id=\"ct_checkjs_cf7_a01a0380ca3c61428c26a231f0e49a09\" name=\"ct_checkjs_cf7\" value=\"0\" \/><label class=\"apbct_special_field\" id=\"apbct_label_id19224\" for=\"apbct__email_id__wp_contact_form_7_19224\">19224<\/label><input \n        id=\"apbct__email_id__wp_contact_form_7_19224\" \n        class=\"apbct_special_field apbct__email_id__wp_contact_form_7\"\n        autocomplete=\"off\" \n        name=\"apbct__email_id__wp_contact_form_7_19224\"  \n        type=\"text\" \n        value=\"19224\" \n        size=\"30\" \n        apbct_event_id=\"19224\"\n        maxlength=\"200\" \n    \/><input \n        id=\"apbct_event_id\"\n        class=\"apbct_special_field\"\n        name=\"apbct_event_id\"\n        type=\"hidden\" \n        value=\"19224\" \n            \/><input type='hidden' class='wpcf7-pum' value='{\"closepopup\":false,\"closedelay\":0,\"openpopup\":false,\"openpopup_id\":0}' \/><div class=\"wpcf7-response-output\" aria-hidden=\"true\"><\/div>\n<\/form>\n<\/div>\n[\/vc_column][\/vc_row]<\/p>\n","protected":false},"excerpt":{"rendered":"<p>[vc_row][vc_column width=\u00bb1\/2&#8243;][vc_column_text]Se puede comprar la franquicia de GrillSymbol en todos los pa\u00edses de la UE, excepto Suecia, Finlandia, Estonia y Polonia. Por otra parte, todav\u00eda estamos abiertos a la cooperaci\u00f3n con Estados Unidos, Canad\u00e1, Rusia, Suiza, Noruega e Islandia. Para solicitar una licencia env\u00edenos su aplicaci\u00f3n a trav\u00e9s de la p\u00e1gina de contacto o correo [&hellip;]<\/p>\n","protected":false},"author":1,"featured_media":0,"parent":0,"menu_order":0,"comment_status":"closed","ping_status":"closed","template":"","meta":{"footnotes":""},"class_list":["post-8453","page","type-page","status-publish","hentry"],"_links":{"self":[{"href":"https:\/\/www.grillsymbol.com\/es\/wp-json\/wp\/v2\/pages\/8453","targetHints":{"allow":["GET"]}}],"collection":[{"href":"https:\/\/www.grillsymbol.com\/es\/wp-json\/wp\/v2\/pages"}],"about":[{"href":"https:\/\/www.grillsymbol.com\/es\/wp-json\/wp\/v2\/types\/page"}],"author":[{"embeddable":true,"href":"https:\/\/www.grillsymbol.com\/es\/wp-json\/wp\/v2\/users\/1"}],"replies":[{"embeddable":true,"href":"https:\/\/www.grillsymbol.com\/es\/wp-json\/wp\/v2\/comments?post=8453"}],"version-history":[{"count":0,"href":"https:\/\/www.grillsymbol.com\/es\/wp-json\/wp\/v2\/pages\/8453\/revisions"}],"wp:attachment":[{"href":"https:\/\/www.grillsymbol.com\/es\/wp-json\/wp\/v2\/media?parent=8453"}],"curies":[{"name":"wp","href":"https:\/\/api.w.org\/{rel}","templated":true}]}}