{"id":8460,"date":"2017-05-16T09:55:22","date_gmt":"2017-05-16T09:55:22","guid":{"rendered":"https:\/\/www.grillsymbol.com\/become-a-reseller\/"},"modified":"2024-03-27T12:52:53","modified_gmt":"2024-03-27T12:52:53","slug":"quieres-ser-distribuidor","status":"publish","type":"page","link":"https:\/\/www.grillsymbol.com\/es\/quieres-ser-distribuidor\/","title":{"rendered":"\u00bfQuieres ser distribuidor?"},"content":{"rendered":"<p>[vc_row disable_element=\u00bbyes\u00bb][vc_column width=\u00bb1\/2&#8243;][vc_column_text]Si usted est\u00e1 interesado en la venta de nuestros productos, tiene una tienda o tienda online, o simplemente un gran deseo de hacerlo, estaremos encantados de cooperar. Para eso env\u00edenos una breve descripci\u00f3n de su idea a trav\u00e9s de nuestra p\u00e1gina web y vamos a ponernos en contacto con usted.<\/p>\n<p><img decoding=\"async\" src=\"https:\/\/www.grillsymbol.com\/wp-content\/uploads\/2015\/01\/henryk-jukka-large.jpg\" \/>[\/vc_column_text][\/vc_column][vc_column width=\u00bb1\/2&#8243;]\n<div class=\"wpcf7 no-js\" id=\"wpcf7-f1828-o1\" lang=\"en-US\" dir=\"ltr\">\n<div class=\"screen-reader-response\"><p role=\"status\" aria-live=\"polite\" aria-atomic=\"true\"><\/p> <ul><\/ul><\/div>\n<form action=\"\/es\/wp-json\/wp\/v2\/pages\/8460#wpcf7-f1828-o1\" method=\"post\" class=\"wpcf7-form init\" aria-label=\"Contact form\" novalidate=\"novalidate\" data-status=\"init\">\n<div style=\"display: none;\">\n<input type=\"hidden\" name=\"_wpcf7\" value=\"1828\" \/>\n<input type=\"hidden\" name=\"_wpcf7_version\" value=\"5.9.6\" \/>\n<input type=\"hidden\" name=\"_wpcf7_locale\" value=\"en_US\" \/>\n<input type=\"hidden\" name=\"_wpcf7_unit_tag\" value=\"wpcf7-f1828-o1\" \/>\n<input type=\"hidden\" name=\"_wpcf7_container_post\" value=\"0\" \/>\n<input type=\"hidden\" name=\"_wpcf7_posted_data_hash\" value=\"\" \/>\n<\/div>\n<div class=\"csfield half-field\">\n\t<div>\n\t\t<p><span class=\"wpcf7-form-control-wrap\" data-name=\"your-name\"><input size=\"40\" maxlength=\"80\" class=\"wpcf7-form-control wpcf7-text wpcf7-validates-as-required\" aria-required=\"true\" aria-invalid=\"false\" placeholder=\"Name*\" value=\"\" type=\"text\" name=\"your-name\" \/><\/span>\n\t\t<\/p>\n\t<\/div>\n<\/div>\n<div class=\"csfield half-field\">\n\t<div>\n\t\t<p><span class=\"wpcf7-form-control-wrap\" data-name=\"your-email\"><input size=\"40\" maxlength=\"80\" class=\"wpcf7-form-control wpcf7-email wpcf7-validates-as-required wpcf7-text wpcf7-validates-as-email\" aria-required=\"true\" aria-invalid=\"false\" placeholder=\"Email*\" value=\"\" type=\"email\" name=\"your-email\" \/><\/span>\n\t\t<\/p>\n\t<\/div>\n<\/div>\n<div class=\"csfield half-field\">\n\t<div>\n\t\t<p><span class=\"wpcf7-form-control-wrap\" data-name=\"tel-137\"><input size=\"40\" maxlength=\"80\" class=\"wpcf7-form-control wpcf7-tel wpcf7-text wpcf7-validates-as-tel\" aria-invalid=\"false\" placeholder=\"Phone\" value=\"\" type=\"tel\" name=\"tel-137\" \/><\/span>\n\t\t<\/p>\n\t<\/div>\n<\/div>\n<div class=\"csfield half-field\">\n\t<div>\n\t\t<p><span class=\"wpcf7-form-control-wrap\" data-name=\"select-topic\"><select class=\"wpcf7-form-control wpcf7-select wpcf7-validates-as-required\" aria-required=\"true\" aria-invalid=\"false\" name=\"select-topic\"><option value=\"select a option\">select a option<\/option><option value=\"Question about a product\">Question about a product<\/option><option value=\"Invoice for a company\">Invoice for a company<\/option><option value=\"Warranty\/maintenance\">Warranty\/maintenance<\/option><option value=\"I wish to become a distributor\">I wish to become a distributor<\/option><option value=\"I wish to buy a franchise\">I wish to buy a franchise<\/option><option value=\"Other\">Other<\/option><\/select><\/span>\n\t\t<\/p>\n\t<\/div>\n<\/div>\n<div class=\"csfield full-field\">\n\t<div>\n\t\t<p><span class=\"wpcf7-form-control-wrap\" data-name=\"your-message\"><textarea cols=\"40\" rows=\"10\" maxlength=\"400\" class=\"wpcf7-form-control wpcf7-textarea\" aria-invalid=\"false\" placeholder=\"Message\" name=\"your-message\"><\/textarea><\/span>\n\t\t<\/p>\n\t<\/div>\n<\/div>\n<div class=\"csfield message-wrap\">\n\t<div>\n\t\t<p><input class=\"wpcf7-form-control wpcf7-submit has-spinner\" type=\"submit\" value=\"Send Message\" \/>\n\t\t<\/p>\n\t<\/div>\n<\/div><input type=\"hidden\" id=\"ct_checkjs_cf7_b4a528955b84f584974e92d025a75d1f\" name=\"ct_checkjs_cf7\" value=\"0\" \/><label class=\"apbct_special_field\" id=\"apbct_label_id18994\" for=\"apbct__email_id__wp_contact_form_7_18994\">18994<\/label><input \n        id=\"apbct__email_id__wp_contact_form_7_18994\" \n        class=\"apbct_special_field apbct__email_id__wp_contact_form_7\"\n        autocomplete=\"off\" \n        name=\"apbct__email_id__wp_contact_form_7_18994\"  \n        type=\"text\" \n        value=\"18994\" \n        size=\"30\" \n        apbct_event_id=\"18994\"\n        maxlength=\"200\" \n    \/><input \n        id=\"apbct_event_id\"\n        class=\"apbct_special_field\"\n        name=\"apbct_event_id\"\n        type=\"hidden\" \n        value=\"18994\" \n            \/><input type='hidden' class='wpcf7-pum' value='{\"closepopup\":false,\"closedelay\":0,\"openpopup\":false,\"openpopup_id\":0}' \/><div class=\"wpcf7-response-output\" aria-hidden=\"true\"><\/div>\n<\/form>\n<\/div>\n[\/vc_column][\/vc_row][vc_row][vc_column][vc_column_text]<div class=\"bad-section\">\r\n\t\t\t<div class=\"bad-container\">\r\n\t\t\t\t<h2>Convi\u00e9rtete en distribuidor<\/h2>\r\n\t\t\t\t<div class=\"bad-row\">\r\n\t\t\t\t\t<div class=\"bad-box\">\r\n\t\t\t\t\t\t<div class=\"bad-box-3\">\r\n\t\t\t\t\t\t\t<div class=\"box-img dd\">\r\n\t\t\t\t\t\t\t\t<img decoding=\"async\" src=\"https:\/\/www.grillsymbol.com\/wp-content\/themes\/handystore-child\/img\/DiamondDealer.png\">\r\n\t\t\t\t\t\t\t\t<span>Diamond Dealer<\/span>\r\n\t\t\t\t\t\t\t<\/div>\r\n\t\t\t\t\t\t\t<h5>Authorized Diamond Dealer<\/h5>\r\n\t\t\t\t\t\t\t<ul>\r\n\t\t\t\t\t\t\t\t<li>Contrato de franquicia. Derecho de representaci\u00f3n de todo el surtido y proyectos especiales en el mercado objetivo.<\/li>\r\n                                <li>Venta al por menor y al por mayor en el showroom y en la tienda electr\u00f3nica oficial del mercado objetivo de GrillSymbol<\/li>\r\n                                <li>Env\u00edo gratuito en compras al por mayor. Dropshipping r\u00e1pido y parcialmente gratuito.<\/li>\r\n                                <li>Soporte para campa\u00f1as de venta.<\/li>\r\n                                <li>Apoyo en las ferias de muestra y exposiciones.<\/li>                         \r\n\t\t\t\t\t\t\t<\/ul>\r\n                            <br>\r\n                            <p>* Pregunta para condiciones adicionales<\/p>\r\n\t\t\t\t\t\t<\/div>\r\n\t\t\t\t\t\t<div class=\"bad-box-3\">\r\n\t\t\t\t\t\t\t<div class=\"box-img pd\">\r\n\t\t\t\t\t\t\t\t<img decoding=\"async\" src=\"https:\/\/www.grillsymbol.com\/wp-content\/themes\/handystore-child\/img\/GoldDealer.png\">\r\n\t\t\t\t\t\t\t\t<span>Platinum Dealer<\/span>\r\n\t\t\t\t\t\t\t<\/div>\r\n\t\t\t\t\t\t\t<h5>Authorized Platinum Dealer<\/h5>\r\n\t\t\t\t\t\t\t<ul>\r\n\t\t\t\t\t\t\t\t<li>Derecho a representar todo el surtido en el mercado objetivo.<\/li>\r\n                                <li>Venta en showrooms \/ tienda \/ tienda en l\u00ednea del distribuidor<\/li>\r\n                                <li>Env\u00edo gratuito en compras al por mayor. Dropshipping r\u00e1pido y parcialmente gratuito.<\/li>\r\n                                <li>Soporte para campa\u00f1as de venta.<\/li>\r\n                                <li>Apoyo en las ferias de muestra y exposiciones.<\/li>\r\n\t\t\t\t\t\t\t<\/ul>\r\n\t\t\t\t\t\t<\/div>\r\n\t\t\t\t\t\t<div class=\"bad-box-3\">\r\n\t\t\t\t\t\t\t<div class=\"box-img gd\">\r\n\t\t\t\t\t\t\t\t<img decoding=\"async\" src=\"https:\/\/www.grillsymbol.com\/wp-content\/themes\/handystore-child\/img\/PlatinumDealer.png\">\r\n\t\t\t\t\t\t\t\t<span>Gold Dealer<\/span>\r\n\t\t\t\t\t\t\t<\/div>\r\n\t\t\t\t\t\t\t<h5>Authorized Gold e-Dealer<\/h5>\r\n\t\t\t\t\t\t\t<ul>\r\n\t\t\t\t\t\t\t\t<li>Derechos de representaci\u00f3n para un surtido de 150-200 productos en el mercado objetivo.<\/li>\r\n                                <li>Ventas a trav\u00e9s de la tienda electr\u00f3nica del distribuidor.<\/li>\r\n                                <li>Dropshipping r\u00e1pido y gratuito*<\/li>\r\n                                <li>Soporte para campa\u00f1as de venta.<\/li>\r\n\t\t\t\t\t\t\t<\/ul>\r\n\t\t\t\t\t\t<\/div>\r\n\t\t\t\t\t\t<div class=\"bad-box-3\">\r\n\t\t\t\t\t\t\t<div class=\"box-img sd\">\r\n\t\t\t\t\t\t\t\t<img decoding=\"async\" src=\"https:\/\/www.grillsymbol.com\/wp-content\/themes\/handystore-child\/img\/SilverDealer.png\">\r\n\t\t\t\t\t\t\t\t<span>Silver Dealer<\/span>\r\n\t\t\t\t\t\t\t<\/div>\r\n\t\t\t\t\t\t\t<h5>Authorized Silver Dealer<\/h5>\r\n\t\t\t\t\t\t\t<ul>\r\n\t\t\t\t\t\t\t\t<li>Derechos de representaci\u00f3n de entre 10 y 50 productos en el mercado objetivo.<\/li>\r\n                                <li>Ventas a trav\u00e9s de la tienda electr\u00f3nica del distribuidor.<\/li>\r\n                                <li>Dropshipping r\u00e1pido y parcialmente gratuito<\/li>\r\n                                <li>Soporte para campa\u00f1as de venta.<\/li>\r\n\t\t\t\t\t\t\t<\/ul>\r\n\t\t\t\t\t\t<\/div>\r\n\t\t\t\t\t<\/div>\r\n\t\t\t\t<\/div>\r\n\t\t\t<\/div>\r\n\t\t\t<div class=\"finddealer\">\r\n\t\t\t<a href=\"https:\/\/www.grillsymbol.se\/hitta-aterforsaljare\/\">Find A Dealer<\/a>\r\n\t\t\t<ul>\r\n\t\t\t<li><img decoding=\"async\" src=\"https:\/\/www.grillsymbol.com\/wp-content\/themes\/handystore-child\/img\/flag1.png\" \/><\/li>\r\n\t\t\t<li><img decoding=\"async\" src=\"https:\/\/www.grillsymbol.com\/wp-content\/themes\/handystore-child\/img\/flag3.png\" \/><\/li>\r\n\t\t\t<li><img decoding=\"async\" src=\"https:\/\/www.grillsymbol.com\/wp-content\/themes\/handystore-child\/img\/flag2.png\" \/><\/li>\r\n\t\t\t<li><img decoding=\"async\" src=\"https:\/\/www.grillsymbol.com\/wp-content\/themes\/handystore-child\/img\/flag4.png\" \/><\/li>\r\n\t\t\t<li><img decoding=\"async\" src=\"https:\/\/www.grillsymbol.com\/wp-content\/themes\/handystore-child\/img\/flag5.png\" \/><\/li>\r\n\t\t\t<li><img decoding=\"async\" src=\"https:\/\/www.grillsymbol.com\/wp-content\/themes\/handystore-child\/img\/flag7.jpg\" \/><\/li>\r\n\r\n\t\t\t<\/ul>\r\n\t\t\t<\/div>\r\n\t\t<\/div>[\/vc_column_text][\/vc_column][\/vc_row][vc_row el_class=\u00bbcontact-row\u00bb][vc_column][vc_column_text]<\/p>\n<h3 style=\"text-align: center;\">Si tiene alguna pregunta o sugerencia, no dude en contactarnos.<\/h3>\n<p>[\/vc_column_text][vc_row_inner][vc_column_inner width=\u00bb2\/3&#8243;][vc_column_text]\n<div class=\"wpcf7 no-js\" id=\"wpcf7-f16964-o2\" lang=\"en-US\" dir=\"ltr\">\n<div class=\"screen-reader-response\"><p role=\"status\" aria-live=\"polite\" aria-atomic=\"true\"><\/p> <ul><\/ul><\/div>\n<form action=\"\/es\/wp-json\/wp\/v2\/pages\/8460#wpcf7-f16964-o2\" method=\"post\" class=\"wpcf7-form init\" aria-label=\"Contact form\" novalidate=\"novalidate\" data-status=\"init\">\n<div style=\"display: none;\">\n<input type=\"hidden\" name=\"_wpcf7\" value=\"16964\" \/>\n<input type=\"hidden\" name=\"_wpcf7_version\" value=\"5.9.6\" \/>\n<input type=\"hidden\" name=\"_wpcf7_locale\" value=\"en_US\" \/>\n<input type=\"hidden\" name=\"_wpcf7_unit_tag\" value=\"wpcf7-f16964-o2\" \/>\n<input type=\"hidden\" name=\"_wpcf7_container_post\" value=\"0\" \/>\n<input type=\"hidden\" name=\"_wpcf7_posted_data_hash\" value=\"\" \/>\n<\/div>\n<div class=\"csfield half-field\">\n\t<div>\n\t\t<p><span class=\"wpcf7-form-control-wrap\" data-name=\"your-name\"><input size=\"40\" maxlength=\"80\" class=\"wpcf7-form-control wpcf7-text wpcf7-validates-as-required\" aria-required=\"true\" aria-invalid=\"false\" placeholder=\"Nombre*\" value=\"\" type=\"text\" name=\"your-name\" \/><\/span>\n\t\t<\/p>\n\t<\/div>\n<\/div>\n<div class=\"csfield half-field\">\n\t<div>\n\t\t<p><span class=\"wpcf7-form-control-wrap\" data-name=\"your-email\"><input size=\"40\" maxlength=\"80\" class=\"wpcf7-form-control wpcf7-email wpcf7-validates-as-required wpcf7-text wpcf7-validates-as-email\" aria-required=\"true\" aria-invalid=\"false\" placeholder=\"Correo electr\u00f3nico*\" value=\"\" type=\"email\" name=\"your-email\" \/><\/span>\n\t\t<\/p>\n\t<\/div>\n<\/div>\n<div class=\"csfield half-field\">\n\t<div>\n\t\t<p><span class=\"wpcf7-form-control-wrap\" data-name=\"tel-137\"><input size=\"40\" maxlength=\"80\" class=\"wpcf7-form-control wpcf7-tel wpcf7-text wpcf7-validates-as-tel\" aria-invalid=\"false\" placeholder=\"N\u00famero de tel\u00e9fono\" value=\"\" type=\"tel\" name=\"tel-137\" \/><\/span>\n\t\t<\/p>\n\t<\/div>\n<\/div>\n<div class=\"csfield half-field\">\n\t<div>\n\t\t<p><span class=\"wpcf7-form-control-wrap\" data-name=\"select-topic\"><select class=\"wpcf7-form-control wpcf7-select wpcf7-validates-as-required\" aria-required=\"true\" aria-invalid=\"false\" name=\"select-topic\"><option value=\"Seleccione una opci\u00f3n\">Seleccione una opci\u00f3n<\/option><option value=\"Pregunta sobre un producto\">Pregunta sobre un producto<\/option><option value=\"factura de una empresa\">factura de una empresa<\/option><option value=\"Garant\u00eda\/mantenimiento\">Garant\u00eda\/mantenimiento<\/option><option value=\"deseo ser distribuidor\">deseo ser distribuidor<\/option><option value=\"deseo comprar una franquicia\">deseo comprar una franquicia<\/option><option value=\"Otro\">Otro<\/option><\/select><\/span>\n\t\t<\/p>\n\t<\/div>\n<\/div>\n<div class=\"csfield full-field\">\n\t<div>\n\t\t<p><span class=\"wpcf7-form-control-wrap\" data-name=\"your-message\"><textarea cols=\"40\" rows=\"10\" maxlength=\"400\" class=\"wpcf7-form-control wpcf7-textarea\" aria-invalid=\"false\" placeholder=\"Mensaje\" name=\"your-message\"><\/textarea><\/span>\n\t\t<\/p>\n\t<\/div>\n<\/div>\n<div class=\"csfield message-wrap\">\n\t<div>\n\t\t<p><input class=\"wpcf7-form-control wpcf7-submit has-spinner\" type=\"submit\" value=\"Env\u00eda un mensaje\" \/>\n\t\t<\/p>\n\t<\/div>\n<\/div><input type=\"hidden\" id=\"ct_checkjs_cf7_c45147dee729311ef5b5c3003946c48f\" name=\"ct_checkjs_cf7\" value=\"0\" \/><label class=\"apbct_special_field\" id=\"apbct_label_id3696\" for=\"apbct__email_id__wp_contact_form_7_3696\">3696<\/label><input \n        id=\"apbct__email_id__wp_contact_form_7_3696\" \n        class=\"apbct_special_field apbct__email_id__wp_contact_form_7\"\n        autocomplete=\"off\" \n        name=\"apbct__email_id__wp_contact_form_7_3696\"  \n        type=\"text\" \n        value=\"3696\" \n        size=\"30\" \n        apbct_event_id=\"3696\"\n        maxlength=\"200\" \n    \/><input \n        id=\"apbct_event_id\"\n        class=\"apbct_special_field\"\n        name=\"apbct_event_id\"\n        type=\"hidden\" \n        value=\"3696\" \n            \/><input type='hidden' class='wpcf7-pum' value='{\"closepopup\":false,\"closedelay\":0,\"openpopup\":false,\"openpopup_id\":0}' \/><div class=\"wpcf7-response-output\" aria-hidden=\"true\"><\/div>\n<\/form>\n<\/div>\n[\/vc_column_text][\/vc_column_inner][vc_column_inner el_class=\u00bbgray-box\u00bb width=\u00bb1\/3&#8243; css=\u00bb.vc_custom_1711541832775{background-color: #4f4f4f !important;}\u00bb][vc_column_text]<\/p>\n<div class=\"contact-boxdetail\">\n<p><img loading=\"lazy\" decoding=\"async\" class=\"alignnone size-full wp-image-518\" src=\"https:\/\/www.grillsymbol.co.uk\/wp-content\/uploads\/sites\/2\/2021\/02\/imgpsh_fullsize_anim-6.png\" alt=\"\" width=\"17\" height=\"22\" \/><\/p>\n<div class=\"details\">\n<h6>Address<\/h6>\n<p>Suur-S\u00f5jam\u00e4e 19A<br \/>\n11415 Tallinn, Estonia<\/p>\n<\/div>\n<\/div>\n<div class=\"contact-boxdetail\">\n<p><img loading=\"lazy\" decoding=\"async\" class=\"alignnone size-full wp-image-520\" src=\"https:\/\/www.grillsymbol.co.uk\/wp-content\/uploads\/sites\/2\/2021\/02\/imgpsh_fullsize_anim-4.png\" alt=\"\" width=\"17\" height=\"13\" \/><\/p>\n<div class=\"details\">\n<h6>Email<\/h6>\n<p><a href=\"mailto:info@grillsymbol.com\">info@grillsymbol.com<\/a><\/p>\n<\/div>\n<\/div>\n<div class=\"contact-boxdetail\">\n<p><img loading=\"lazy\" decoding=\"async\" class=\"alignnone size-full wp-image-519\" src=\"https:\/\/www.grillsymbol.co.uk\/wp-content\/uploads\/sites\/2\/2021\/02\/imgpsh_fullsize_anim-5.png\" alt=\"\" width=\"17\" height=\"17\" \/><\/p>\n<div class=\"details\">\n<h6>Phone<\/h6>\n<p><a href=\"tel:+44 1622 37 0862\">+44 1622 37 0862<\/a><\/p>\n<\/div>\n<\/div>\n<p>[\/vc_column_text][\/vc_column_inner][\/vc_row_inner][\/vc_column][\/vc_row][vc_row][vc_column][vc_column_text]<h4 style=\"color: #151515;text-align: center;font-family:Roboto;font-weight:100;font-style:normal\" class=\"vc_custom_heading\">Customer support and contacts:<\/h4><div class=\"vc_row wpb_row vc_row-fluid\"><div class=\"wpb_column vc_column_container vc_col-sm-4\"><div class=\"vc_column-inner \"><div class=\"wpb_wrapper\"><div class=\"pt-member-contact wpb_content_element img-pos-left flag-en\"><div class=\"text-wrapper\"><div class=\"contact-img-wrapper\"><img loading=\"lazy\" decoding=\"async\" alt=\"\" src=\"https:\/\/www.grillsymbol.com\/wp-content\/themes\/handystore-child\/img\/DSC_1030.jpg\" width=\"312\" height=\"312\"><\/div><h3>Laur Suurv\u00e4li<\/h3><span>director de Ventas Europeo\/ CEO<\/span><p>Mob: +372 56 669 723<br>laur@grillsymbol.com<\/p><img decoding=\"async\" src=\"https:\/\/www.grillsymbol.com\/wp-content\/plugins\/sitepress-multilingual-cms\/res\/flags\/en.png\"> <img decoding=\"async\" src=\"https:\/\/www.grillsymbol.com\/wp-content\/plugins\/sitepress-multilingual-cms\/res\/flags\/et.png\"> <img decoding=\"async\" src=\"https:\/\/www.grillsymbol.com\/wp-content\/plugins\/sitepress-multilingual-cms\/res\/flags\/fi.png\"><\/div><\/div><\/div><\/div><\/div><div class=\"wpb_column vc_column_container vc_col-sm-4\"><div class=\"vc_column-inner \"><div class=\"wpb_wrapper\"><div class=\"pt-member-contact wpb_content_element img-pos-left flag-se\"><div class=\"text-wrapper\"><div class=\"contact-img-wrapper\"><img loading=\"lazy\" decoding=\"async\" alt=\"\" src=\"https:\/\/www.grillsymbol.com\/wp-content\/themes\/handystore-child\/img\/sandra.jpg\" width=\"280\" height=\"280\"><\/div><h3>Sandra Tarjus<\/h3><span>asistente de ventas<\/span><p>Mob: +44 1622 37 0862<br>sandra@grillsymbol.com<\/p><img decoding=\"async\" src=\"https:\/\/www.grillsymbol.com\/wp-content\/plugins\/sitepress-multilingual-cms\/res\/flags\/fr.png\"> <img decoding=\"async\" src=\"https:\/\/www.grillsymbol.com\/wp-content\/plugins\/sitepress-multilingual-cms\/res\/flags\/en.png\"> <img decoding=\"async\" src=\"https:\/\/www.grillsymbol.com\/wp-content\/plugins\/sitepress-multilingual-cms\/res\/flags\/et.png\"><\/div><\/div><\/div><\/div><\/div><div class=\"wpb_column vc_column_container vc_col-sm-4\"><div class=\"vc_column-inner \"><div class=\"wpb_wrapper\"><div class=\"pt-member-contact wpb_content_element img-pos-left flag-se\"><div class=\"text-wrapper\"><div class=\"contact-img-wrapper\"><img loading=\"lazy\" decoding=\"async\" alt=\"\" src=\"https:\/\/www.grillsymbol.com\/wp-content\/themes\/handystore-child\/img\/annika.jpg\" width=\"286\" height=\"286\"><\/div><h3>Annika Aas<\/h3><span>on temporary leave<\/span><span>asistente de ventas<\/span><p>Mob: +372 58 536 820<br>annika@grillsymbol.com<\/p><img decoding=\"async\" src=\"https:\/\/www.grillsymbol.com\/wp-content\/plugins\/sitepress-multilingual-cms\/res\/flags\/sv.png\"> <img decoding=\"async\" src=\"https:\/\/www.grillsymbol.com\/wp-content\/plugins\/sitepress-multilingual-cms\/res\/flags\/en.png\"> <img decoding=\"async\" src=\"https:\/\/www.grillsymbol.com\/wp-content\/plugins\/sitepress-multilingual-cms\/res\/flags\/da.png\"> <img decoding=\"async\" src=\"https:\/\/www.grillsymbol.com\/wp-content\/plugins\/sitepress-multilingual-cms\/res\/flags\/no.png\"><\/div><\/div><\/div><\/div><\/div><\/div>[\/vc_column_text][\/vc_column][\/vc_row]<\/p>\n","protected":false},"excerpt":{"rendered":"<p>[vc_row disable_element=\u00bbyes\u00bb][vc_column width=\u00bb1\/2&#8243;][vc_column_text]Si usted est\u00e1 interesado en la venta de nuestros productos, tiene una tienda o tienda online, o simplemente un gran deseo de hacerlo, estaremos encantados de cooperar. Para eso env\u00edenos una breve descripci\u00f3n de su idea a trav\u00e9s de nuestra p\u00e1gina web y vamos a ponernos en contacto con usted. [\/vc_column_text][\/vc_column][vc_column width=\u00bb1\/2&#8243;][\/vc_column][\/vc_row][vc_row][vc_column][vc_column_text][\/vc_column_text][\/vc_column][\/vc_row][vc_row el_class=\u00bbcontact-row\u00bb][vc_column][vc_column_text] [&hellip;]<\/p>\n","protected":false},"author":1,"featured_media":0,"parent":0,"menu_order":0,"comment_status":"closed","ping_status":"closed","template":"","meta":{"footnotes":""},"class_list":["post-8460","page","type-page","status-publish","hentry"],"_links":{"self":[{"href":"https:\/\/www.grillsymbol.com\/es\/wp-json\/wp\/v2\/pages\/8460","targetHints":{"allow":["GET"]}}],"collection":[{"href":"https:\/\/www.grillsymbol.com\/es\/wp-json\/wp\/v2\/pages"}],"about":[{"href":"https:\/\/www.grillsymbol.com\/es\/wp-json\/wp\/v2\/types\/page"}],"author":[{"embeddable":true,"href":"https:\/\/www.grillsymbol.com\/es\/wp-json\/wp\/v2\/users\/1"}],"replies":[{"embeddable":true,"href":"https:\/\/www.grillsymbol.com\/es\/wp-json\/wp\/v2\/comments?post=8460"}],"version-history":[{"count":0,"href":"https:\/\/www.grillsymbol.com\/es\/wp-json\/wp\/v2\/pages\/8460\/revisions"}],"wp:attachment":[{"href":"https:\/\/www.grillsymbol.com\/es\/wp-json\/wp\/v2\/media?parent=8460"}],"curies":[{"name":"wp","href":"https:\/\/api.w.org\/{rel}","templated":true}]}}