{"id":8495,"date":"2017-05-04T06:06:29","date_gmt":"2017-05-04T06:06:29","guid":{"rendered":"https:\/\/www.grillsymbol.com\/click-and-cook\/"},"modified":"2021-02-04T07:08:08","modified_gmt":"2021-02-04T07:08:08","slug":"click-cook-encendido-con-pilas","status":"publish","type":"page","link":"https:\/\/www.grillsymbol.com\/es\/instructions\/click-cook-encendido-con-pilas\/","title":{"rendered":"\u201cClick &#038; Cook\u201d encendido con pilas"},"content":{"rendered":"<p>Una soluci\u00f3n nueva y \u00fanica de los sartenes de serie PRO de GrillSymbol (sistema incluido en todos los productos de la serie PRO, excluido los modelos 460).<\/p>\n<p><b>Para encender la llama de gas ya no es necesario usar cerillas ni mechero<\/b>. Ya no hay miedo de quemarse los dedos cuando enciende el gas, lo que s\u00ed puede pasar al usar cerillas, sobre todo cuando se trata de encendedores de alta potencia, de 10-25 kW. Los cocineros profesionales pueden ser m\u00e1s h\u00e1biles con los encendedores, pero nuestra experiencia nos dice que a\u00fan as\u00ed prefieren el confort garantizado por \u201cClick &amp; Cook\u201d.<\/p>\n<p>El sistema \u00fanico de GrillSymbol llamado \u201cClick &amp; Cook\u201d le hace la vida al usuario m\u00e1s f\u00e1cil y c\u00f3modo.<\/p>\n<p>El dispositivo funciona con bater\u00edas AA. Cambio de pilas (normalmente cada dos a\u00f1os) es f\u00e1cil \u2013 tiene que abrir el bot\u00f3n de encendido ya reemplazar la pila.<\/p>\n<p>Es seguro encenderlo. Las pruebas de encendido ha sido realizada durante el proceso de evaluaci\u00f3n por Inspecta Group: <a href=\"https:\/\/translate.google.com\/translate?hl=es&amp;prev=_t&amp;sl=et&amp;tl=es&amp;u=https:\/\/www.inspecta.com\/sv\/\">www.inspecta.com<\/a><\/p>\n","protected":false},"excerpt":{"rendered":"<p>Una soluci\u00f3n nueva y \u00fanica de los sartenes de serie PRO de GrillSymbol (sistema incluido en todos los productos de la serie PRO, excluido los modelos 460). Para encender la llama de gas ya no es necesario usar cerillas ni mechero. Ya no hay miedo de quemarse los dedos cuando enciende el gas, lo que [&hellip;]<\/p>\n","protected":false},"author":1,"featured_media":0,"parent":8505,"menu_order":0,"comment_status":"closed","ping_status":"closed","template":"","meta":{"footnotes":""},"class_list":["post-8495","page","type-page","status-publish","hentry"],"_links":{"self":[{"href":"https:\/\/www.grillsymbol.com\/es\/wp-json\/wp\/v2\/pages\/8495","targetHints":{"allow":["GET"]}}],"collection":[{"href":"https:\/\/www.grillsymbol.com\/es\/wp-json\/wp\/v2\/pages"}],"about":[{"href":"https:\/\/www.grillsymbol.com\/es\/wp-json\/wp\/v2\/types\/page"}],"author":[{"embeddable":true,"href":"https:\/\/www.grillsymbol.com\/es\/wp-json\/wp\/v2\/users\/1"}],"replies":[{"embeddable":true,"href":"https:\/\/www.grillsymbol.com\/es\/wp-json\/wp\/v2\/comments?post=8495"}],"version-history":[{"count":0,"href":"https:\/\/www.grillsymbol.com\/es\/wp-json\/wp\/v2\/pages\/8495\/revisions"}],"up":[{"embeddable":true,"href":"https:\/\/www.grillsymbol.com\/es\/wp-json\/wp\/v2\/pages\/8505"}],"wp:attachment":[{"href":"https:\/\/www.grillsymbol.com\/es\/wp-json\/wp\/v2\/media?parent=8495"}],"curies":[{"name":"wp","href":"https:\/\/api.w.org\/{rel}","templated":true}]}}