{"id":8498,"date":"2017-05-04T06:03:33","date_gmt":"2017-05-04T06:03:33","guid":{"rendered":"https:\/\/www.grillsymbol.com\/triple-windshield-protection-from-wind\/"},"modified":"2021-02-04T07:12:59","modified_gmt":"2021-02-04T07:12:59","slug":"triple-windshield-protection-from-wind","status":"publish","type":"page","link":"https:\/\/www.grillsymbol.com\/es\/instructions\/triple-windshield-protection-from-wind\/","title":{"rendered":"\u201cTriple Windshield\u201d- Protection from Wind"},"content":{"rendered":"<p>\u00abTriple Windshield\u00bb &#8211; protecci\u00f3n contra el viento<\/p>\n<p>Las llamas de gas y el viento son cosas que no se mezclan. Es muy dif\u00edcil cocinar en el aire libre con gas c\u00f3modamente si no hay ning\u00fan tipo de protecci\u00f3n. Ni siquiera solo una tapa contra el viento alrededor de la llama no garantiza la protecci\u00f3n total y suele pasar que el viento apaga la llama de gas.<\/p>\n<p>Como su nombre indica, el Triple Windshield ofrece una triple protecci\u00f3n contra el viento \u2013 una doble protecci\u00f3n lateral. La base tambi\u00e9n est\u00e1 protegida: el panel inferior esta perforada y ofrece as\u00ed una mayor protecci\u00f3n contra el viento, y al mismo tiempo garantiza una ventilaci\u00f3n adecuada.<\/p>\n<p>Al mismo tiempo esta soluci\u00f3n reduce el consumo de gas, ya que el calor se mantiene debajo de la sart\u00e9n (dentro de la protecci\u00f3n), y tiene s\u00f3lo un peque\u00f1o acceso al aire por las aberturas. Ahora que el aire solo tiene un m\u00ednimo acceso a gas, la llama est\u00e1 estable. Igual que la temperatura de la sart\u00e9n.<\/p>\n<p>Triple Windshield \u2013 \u00a1Una soluci\u00f3n inteligente y eficiente que funciona con cualquier tiempo!<\/p>\n","protected":false},"excerpt":{"rendered":"<p>\u00abTriple Windshield\u00bb &#8211; protecci\u00f3n contra el viento Las llamas de gas y el viento son cosas que no se mezclan. Es muy dif\u00edcil cocinar en el aire libre con gas c\u00f3modamente si no hay ning\u00fan tipo de protecci\u00f3n. Ni siquiera solo una tapa contra el viento alrededor de la llama no garantiza la protecci\u00f3n total [&hellip;]<\/p>\n","protected":false},"author":1,"featured_media":0,"parent":8505,"menu_order":0,"comment_status":"closed","ping_status":"closed","template":"","meta":{"footnotes":""},"class_list":["post-8498","page","type-page","status-publish","hentry"],"_links":{"self":[{"href":"https:\/\/www.grillsymbol.com\/es\/wp-json\/wp\/v2\/pages\/8498","targetHints":{"allow":["GET"]}}],"collection":[{"href":"https:\/\/www.grillsymbol.com\/es\/wp-json\/wp\/v2\/pages"}],"about":[{"href":"https:\/\/www.grillsymbol.com\/es\/wp-json\/wp\/v2\/types\/page"}],"author":[{"embeddable":true,"href":"https:\/\/www.grillsymbol.com\/es\/wp-json\/wp\/v2\/users\/1"}],"replies":[{"embeddable":true,"href":"https:\/\/www.grillsymbol.com\/es\/wp-json\/wp\/v2\/comments?post=8498"}],"version-history":[{"count":0,"href":"https:\/\/www.grillsymbol.com\/es\/wp-json\/wp\/v2\/pages\/8498\/revisions"}],"up":[{"embeddable":true,"href":"https:\/\/www.grillsymbol.com\/es\/wp-json\/wp\/v2\/pages\/8505"}],"wp:attachment":[{"href":"https:\/\/www.grillsymbol.com\/es\/wp-json\/wp\/v2\/media?parent=8498"}],"curies":[{"name":"wp","href":"https:\/\/api.w.org\/{rel}","templated":true}]}}