{"id":8502,"date":"2017-05-04T06:00:30","date_gmt":"2017-05-04T06:00:30","guid":{"rendered":"https:\/\/www.grillsymbol.com\/about-safety\/"},"modified":"2021-02-04T09:10:33","modified_gmt":"2021-02-04T09:10:33","slug":"about-safety","status":"publish","type":"page","link":"https:\/\/www.grillsymbol.com\/es\/instructions\/about-safety\/","title":{"rendered":"About Safety"},"content":{"rendered":"<p>GrillSymbol CE1336-10<\/p>\n<p>Los productos de GrillSymbol son seguros.<\/p>\n<p>Todos los productos de la serie PRO han pasado la evaluaci\u00f3n basado en la directiva de la CE 2009\/142\/EC y est\u00e1n marcados con los n\u00fameros CE1336-10. La evaluaci\u00f3n de la conformidad est\u00e1 realizada por Inspecta Group: <a href=\"https:\/\/translate.google.com\/translate?hl=es&amp;prev=_t&amp;sl=et&amp;tl=es&amp;u=https:\/\/www.inspecta.com\/sv\/\">www.inspecta.com<\/a><\/p>\n<p>Teniendo en cuenta la m\u00e1xima seguridad, los productos de la serie PRO est\u00e1n dise\u00f1ados de tal manera que los paneles laterales de protecci\u00f3n de viento no se calientan durante el uso, eso elimina el riesgo de quemaduras accidentales.<\/p>\n<p>Se han realizado las siguientes pruebas de la seguridad:<\/p>\n<ol>\n<li>Prueba de temperatura: panel lateral de protecci\u00f3n de viento no puede subir a mas de +60C de la temperatura en el exterior. Esto significa que un d\u00eda de verano n\u00f3rdico de +20C la temperatura m\u00e1xima de panel lateral puede ser m\u00e1x. +80C. \u00abTriple Windshield de la serie PRO es una soluci\u00f3n segura para evitar los accidentes de quemaduras.<\/li>\n<li>Prueba de estabilidad: Los pies y la estructura de soporte son suficientemente fuertes, para que la sart\u00e9n llena de comida este estable durante el acto y no se tiemble ni mueva.<\/li>\n<li>Encendido: \u201cClick &amp; Cookes\u201d \u00a0es una \u00fanico soluci\u00f3n que permite encender la llama de gas a base de pilas. Con eso est\u00e1 garantizada la posibilidad de encender el gas con un simplemente clic en el bot\u00f3n (sistema incluido en todos los productos de la serie PRO, excluido los modelos 460).<\/li>\n<\/ol>\n<p>Inspecta Grupo: <a href=\"https:\/\/translate.google.com\/translate?hl=es&amp;prev=_t&amp;sl=et&amp;tl=es&amp;u=https:\/\/www.inspecta.com\/sv\/\">www.inspecta.com<\/a><\/p>\n","protected":false},"excerpt":{"rendered":"<p>GrillSymbol CE1336-10 Los productos de GrillSymbol son seguros. Todos los productos de la serie PRO han pasado la evaluaci\u00f3n basado en la directiva de la CE 2009\/142\/EC y est\u00e1n marcados con los n\u00fameros CE1336-10. La evaluaci\u00f3n de la conformidad est\u00e1 realizada por Inspecta Group: www.inspecta.com Teniendo en cuenta la m\u00e1xima seguridad, los productos de la [&hellip;]<\/p>\n","protected":false},"author":1,"featured_media":0,"parent":8505,"menu_order":0,"comment_status":"closed","ping_status":"closed","template":"","meta":{"footnotes":""},"class_list":["post-8502","page","type-page","status-publish","hentry"],"_links":{"self":[{"href":"https:\/\/www.grillsymbol.com\/es\/wp-json\/wp\/v2\/pages\/8502","targetHints":{"allow":["GET"]}}],"collection":[{"href":"https:\/\/www.grillsymbol.com\/es\/wp-json\/wp\/v2\/pages"}],"about":[{"href":"https:\/\/www.grillsymbol.com\/es\/wp-json\/wp\/v2\/types\/page"}],"author":[{"embeddable":true,"href":"https:\/\/www.grillsymbol.com\/es\/wp-json\/wp\/v2\/users\/1"}],"replies":[{"embeddable":true,"href":"https:\/\/www.grillsymbol.com\/es\/wp-json\/wp\/v2\/comments?post=8502"}],"version-history":[{"count":0,"href":"https:\/\/www.grillsymbol.com\/es\/wp-json\/wp\/v2\/pages\/8502\/revisions"}],"up":[{"embeddable":true,"href":"https:\/\/www.grillsymbol.com\/es\/wp-json\/wp\/v2\/pages\/8505"}],"wp:attachment":[{"href":"https:\/\/www.grillsymbol.com\/es\/wp-json\/wp\/v2\/media?parent=8502"}],"curies":[{"name":"wp","href":"https:\/\/api.w.org\/{rel}","templated":true}]}}