{"id":8562,"date":"2017-02-08T09:12:41","date_gmt":"2017-02-08T09:12:41","guid":{"rendered":"https:\/\/www.grillsymbol.com\/delivery-infomation\/"},"modified":"2022-05-27T05:28:03","modified_gmt":"2022-05-27T05:28:03","slug":"envio","status":"publish","type":"page","link":"https:\/\/www.grillsymbol.com\/es\/envio\/","title":{"rendered":"Env\u00edo"},"content":{"rendered":"<p>[vc_row][vc_column][vc_column_text]<span style=\"text-decoration: underline;\"><strong>Informaci\u00f3n general:<br \/>\n<\/strong><\/span><br \/>\nPuede obtener informaci\u00f3n sobre la empresa de mensajer\u00eda antes de realizar la compra. Debajo del bot\u00f3n del precio del producto y del carrito de compras, se muestran los logotipos de las empresas de mensajer\u00eda que entregan el env\u00edo en el pa\u00eds respectivo.<\/p>\n<p>El pedido suele ser entregado por el servicio de mensajer\u00eda de Venipak. El pedido se entregar\u00e1 en la direcci\u00f3n de entrega indicada por el comprador. El comprador ser\u00e1 notificado de la entrega a trav\u00e9s de la informaci\u00f3n de contacto proporcionada al realizar el pedido. Al enviar un paquete, al comprador se le env\u00eda informaci\u00f3n sobre el env\u00edo, lo que le permite al comprador monitorear la informaci\u00f3n de su env\u00edo de manera continua.<\/p>\n<p>Verifique la exactitud de la informaci\u00f3n de contacto ingresada al realizar el pedido para evitar demoras y malentendidos en la entrega de los productos. Grillsymbol O\u00dc y la empresa de mensajer\u00eda no son responsables del retraso en la entrega de los productos y de cualquier malentendido si el retraso o malentendido se debe a la inexactitud de la informaci\u00f3n proporcionada por el comprador al realizar el pedido. El pedido se entregar\u00e1 a un tercero si el comprador ha designado a un tercero como destinatario del paquete en el pedido.<\/p>\n<p>Siga las notificaciones enviadas por correo electr\u00f3nico o SMS por la empresa de mensajer\u00eda. Adem\u00e1s, siga las instrucciones para la entrega del paquete. Si no hay informaci\u00f3n sobre el env\u00edo 72 horas despu\u00e9s de realizar el pedido, env\u00ede un correo electr\u00f3nico haciendo referencia a su pedido. Este plazo (es decir, 72 horas) se ampl\u00eda los fines de semana y festivos. Env\u00ede un correo electr\u00f3nico a: <a href=\"mailto:order@grillsymbol.com\">order@grillsymbol.com<\/a><\/p>\n<p><strong>\u00a1Atenci\u00f3n!<\/strong> Antes de recibir el paquete del servicio de mensajer\u00eda, aseg\u00farese de que el paquete no presente ning\u00fan signo de da\u00f1o. Si el paquete est\u00e1 ligeramente da\u00f1ado y cree que su contenido puede estar intacto, haga una nota por escrito al mensajero antes de aceptarlo. Si el paquete est\u00e1 muy da\u00f1ado y est\u00e1 seguro de que su contenido tambi\u00e9n puede estar da\u00f1ado, no acepte el env\u00edo.[\/vc_column_text][\/vc_column][\/vc_row]<\/p>\n","protected":false},"excerpt":{"rendered":"<p>[vc_row][vc_column][vc_column_text]Informaci\u00f3n general: Puede obtener informaci\u00f3n sobre la empresa de mensajer\u00eda antes de realizar la compra. Debajo del bot\u00f3n del precio del producto y del carrito de compras, se muestran los logotipos de las empresas de mensajer\u00eda que entregan el env\u00edo en el pa\u00eds respectivo. El pedido suele ser entregado por el servicio de mensajer\u00eda de [&hellip;]<\/p>\n","protected":false},"author":1,"featured_media":0,"parent":0,"menu_order":0,"comment_status":"closed","ping_status":"closed","template":"","meta":{"footnotes":""},"class_list":["post-8562","page","type-page","status-publish","hentry"],"_links":{"self":[{"href":"https:\/\/www.grillsymbol.com\/es\/wp-json\/wp\/v2\/pages\/8562","targetHints":{"allow":["GET"]}}],"collection":[{"href":"https:\/\/www.grillsymbol.com\/es\/wp-json\/wp\/v2\/pages"}],"about":[{"href":"https:\/\/www.grillsymbol.com\/es\/wp-json\/wp\/v2\/types\/page"}],"author":[{"embeddable":true,"href":"https:\/\/www.grillsymbol.com\/es\/wp-json\/wp\/v2\/users\/1"}],"replies":[{"embeddable":true,"href":"https:\/\/www.grillsymbol.com\/es\/wp-json\/wp\/v2\/comments?post=8562"}],"version-history":[{"count":0,"href":"https:\/\/www.grillsymbol.com\/es\/wp-json\/wp\/v2\/pages\/8562\/revisions"}],"wp:attachment":[{"href":"https:\/\/www.grillsymbol.com\/es\/wp-json\/wp\/v2\/media?parent=8562"}],"curies":[{"name":"wp","href":"https:\/\/api.w.org\/{rel}","templated":true}]}}