{"id":8569,"date":"2017-02-07T07:39:58","date_gmt":"2017-02-07T07:39:58","guid":{"rendered":"https:\/\/www.grillsymbol.com\/privacy-policy\/"},"modified":"2021-02-04T09:06:48","modified_gmt":"2021-02-04T09:06:48","slug":"politica-de-privacidad","status":"publish","type":"page","link":"https:\/\/www.grillsymbol.com\/es\/politica-de-privacidad\/","title":{"rendered":"Pol\u00edtica de privacidad"},"content":{"rendered":"<p>Nuestra actividad en Internet est\u00e1 de conformidad con todas las acciones oportunas y la legislaci\u00f3n pertinente de la Uni\u00f3n Europea y las leyes de la Rep\u00fablica de Estonia.\u00a0Los datos personales son datos que GrillSymbol O\u00dc utiliza para celebrar el Contrato concluido con el Cliente, para cumplir con las obligaciones adquiridas, en su caso para contactar con el Cliente y para entregar el Producto.<\/p>\n<p>&nbsp;<\/p>\n<ul>\n<li>Todos los datos personales que se hayan conocido en el transcurso de la visita a la Tienda online grillsymbol.ee y en el proceso de compra, ser\u00e1n tratados como informaci\u00f3n confidencial.<\/li>\n<\/ul>\n<ul>\n<li>Los datos personales del Cliente en la Tienda online grillsymbol.ee son: nombre y apellidos, direcci\u00f3n postal, n\u00famero de tel\u00e9fono, direcci\u00f3n de correo electr\u00f3nico.<\/li>\n<\/ul>\n<ul>\n<li>GrillSymbol O\u00dc no revelar\u00e1 a terceros la informaci\u00f3n adquirida, y si el Cliente lo desea, tiene derecho a solicitar la cancelaci\u00f3n de sus datos de la base de datos de nuestra Tienda online.<\/li>\n<\/ul>\n<ul>\n<li>Los datos personales recopilados nos ayudan a informar a nuestros Clientes de las novedades, promociones y otros eventos. El Cliente que no desee suscribirse al bolet\u00edn informativo, puede eliminar a s\u00ed mismo de la lista de destinatarios.<\/li>\n<\/ul>\n<p>&nbsp;<\/p>\n<p>Canales de comunicaci\u00f3n encriptados garantizan la seguridad de los datos personales del Cliente y de sus datos bancarios.<\/p>\n","protected":false},"excerpt":{"rendered":"<p>Nuestra actividad en Internet est\u00e1 de conformidad con todas las acciones oportunas y la legislaci\u00f3n pertinente de la Uni\u00f3n Europea y las leyes de la Rep\u00fablica de Estonia.\u00a0Los datos personales son datos que GrillSymbol O\u00dc utiliza para celebrar el Contrato concluido con el Cliente, para cumplir con las obligaciones adquiridas, en su caso para contactar [&hellip;]<\/p>\n","protected":false},"author":1,"featured_media":0,"parent":0,"menu_order":0,"comment_status":"closed","ping_status":"closed","template":"","meta":{"footnotes":""},"class_list":["post-8569","page","type-page","status-publish","hentry"],"_links":{"self":[{"href":"https:\/\/www.grillsymbol.com\/es\/wp-json\/wp\/v2\/pages\/8569","targetHints":{"allow":["GET"]}}],"collection":[{"href":"https:\/\/www.grillsymbol.com\/es\/wp-json\/wp\/v2\/pages"}],"about":[{"href":"https:\/\/www.grillsymbol.com\/es\/wp-json\/wp\/v2\/types\/page"}],"author":[{"embeddable":true,"href":"https:\/\/www.grillsymbol.com\/es\/wp-json\/wp\/v2\/users\/1"}],"replies":[{"embeddable":true,"href":"https:\/\/www.grillsymbol.com\/es\/wp-json\/wp\/v2\/comments?post=8569"}],"version-history":[{"count":0,"href":"https:\/\/www.grillsymbol.com\/es\/wp-json\/wp\/v2\/pages\/8569\/revisions"}],"wp:attachment":[{"href":"https:\/\/www.grillsymbol.com\/es\/wp-json\/wp\/v2\/media?parent=8569"}],"curies":[{"name":"wp","href":"https:\/\/api.w.org\/{rel}","templated":true}]}}