{"id":8578,"date":"2016-08-02T09:02:50","date_gmt":"2016-08-02T09:02:50","guid":{"rendered":"https:\/\/www.grillsymbol.com\/about\/"},"modified":"2023-12-19T08:39:49","modified_gmt":"2023-12-19T08:39:49","slug":"sobre-nosotras","status":"publish","type":"page","link":"https:\/\/www.grillsymbol.com\/es\/sobre-nosotras\/","title":{"rendered":"SOBRE NOSOTRAS"},"content":{"rendered":"<p>[vc_row][vc_column][vc_raw_html]JTNDZGl2JTNFJTBBJTNDaDQlMjBzdHlsZSUzRCUyMmZvbnQtZmFtaWx5JTNBJTI3Um9ib3RvJTI3JTNCJTIwZm9udC13ZWlnaHQlM0ElMjBsaWdodGVyJTNCJTIyJTNFR3JpbGxTeW1ib2wlMjAtJTIwZXhwZXJpZW5jaWElMjBkZXNkZSUyMDE5MjUlM0MlMkZoNCUzRSUzQyUyRmRpdiUzRQ==[\/vc_raw_html][\/vc_column][\/vc_row][vc_row][vc_column width=\u00bb2\/3&#8243;][vc_column_text]La historia de GrillSymbol comenz\u00f3 con el amor por la cocina y los productos de cocina hermosos yatemporales. El antecesor del GrillSymbol actual fue el herrero Johannes Moisar, quien abri\u00f3 unatienda de herrer\u00eda en Tallinn, cerca de Paldiski maantee, en 1925. En la herrer\u00eda se realizaron, entreotras cosas, peque\u00f1as sartenes de hierro, ollas de esmalte y diversos detalles para chimeneas.<\/p>\n<p>Con la llegada del poder sovi\u00e9tico en 1940, la empresa fue nacionalizada y tanto los productos comola experiencia desaparecieron del p\u00fablico durante varios procesos de fusi\u00f3n.<\/p>\n<p>Han pasado 57 a\u00f1os. Tras el colapso del r\u00e9gimen criminal en 1991, los hermanos Ivar y Laur Suurv\u00e4li revivieron viejas tradiciones familiares. La obra de una vida que nuestro bisabuelo hab\u00eda dejado inconclusa.<\/p>\n<p>Empezamos con cuatro productos, hoy tenemos m\u00e1s de cien productos en nuestro surtido.<\/p>\n<p>Todos sabemos que los art\u00edculos hechos a mano son un lujo hoy en d\u00eda. Es importante para nosotrosy estamos orgullosos de continuar con esta tradici\u00f3n. Nos encanta la artesan\u00eda como proceso y nos gusta utilizar materiales duraderos. Nos tomamos muy en serio el consumo de acero como materia prima y, en base a eso, dise\u00f1amos e ingeniamos nuestros productos durante d\u00e9cadas.<\/p>\n<p>Cada uno de nuestros productos tiene su propia historia de creaci\u00f3n cuando est\u00e1n hechos a mano, \u00a1si tan solo pudieran hablar!<\/p>\n<p>Rara vez nos tomamos un descanso y estamos constantemente innovando, aunque los pozos defuego y los hornos de humo para barbacoa GrillSymbol est\u00e1n conquistando Europa, siempre estamos buscando formas de hacerlos a\u00fan mejores. Nuestras paellas y woks de la serie PRO con quemador de gas, han sido muy apreciadas por muchos de los mejores chefs y usuarios dom\u00e9sticos durante muchos a\u00f1os; gracias a los comentarios de nuestros clientes, hemos creado una l\u00ednea de productos que funciona muy bien.<\/p>\n<p>GrillSymbol sigue siendo una empresa familiar. La quinta generaci\u00f3n con ideas nuevas y frescas est\u00e1 creciendo y la producci\u00f3n a\u00fan se produce en la f\u00e1brica de Tallinn. En 2025, GrillSymbol celebra el aniversario por 100 a\u00f1os de experiencia.[\/vc_column_text][\/vc_column][vc_column width=\u00bb1\/3&#8243;][vc_single_image image=\u00bb8253&#8243; img_size=\u00bbmedium\u00bb][vc_single_image image=\u00bb7788&#8243;][\/vc_column][\/vc_row][vc_row][vc_column][vc_column_text]<h4 style=\"color: #151515;text-align: center;font-family:Roboto;font-weight:100;font-style:normal\" class=\"vc_custom_heading\">Our Team<\/h4><div class=\"vc_row wpb_row vc_row-fluid\"><div class=\"wpb_column vc_column_container vc_col-sm-4\"><div class=\"vc_column-inner \"><div class=\"wpb_wrapper\"><div class=\"pt-member-contact wpb_content_element img-pos-left flag-en\"><div class=\"text-wrapper\"><div class=\"contact-img-wrapper\"><img loading=\"lazy\" decoding=\"async\" alt=\"\" src=\"https:\/\/www.grillsymbol.com\/wp-content\/themes\/handystore-child\/img\/DSC_1030.jpg\" width=\"312\" height=\"312\"><\/div><h3>Laur Suurv\u00e4li<\/h3><span>director de Ventas Europeo\/ CEO<\/span><p>Mob: +372 56 669 723<br>laur@grillsymbol.com<\/p><img decoding=\"async\" src=\"https:\/\/www.grillsymbol.com\/wp-content\/plugins\/sitepress-multilingual-cms\/res\/flags\/en.png\"> <img decoding=\"async\" src=\"https:\/\/www.grillsymbol.com\/wp-content\/plugins\/sitepress-multilingual-cms\/res\/flags\/et.png\"> <img decoding=\"async\" src=\"https:\/\/www.grillsymbol.com\/wp-content\/plugins\/sitepress-multilingual-cms\/res\/flags\/fi.png\"><\/div><\/div><\/div><\/div><\/div><div class=\"wpb_column vc_column_container vc_col-sm-4\"><div class=\"vc_column-inner \"><div class=\"wpb_wrapper\"><div class=\"pt-member-contact wpb_content_element img-pos-left flag-se\"><div class=\"text-wrapper\"><div class=\"contact-img-wrapper\"><img loading=\"lazy\" decoding=\"async\" alt=\"\" src=\"https:\/\/www.grillsymbol.com\/wp-content\/themes\/handystore-child\/img\/sandra.jpg\" width=\"280\" height=\"280\"><\/div><h3>Sandra Tarjus<\/h3><span>asistente de ventas<\/span><p>Mob: +44 1622 37 0862<br>sandra@grillsymbol.com<\/p><img decoding=\"async\" src=\"https:\/\/www.grillsymbol.com\/wp-content\/plugins\/sitepress-multilingual-cms\/res\/flags\/fr.png\"> <img decoding=\"async\" src=\"https:\/\/www.grillsymbol.com\/wp-content\/plugins\/sitepress-multilingual-cms\/res\/flags\/en.png\"> <img decoding=\"async\" src=\"https:\/\/www.grillsymbol.com\/wp-content\/plugins\/sitepress-multilingual-cms\/res\/flags\/et.png\"><\/div><\/div><\/div><\/div><\/div><div class=\"wpb_column vc_column_container vc_col-sm-4\"><div class=\"vc_column-inner \"><div class=\"wpb_wrapper\"><div class=\"pt-member-contact wpb_content_element img-pos-left flag-se\"><div class=\"text-wrapper\"><div class=\"contact-img-wrapper\"><img loading=\"lazy\" decoding=\"async\" alt=\"\" src=\"https:\/\/www.grillsymbol.com\/wp-content\/themes\/handystore-child\/img\/annika.jpg\" width=\"286\" height=\"286\"><\/div><h3>Annika Aas<\/h3><span>on temporary leave<\/span><span>asistente de ventas<\/span><p>Mob: +372 58 536 820<br>annika@grillsymbol.com<\/p><img decoding=\"async\" src=\"https:\/\/www.grillsymbol.com\/wp-content\/plugins\/sitepress-multilingual-cms\/res\/flags\/sv.png\"> <img decoding=\"async\" src=\"https:\/\/www.grillsymbol.com\/wp-content\/plugins\/sitepress-multilingual-cms\/res\/flags\/en.png\"> <img decoding=\"async\" src=\"https:\/\/www.grillsymbol.com\/wp-content\/plugins\/sitepress-multilingual-cms\/res\/flags\/da.png\"> <img decoding=\"async\" src=\"https:\/\/www.grillsymbol.com\/wp-content\/plugins\/sitepress-multilingual-cms\/res\/flags\/no.png\"><\/div><\/div><\/div><\/div><\/div><\/div>[\/vc_column_text][\/vc_column][\/vc_row]<\/p>\n","protected":false},"excerpt":{"rendered":"<p>[vc_row][vc_column][vc_raw_html]JTNDZGl2JTNFJTBBJTNDaDQlMjBzdHlsZSUzRCUyMmZvbnQtZmFtaWx5JTNBJTI3Um9ib3RvJTI3JTNCJTIwZm9udC13ZWlnaHQlM0ElMjBsaWdodGVyJTNCJTIyJTNFR3JpbGxTeW1ib2wlMjAtJTIwZXhwZXJpZW5jaWElMjBkZXNkZSUyMDE5MjUlM0MlMkZoNCUzRSUzQyUyRmRpdiUzRQ==[\/vc_raw_html][\/vc_column][\/vc_row][vc_row][vc_column width=\u00bb2\/3&#8243;][vc_column_text]La historia de GrillSymbol comenz\u00f3 con el amor por la cocina y los productos de cocina hermosos yatemporales. El antecesor del GrillSymbol actual fue el herrero Johannes Moisar, quien abri\u00f3 unatienda de herrer\u00eda en Tallinn, cerca de Paldiski maantee, en 1925. En la herrer\u00eda se realizaron, entreotras cosas, peque\u00f1as sartenes de hierro, ollas de [&hellip;]<\/p>\n","protected":false},"author":1,"featured_media":0,"parent":0,"menu_order":0,"comment_status":"closed","ping_status":"closed","template":"","meta":{"footnotes":""},"class_list":["post-8578","page","type-page","status-publish","hentry"],"_links":{"self":[{"href":"https:\/\/www.grillsymbol.com\/es\/wp-json\/wp\/v2\/pages\/8578","targetHints":{"allow":["GET"]}}],"collection":[{"href":"https:\/\/www.grillsymbol.com\/es\/wp-json\/wp\/v2\/pages"}],"about":[{"href":"https:\/\/www.grillsymbol.com\/es\/wp-json\/wp\/v2\/types\/page"}],"author":[{"embeddable":true,"href":"https:\/\/www.grillsymbol.com\/es\/wp-json\/wp\/v2\/users\/1"}],"replies":[{"embeddable":true,"href":"https:\/\/www.grillsymbol.com\/es\/wp-json\/wp\/v2\/comments?post=8578"}],"version-history":[{"count":0,"href":"https:\/\/www.grillsymbol.com\/es\/wp-json\/wp\/v2\/pages\/8578\/revisions"}],"wp:attachment":[{"href":"https:\/\/www.grillsymbol.com\/es\/wp-json\/wp\/v2\/media?parent=8578"}],"curies":[{"name":"wp","href":"https:\/\/api.w.org\/{rel}","templated":true}]}}