{"id":10024,"date":"2017-08-24T06:23:26","date_gmt":"2017-08-24T06:23:26","guid":{"rendered":"https:\/\/www.grillsymbol.com\/shop\/sin%20categor\u00eda\/grillsymbol-cor-ten-steel-fire-pit-lucas\/"},"modified":"2026-03-29T15:05:15","modified_gmt":"2026-03-29T15:05:15","slug":"grillsymbol-pozo-de-fuego-lucas-o-95-cm","status":"publish","type":"product","link":"https:\/\/www.grillsymbol.com\/es\/shop\/pozos-de-fuego\/grillsymbol-pozo-de-fuego-lucas-o-95-cm\/","title":{"rendered":"GrillSymbol pozo de fuego Lucas, \u00f8 95 cm"},"content":{"rendered":"<ul>\n<li>Di\u00e1metro: 95 cm<\/li>\n<li>Altura: 45 cm<\/li>\n<li>Patas de acero inoxidable<\/li>\n<li>El fuego\/cenicero interior se puede sacar y limpiar (Medidas: 60 x 60 x 12 cm)<\/li>\n<li>El peso del set completo: 45 kg<\/li>\n<li>El pozo de fuego se apoya al suelo con 3 patas<\/li>\n<li>Hecho de acero Cor-Ten de 3 mm<\/li>\n<li>Por su tama\u00f1o tambi\u00e9n es adecuado para espacios p\u00fablicos: jardines exteriores de restaurantes, campos de golf, zonas de fogatas en municipios\/pueblos rurales, etc.<\/li>\n<\/ul>\n<p>&nbsp;<\/p>\n<p>El producto no debe instalarse sobre una superficie de madera, ya que el el pozo se calentar\u00e1 durante el fuego. Hay agujeros en el fondo de la hoguera de los que pueden caer peque\u00f1os trozos de carb\u00f3n. Los orificios en el fondo act\u00faan como desag\u00fces para evitar que se acumule agua estancada dentro de la hoguera.<\/p>\n<p><strong>\u00a1NB!<\/strong>\u00a0Los productos de acero Cor-Ten se entregan con una superficie sin tratar. El acero COR-TEN\u00ae completamente nuevo es de color gris como el acero laminado en caliente convencional. Puede encontrar las instrucciones de envejecimiento en nuestro sitio web o puede escanear directamente desde el producto.<\/p>\n<p>&nbsp;<\/p>\n<h5><a href=\"https:\/\/www.grillsymbol.com\/es\/instructions\/instrucciones-para-productos-cor-ten\/\" target=\"_blank\" rel=\"noopener\">Mira aqu\u00ed: Instrucciones para productos Cor-Ten<\/a><\/h5>\n","protected":false},"excerpt":{"rendered":"<p>El pozo de fuego est\u00e1 hecho de acero Cor-Ten, que es acero al carbono casi puro, pero tratado para crear una capa protectora resistente a la intemperie en su superficie. La capa superficial es inicialmente gris\u00e1cea, luego se vuelve marr\u00f3n rojiza (un tono similar al \u00f3xido), y se oscurece a\u00fan m\u00e1s con el tiempo. Usado correctamente, el acero Cor-Ten es expresivo, duradero y libre de mantenimiento. Resiste el tiempo de una manera \u00f9nica.<\/p>\n<p>Este pozo de fuego combina la mitolog\u00eda antigua con el mundo moderno.<\/p>\n<p>El nombre \u00abLucas\u00bb significa \u00abluz\u00bb o \u00abportador de luz\u00bb.<\/p>\n<p><strong>Dise\u00f1o: Petteri Wiimaa<\/strong><\/p>\n<p>&nbsp;<\/p>\n","protected":false},"featured_media":7701,"comment_status":"open","ping_status":"closed","template":"","meta":{"footnotes":""},"class_list":["post-10024","product","type-product","status-publish","has-post-thumbnail","hentry","product_cat-pozos-de-fuego"],"_links":{"self":[{"href":"https:\/\/www.grillsymbol.com\/es\/wp-json\/wp\/v2\/product\/10024","targetHints":{"allow":["GET"]}}],"collection":[{"href":"https:\/\/www.grillsymbol.com\/es\/wp-json\/wp\/v2\/product"}],"about":[{"href":"https:\/\/www.grillsymbol.com\/es\/wp-json\/wp\/v2\/types\/product"}],"replies":[{"embeddable":true,"href":"https:\/\/www.grillsymbol.com\/es\/wp-json\/wp\/v2\/comments?post=10024"}],"version-history":[{"count":0,"href":"https:\/\/www.grillsymbol.com\/es\/wp-json\/wp\/v2\/product\/10024\/revisions"}],"wp:featuredmedia":[{"embeddable":true,"href":"https:\/\/www.grillsymbol.com\/es\/wp-json\/wp\/v2\/media\/7701"}],"wp:attachment":[{"href":"https:\/\/www.grillsymbol.com\/es\/wp-json\/wp\/v2\/media?parent=10024"}],"curies":[{"name":"wp","href":"https:\/\/api.w.org\/{rel}","templated":true}]}}