{"id":10093,"date":"2017-05-07T11:51:14","date_gmt":"2017-05-07T11:51:14","guid":{"rendered":"https:\/\/www.grillsymbol.com\/shop\/sin%20categor\u00eda\/grillsymbol-paella-skillet-stark-set-720\/"},"modified":"2026-01-17T14:32:43","modified_gmt":"2026-01-17T14:32:43","slug":"grillsymbol-paellera-para-fuego-de-lena-stark-set-o-72-cm","status":"publish","type":"product","link":"https:\/\/www.grillsymbol.com\/es\/shop\/paelleras-y-sartenes-wok\/grillsymbol-paellera-para-fuego-de-lena-stark-set-o-72-cm\/","title":{"rendered":"GrillSymbol paellera para fuego de le\u00f1a Stark Set, \u00f8 72 cm"},"content":{"rendered":"<ul>\n<li>Di\u00e1metro: 72 cm<\/li>\n<li>Capacidad: 20 porciones<\/li>\n<li>Peso: 10 kg<\/li>\n<li>la sart\u00e9n est\u00e1 hecha de acero de 3 mm<\/li>\n<\/ul>\n<p>&nbsp;<\/p>\n<p>El producto no debe instalarse sobre una superficie de madera, ya que la base se calentar\u00e1 cuando se haga el fuego. Hay agujeros en el fondo de la hoguera y pueden caer peque\u00f1os trozos de carb\u00f3n. Los orificios en el fondo act\u00faan como desag\u00fces para evitar que se acumule agua estancada dentro de la hoguera.<\/p>\n","protected":false},"excerpt":{"rendered":"<p>Sart\u00e9n de acero con borde alto y muy buenas caracter\u00edsticas para cocinar. Perfecta para cocinar carnes, pescados, verduras y arroces variados. La sart\u00e9n tambi\u00e9n es adecuada para hacer deliciosas tortitas. \u00a1Usa tu imaginaci\u00f3n y cocina en la sart\u00e9n el plato m\u00e1s deseado!<\/p>\n<p>La superficie plana de la sart\u00e9n, permite preparar bien los alimentos y mantenerlos calientes. Esta soluci\u00f3n hace que sea imposible que el l\u00edquido fluya hacia el centro de la sart\u00e9n y que el resto de la comida se seque. Cuando se calienta, la superficie de la sart\u00e9n se vuelve ligeramente c\u00f3ncava en el medio. Ideal para usar en la cocina al aire libre, fogata o quemador de gas.<\/p>\n<p>Stark-720 tambi\u00e9n se puede usar como base de la fogata.<\/p>\n<p>Las patas son desmontables para facilitar el transporte.<\/p>\n","protected":false},"featured_media":20677,"comment_status":"open","ping_status":"closed","template":"","meta":{"footnotes":""},"class_list":["post-10093","product","type-product","status-publish","has-post-thumbnail","hentry","product_cat-paelleras-y-sartenes-wok"],"_links":{"self":[{"href":"https:\/\/www.grillsymbol.com\/es\/wp-json\/wp\/v2\/product\/10093","targetHints":{"allow":["GET"]}}],"collection":[{"href":"https:\/\/www.grillsymbol.com\/es\/wp-json\/wp\/v2\/product"}],"about":[{"href":"https:\/\/www.grillsymbol.com\/es\/wp-json\/wp\/v2\/types\/product"}],"replies":[{"embeddable":true,"href":"https:\/\/www.grillsymbol.com\/es\/wp-json\/wp\/v2\/comments?post=10093"}],"version-history":[{"count":0,"href":"https:\/\/www.grillsymbol.com\/es\/wp-json\/wp\/v2\/product\/10093\/revisions"}],"wp:featuredmedia":[{"embeddable":true,"href":"https:\/\/www.grillsymbol.com\/es\/wp-json\/wp\/v2\/media\/20677"}],"wp:attachment":[{"href":"https:\/\/www.grillsymbol.com\/es\/wp-json\/wp\/v2\/media?parent=10093"}],"curies":[{"name":"wp","href":"https:\/\/api.w.org\/{rel}","templated":true}]}}