{"id":10192,"date":"2017-04-11T07:07:10","date_gmt":"2017-04-11T07:07:10","guid":{"rendered":"https:\/\/www.grillsymbol.com\/shop\/sin%20categor\u00eda\/grillsymbol-paella-skillet-stark-set-580\/"},"modified":"2026-01-13T01:26:10","modified_gmt":"2026-01-13T01:26:10","slug":"grillsymbol-paellera-para-fuego-de-lena-stark-set-o-58-cm","status":"publish","type":"product","link":"https:\/\/www.grillsymbol.com\/es\/shop\/paelleras-y-sartenes-wok\/grillsymbol-paellera-para-fuego-de-lena-stark-set-o-58-cm\/","title":{"rendered":"GrillSymbol paellera para fuego de le\u00f1a Stark Set, \u00f8 58 cm"},"content":{"rendered":"<ul>\n<li>Di\u00e1metro: 58 cm<\/li>\n<li>Di\u00e1metro de la base: 49 cm<\/li>\n<li>Capacidad: 12-20 porciones (capacidad hasta el borde de la sart\u00e9n: 11 litros)<\/li>\n<li>Altura del borde de la sart\u00e9n: 5 cm<\/li>\n<li>Peso: 9 kg<\/li>\n<li>Hecha de acero de 3 mm<\/li>\n<li>Altura de las patas: 30 cm<\/li>\n<\/ul>\n<p>&nbsp;<\/p>\n<p>El producto no debe instalarse sobre una superficie de madera, ya que la base se calentar\u00e1 cuando se haga el fuego. Hay agujeros en el fondo de la hoguera y pueden caer peque\u00f1os trozos de carb\u00f3n. Los orificios en el fondo act\u00faan como desag\u00fces para evitar que se acumule agua estancada dentro de la hoguera.<\/p>\n<p><strong>Los productos de la serie Camp tambi\u00e9n se pueden utilizar como base de la fogata.<\/strong><\/p>\n","protected":false},"excerpt":{"rendered":"<p><strong>Sart\u00e9n de acero con borde alto<\/strong>\u00a0y patas extraibles, que esta pensado para usar en un fuego abierto. Para una persona cercana a la naturaleza que disfruta cocinando junto a la fogata. Las tres patas de la bandeja forman un plano, lo que permite que la sart\u00e9n se instale de manera estable incluso en terrenos irregulares.<\/p>\n<p>La sart\u00e9n tiene muy buenas caracter\u00edsticas para cocinar, ideal para cocinar carnes, pescados y verduras, hacer varios platos de arroz o deliciosas tortitas. La capacidad de la sart\u00e9n es, gracias al borde alto,\u00a0 de hasta 11 litros, lo que permite hacer incluso guisos a fuego abierto. \u00a1Solo usa tu imaginaci\u00f3n para hacer la comida que m\u00e1s te guste!<\/p>\n","protected":false},"featured_media":20639,"comment_status":"open","ping_status":"closed","template":"","meta":{"footnotes":""},"class_list":["post-10192","product","type-product","status-publish","has-post-thumbnail","hentry","product_cat-paelleras-y-sartenes-wok"],"_links":{"self":[{"href":"https:\/\/www.grillsymbol.com\/es\/wp-json\/wp\/v2\/product\/10192","targetHints":{"allow":["GET"]}}],"collection":[{"href":"https:\/\/www.grillsymbol.com\/es\/wp-json\/wp\/v2\/product"}],"about":[{"href":"https:\/\/www.grillsymbol.com\/es\/wp-json\/wp\/v2\/types\/product"}],"replies":[{"embeddable":true,"href":"https:\/\/www.grillsymbol.com\/es\/wp-json\/wp\/v2\/comments?post=10192"}],"version-history":[{"count":0,"href":"https:\/\/www.grillsymbol.com\/es\/wp-json\/wp\/v2\/product\/10192\/revisions"}],"wp:featuredmedia":[{"embeddable":true,"href":"https:\/\/www.grillsymbol.com\/es\/wp-json\/wp\/v2\/media\/20639"}],"wp:attachment":[{"href":"https:\/\/www.grillsymbol.com\/es\/wp-json\/wp\/v2\/media?parent=10192"}],"curies":[{"name":"wp","href":"https:\/\/api.w.org\/{rel}","templated":true}]}}