{"id":10300,"date":"2017-04-11T06:58:22","date_gmt":"2017-04-11T06:58:22","guid":{"rendered":"https:\/\/www.grillsymbol.com\/shop\/sin%20categor\u00eda\/grillsymbol-splashguard-960\/"},"modified":"2022-04-07T10:16:11","modified_gmt":"2022-04-07T10:16:11","slug":"protector-contra-salpicaduras-grillsymbol-para-modelo-pro-basic-960","status":"publish","type":"product","link":"https:\/\/www.grillsymbol.com\/es\/shop\/tapas-para-paelleras\/protector-contra-salpicaduras-grillsymbol-para-modelo-pro-basic-960\/","title":{"rendered":"Protector contra salpicaduras GrillSymbol para modelo PRO-960 (inox)"},"content":{"rendered":"<ul>\n<li dir=\"&quot;ltr&quot;\">Fabricado de acero inoxidable de 1 mm<\/li>\n<li dir=\"&quot;ltr&quot;\">Se fija a los mangos de la sart\u00e9n<\/li>\n<li dir=\"&quot;ltr&quot;\">Ligero, pl\u00e1stico, f\u00e1cil de limpiar<\/li>\n<li dir=\"&quot;ltr&quot;\">Adecuado para los modelos PRO-960\/ PRO-960 inox\/ PRO-960 light<\/li>\n<\/ul>\n","protected":false},"excerpt":{"rendered":"<p>La protecci\u00f3n que tiene contra salpicaduras, protege a los clientes de salpicaduras de grasa.<\/p>\n<p>El protector contra salpicaduras tambi\u00e9n brinda protecci\u00f3n contra el viento fr\u00edo, que puede enfriar demasiado la comida que est\u00e9 en la sart\u00e9n.<\/p>\n","protected":false},"featured_media":4302,"comment_status":"open","ping_status":"closed","template":"","meta":{"footnotes":""},"class_list":["post-10300","product","type-product","status-publish","has-post-thumbnail","hentry","product_cat-tapas-para-paelleras"],"_links":{"self":[{"href":"https:\/\/www.grillsymbol.com\/es\/wp-json\/wp\/v2\/product\/10300","targetHints":{"allow":["GET"]}}],"collection":[{"href":"https:\/\/www.grillsymbol.com\/es\/wp-json\/wp\/v2\/product"}],"about":[{"href":"https:\/\/www.grillsymbol.com\/es\/wp-json\/wp\/v2\/types\/product"}],"replies":[{"embeddable":true,"href":"https:\/\/www.grillsymbol.com\/es\/wp-json\/wp\/v2\/comments?post=10300"}],"version-history":[{"count":0,"href":"https:\/\/www.grillsymbol.com\/es\/wp-json\/wp\/v2\/product\/10300\/revisions"}],"wp:featuredmedia":[{"embeddable":true,"href":"https:\/\/www.grillsymbol.com\/es\/wp-json\/wp\/v2\/media\/4302"}],"wp:attachment":[{"href":"https:\/\/www.grillsymbol.com\/es\/wp-json\/wp\/v2\/media?parent=10300"}],"curies":[{"name":"wp","href":"https:\/\/api.w.org\/{rel}","templated":true}]}}