{"id":10373,"date":"2017-04-11T07:04:17","date_gmt":"2017-04-11T07:04:17","guid":{"rendered":"https:\/\/www.grillsymbol.com\/shop\/sin%20categor\u00eda\/grillsymbol-paella-wok-solution-pro-915\/"},"modified":"2022-04-19T20:01:57","modified_gmt":"2022-04-19T20:01:57","slug":"grillsymbol-sarten-wok-915","status":"publish","type":"product","link":"https:\/\/www.grillsymbol.com\/es\/shop\/paelleras-y-sartenes-wok\/grillsymbol-sarten-wok-915\/","title":{"rendered":"GrillSymbol sart\u00e9n wok 915"},"content":{"rendered":"<ul>\n<li>Di\u00e1metro: 91,5 cm<\/li>\n<li>Capacidad: 50 porciones<\/li>\n<li>Profundidad: 12 cm<\/li>\n<li>Peso: 32 kg la sart\u00e9n<\/li>\n<li>La sart\u00e9n esta hecha de acero laminado en caliente de 5 mm<\/li>\n<li>Incluye el adaptador<\/li>\n<\/ul>\n<p>&nbsp;<\/p>\n<p>Por su gran capacidad, es perfecta para empresas de catering y restaurantes.<\/p>\n","protected":false},"excerpt":{"rendered":"<p><strong>El WS-915 es un conjunto de una sart\u00e9n wok y un adaptador.<\/strong> Se puede instalar en los modelos PRO-960\/ PRO-960 inox\/ PRO-960 light y en la estufa a gas TW-960 y TW-960 inox. Combinado con el adaptador incluido, puedes obtener un juego de sartenes multifuncional, donde se puede preparar una amplia variedad de platos usando un wok o una sart\u00e9n grill.<\/p>\n<p>El adaptador aumenta la protecci\u00f3n contra el viento porque los bordes doblados hacia arriba del wok crean una salida de aire m\u00e1s grande. La instalaci\u00f3n del adaptador es muy r\u00e1pida y f\u00e1cil.<\/p>\n","protected":false},"featured_media":15876,"comment_status":"open","ping_status":"closed","template":"","meta":{"footnotes":""},"class_list":["post-10373","product","type-product","status-publish","has-post-thumbnail","hentry","product_cat-paelleras-y-sartenes-wok"],"_links":{"self":[{"href":"https:\/\/www.grillsymbol.com\/es\/wp-json\/wp\/v2\/product\/10373","targetHints":{"allow":["GET"]}}],"collection":[{"href":"https:\/\/www.grillsymbol.com\/es\/wp-json\/wp\/v2\/product"}],"about":[{"href":"https:\/\/www.grillsymbol.com\/es\/wp-json\/wp\/v2\/types\/product"}],"replies":[{"embeddable":true,"href":"https:\/\/www.grillsymbol.com\/es\/wp-json\/wp\/v2\/comments?post=10373"}],"version-history":[{"count":0,"href":"https:\/\/www.grillsymbol.com\/es\/wp-json\/wp\/v2\/product\/10373\/revisions"}],"wp:featuredmedia":[{"embeddable":true,"href":"https:\/\/www.grillsymbol.com\/es\/wp-json\/wp\/v2\/media\/15876"}],"wp:attachment":[{"href":"https:\/\/www.grillsymbol.com\/es\/wp-json\/wp\/v2\/media?parent=10373"}],"curies":[{"name":"wp","href":"https:\/\/api.w.org\/{rel}","templated":true}]}}