{"id":10421,"date":"2017-04-11T07:03:38","date_gmt":"2017-04-11T07:03:38","guid":{"rendered":"https:\/\/www.grillsymbol.com\/shop\/sin%20categor\u00eda\/grillsymbol-paella-wok-solution-pro-675\/"},"modified":"2022-04-19T19:48:33","modified_gmt":"2022-04-19T19:48:33","slug":"grillsymbol-sarten-wok-675","status":"publish","type":"product","link":"https:\/\/www.grillsymbol.com\/es\/shop\/paelleras-y-sartenes-wok\/grillsymbol-sarten-wok-675\/","title":{"rendered":"GrillSymbol sart\u00e9n wok 675"},"content":{"rendered":"<ul>\n<li>Di\u00e1metro: 67 cm<\/li>\n<li>Capacidad: 25 porciones<\/li>\n<li>Profundidad: 11 cm<\/li>\n<li>Peso: 17 kg<\/li>\n<li>La sart\u00e9n esta hecha de acero de 4 mm<\/li>\n<li>Incluye el adaptador<\/li>\n<\/ul>\n","protected":false},"excerpt":{"rendered":"<p><strong>WS-675<\/strong> es un juego de sart\u00e9n wok y adaptador. Se puede instalar en las estufas de gas PRO-720\/ PRO-720i y TW-720 y TW-720i.<\/p>\n<p>Combinado con el adaptador incluido, puedes obtener un juego de sartenes multifuncional, donde se puede preparar una amplia variedad de platos usando un wok o una sart\u00e9n grill.<\/p>\n<p>El adaptador incluido aumenta la protecci\u00f3n contra el viento, ya que los bordes doblados hacia arriba del wok crean una salida de aire m\u00e1s grande. La instalaci\u00f3n del adaptador es muy r\u00e1pida y sencilla.<\/p>\n","protected":false},"featured_media":15900,"comment_status":"open","ping_status":"closed","template":"","meta":{"footnotes":""},"class_list":["post-10421","product","type-product","status-publish","has-post-thumbnail","hentry","product_cat-paelleras-y-sartenes-wok"],"_links":{"self":[{"href":"https:\/\/www.grillsymbol.com\/es\/wp-json\/wp\/v2\/product\/10421","targetHints":{"allow":["GET"]}}],"collection":[{"href":"https:\/\/www.grillsymbol.com\/es\/wp-json\/wp\/v2\/product"}],"about":[{"href":"https:\/\/www.grillsymbol.com\/es\/wp-json\/wp\/v2\/types\/product"}],"replies":[{"embeddable":true,"href":"https:\/\/www.grillsymbol.com\/es\/wp-json\/wp\/v2\/comments?post=10421"}],"version-history":[{"count":0,"href":"https:\/\/www.grillsymbol.com\/es\/wp-json\/wp\/v2\/product\/10421\/revisions"}],"wp:featuredmedia":[{"embeddable":true,"href":"https:\/\/www.grillsymbol.com\/es\/wp-json\/wp\/v2\/media\/15900"}],"wp:attachment":[{"href":"https:\/\/www.grillsymbol.com\/es\/wp-json\/wp\/v2\/media?parent=10421"}],"curies":[{"name":"wp","href":"https:\/\/api.w.org\/{rel}","templated":true}]}}