{"id":10457,"date":"2017-04-11T06:56:33","date_gmt":"2017-04-11T06:56:33","guid":{"rendered":"https:\/\/www.grillsymbol.com\/shop\/sin%20categor\u00eda\/grillsymbol-lid-for-46-cm-paella-pan\/"},"modified":"2025-06-30T10:03:33","modified_gmt":"2025-06-30T10:03:33","slug":"tapa-grillsymbol-para-modelo-pro-460-pro-460-inox","status":"publish","type":"product","link":"https:\/\/www.grillsymbol.com\/es\/shop\/tapas-para-paelleras\/tapa-grillsymbol-para-modelo-pro-460-pro-460-inox\/","title":{"rendered":"Tapa GrillSymbol para modelo PRO-460"},"content":{"rendered":"<ul>\n<li dir=\"\\&quot;&quot;ltr&quot;\\&quot;\">Di\u00e1metro: 44 cm<\/li>\n<li dir=\"\\&quot;&quot;ltr&quot;\\&quot;\">Fabricado en aluminio de 2 mm<\/li>\n<li dir=\"\\&quot;&quot;ltr&quot;\\&quot;\">Peso: 0.9 kg<\/li>\n<li dir=\"\\&quot;&quot;ltr&quot;\\&quot;\">El mango es f\u00e1cil de instalar\/ quitar<\/li>\n<\/ul>\n<p>&nbsp;<\/p>\n<p>\u00a1NB! Puede haber restos de \u00f3xido de aluminio, es decir, manchas blancas en el interior de la tapa. Esta es una caracter\u00edstica especial del material y no tiene ning\u00fan efecto en t\u00e9rminos de uso. Visualmente tambi\u00e9n desaparecen bastante r\u00e1pido, ya que durante el cocinado la superficie interior de la tapa se cubre de salpicaduras de grasa.<\/p>\n","protected":false},"excerpt":{"rendered":"<p>Tapa ligera de aluminio, tambi\u00e9n se adapta a los modelos PRO-460\/ PRO-460 inox\/ Basic-460.<\/p>\n","protected":false},"featured_media":13501,"comment_status":"open","ping_status":"closed","template":"","meta":{"footnotes":""},"class_list":["post-10457","product","type-product","status-publish","has-post-thumbnail","hentry","product_cat-tapas-para-paelleras"],"_links":{"self":[{"href":"https:\/\/www.grillsymbol.com\/es\/wp-json\/wp\/v2\/product\/10457","targetHints":{"allow":["GET"]}}],"collection":[{"href":"https:\/\/www.grillsymbol.com\/es\/wp-json\/wp\/v2\/product"}],"about":[{"href":"https:\/\/www.grillsymbol.com\/es\/wp-json\/wp\/v2\/types\/product"}],"replies":[{"embeddable":true,"href":"https:\/\/www.grillsymbol.com\/es\/wp-json\/wp\/v2\/comments?post=10457"}],"version-history":[{"count":0,"href":"https:\/\/www.grillsymbol.com\/es\/wp-json\/wp\/v2\/product\/10457\/revisions"}],"wp:featuredmedia":[{"embeddable":true,"href":"https:\/\/www.grillsymbol.com\/es\/wp-json\/wp\/v2\/media\/13501"}],"wp:attachment":[{"href":"https:\/\/www.grillsymbol.com\/es\/wp-json\/wp\/v2\/media?parent=10457"}],"curies":[{"name":"wp","href":"https:\/\/api.w.org\/{rel}","templated":true}]}}