{"id":10475,"date":"2017-04-11T06:56:21","date_gmt":"2017-04-11T06:56:21","guid":{"rendered":"https:\/\/www.grillsymbol.com\/shop\/sin%20categor\u00eda\/grillsymbol-lid-for-58-cm-paella-pan\/"},"modified":"2024-04-03T11:09:31","modified_gmt":"2024-04-03T11:09:31","slug":"tapa-grillsymbol-para-modelo-pro-basic-580","status":"publish","type":"product","link":"https:\/\/www.grillsymbol.com\/es\/shop\/tapas-para-paelleras\/tapa-grillsymbol-para-modelo-pro-basic-580\/","title":{"rendered":"Tapa GrillSymbol para modelo PRO\/ Basic-580"},"content":{"rendered":"<ul>\n<li>Di\u00e1metro: 56 cm<\/li>\n<li>Fabricado en aluminio de 2 mm<\/li>\n<li>Peso: 1.5 kg<\/li>\n<li>Incluye el gancho para colgar<\/li>\n<li>El mango es f\u00e1cil de instalar\/ quitar<\/li>\n<\/ul>\n<p>&nbsp;<\/p>\n<p>\u00a1NB! Puede haber restos de \u00f3xido de aluminio, es decir, manchas blancas en el interior de la tapa. Esta es una caracter\u00edstica especial del material y no tiene ning\u00fan efecto en t\u00e9rminos de uso. Visualmente tambi\u00e9n desaparecen bastante r\u00e1pido, ya que durante el cocinado la superficie interior de la tapa se cubre de salpicaduras de grasa.<\/p>\n","protected":false},"excerpt":{"rendered":"<p>Tapa ligera de aluminio, tambi\u00e9n se adapta a los modelos PRO-580\/ PRO-580 inox\/ Basic 580.<\/p>\n","protected":false},"featured_media":13504,"comment_status":"open","ping_status":"closed","template":"","meta":{"footnotes":""},"class_list":["post-10475","product","type-product","status-publish","has-post-thumbnail","hentry","product_cat-tapas-para-paelleras"],"_links":{"self":[{"href":"https:\/\/www.grillsymbol.com\/es\/wp-json\/wp\/v2\/product\/10475","targetHints":{"allow":["GET"]}}],"collection":[{"href":"https:\/\/www.grillsymbol.com\/es\/wp-json\/wp\/v2\/product"}],"about":[{"href":"https:\/\/www.grillsymbol.com\/es\/wp-json\/wp\/v2\/types\/product"}],"replies":[{"embeddable":true,"href":"https:\/\/www.grillsymbol.com\/es\/wp-json\/wp\/v2\/comments?post=10475"}],"version-history":[{"count":0,"href":"https:\/\/www.grillsymbol.com\/es\/wp-json\/wp\/v2\/product\/10475\/revisions"}],"wp:featuredmedia":[{"embeddable":true,"href":"https:\/\/www.grillsymbol.com\/es\/wp-json\/wp\/v2\/media\/13504"}],"wp:attachment":[{"href":"https:\/\/www.grillsymbol.com\/es\/wp-json\/wp\/v2\/media?parent=10475"}],"curies":[{"name":"wp","href":"https:\/\/api.w.org\/{rel}","templated":true}]}}