{"id":10572,"date":"2017-04-11T06:54:42","date_gmt":"2017-04-11T06:54:42","guid":{"rendered":"https:\/\/www.grillsymbol.com\/shop\/sin%20categor\u00eda\/grillsymbol-paella-gas-cooker-tw-960\/"},"modified":"2023-12-14T09:53:09","modified_gmt":"2023-12-14T09:53:09","slug":"grillsymbol-quemador-para-paella-uso-exterior-tw-960","status":"publish","type":"product","link":"https:\/\/www.grillsymbol.com\/es\/shop\/paelleros\/grillsymbol-quemador-para-paella-uso-exterior-tw-960\/","title":{"rendered":"GrillSymbol Quemador para paella, uso exterior TW-960"},"content":{"rendered":"<ul>\n<li>Di\u00e1metro: 86 cm<\/li>\n<li>Peso: 22 kg<\/li>\n<li>Altura: 85 cm<\/li>\n<li>Quemador: 21 kW, di\u00e1metro de 600 mm<\/li>\n<li>Los tres circuitos del quemador se pueden ajustar por separado<\/li>\n<li>Consumo de gas a plena capacidad : 1,5 kg\/h, en condiciones normales 0,5-1 kg\/h<\/li>\n<li>El quemador se enciende el\u00e9ctricamente con la energ\u00eda de la bater\u00eda<\/li>\n<li>Las patas (71 cm) se montan y desmontan con tornillos mariposa<\/li>\n<li>Se puede pedir con patas de 10 cm (para colocar sobre una mesa u otra superficie)<\/li>\n<li>El producto cumple con los requisitos de la Directiva 2009\/142\/CE<\/li>\n<li>CE 1336-10<\/li>\n<\/ul>\n<p>\u00a1NB! La boquilla adecuada se monta en f\u00e1brica seg\u00fan el pa\u00eds de destino del pedido.<\/p>\n<p>\u00a1NB! El regulador de gas, la manguera de gas y la tapa no est\u00e1n incluidos en el set.<\/p>\n<p>&nbsp;<\/p>\n<p><strong>GrillSymbol Triple Windshied:<\/strong><\/p>\n<p>&nbsp;<\/p>\n<ul>\n<li>Triple Windshield \u2013 triple protecci\u00f3n contra el viento<\/li>\n<li>Triple Windshield \u2013 el calor se dirige directamente a la sart\u00e9n, no se desvanece<\/li>\n<li>Triple Windshield \u2013 menor consumo de gas<\/li>\n<li>Click and Cook- Alimentado por la energ\u00eda de la bateria- olvida las cerillas<\/li>\n<li>Estructura y patas resistentes: el producto es estable<\/li>\n<li>Patas y protecci\u00f3n contra el viento de acero inoxidable: no se oxida y es f\u00e1cil de mantener<\/li>\n<li>Listo para usar, premontado, el montaje toma solo dos minutos<\/li>\n<li>GrillSymbol \u2013 empresa familiar desde 1925. Los productos han sido desarrollados y fabricados en Estonia y probados en los pa\u00edses n\u00f3rdicos<\/li>\n<\/ul>\n<p>&nbsp;<\/p>\n","protected":false},"excerpt":{"rendered":"<p><strong>El producto TW-960 es utilizado por:<\/strong><\/p>\n<p>&nbsp;<\/p>\n<ul>\n<li>Principalmente clientes que tienen una sart\u00e9n de 90-100 cm de di\u00e1metro y necesitan un set sin sart\u00e9n<\/li>\n<li>Proveedores de servicios de catering, restaurantes<\/li>\n<\/ul>\n<p>&nbsp;<\/p>\n<p>Estufa de gas extremadamente potente para uso <strong>exterior<\/strong>.<\/p>\n","protected":false},"featured_media":16351,"comment_status":"open","ping_status":"closed","template":"","meta":{"footnotes":""},"class_list":["post-10572","product","type-product","status-publish","has-post-thumbnail","hentry","product_cat-paelleros"],"_links":{"self":[{"href":"https:\/\/www.grillsymbol.com\/es\/wp-json\/wp\/v2\/product\/10572","targetHints":{"allow":["GET"]}}],"collection":[{"href":"https:\/\/www.grillsymbol.com\/es\/wp-json\/wp\/v2\/product"}],"about":[{"href":"https:\/\/www.grillsymbol.com\/es\/wp-json\/wp\/v2\/types\/product"}],"replies":[{"embeddable":true,"href":"https:\/\/www.grillsymbol.com\/es\/wp-json\/wp\/v2\/comments?post=10572"}],"version-history":[{"count":0,"href":"https:\/\/www.grillsymbol.com\/es\/wp-json\/wp\/v2\/product\/10572\/revisions"}],"wp:featuredmedia":[{"embeddable":true,"href":"https:\/\/www.grillsymbol.com\/es\/wp-json\/wp\/v2\/media\/16351"}],"wp:attachment":[{"href":"https:\/\/www.grillsymbol.com\/es\/wp-json\/wp\/v2\/media?parent=10572"}],"curies":[{"name":"wp","href":"https:\/\/api.w.org\/{rel}","templated":true}]}}