{"id":10599,"date":"2017-04-11T06:54:30","date_gmt":"2017-04-11T06:54:30","guid":{"rendered":"https:\/\/www.grillsymbol.com\/shop\/sin%20categor\u00eda\/grillsymbol-paella-gas-cooker-tw-720\/"},"modified":"2023-12-14T09:45:01","modified_gmt":"2023-12-14T09:45:01","slug":"grillsymbol-quemador-para-paella-uso-exterior-tw-720","status":"publish","type":"product","link":"https:\/\/www.grillsymbol.com\/es\/shop\/paelleros\/grillsymbol-quemador-para-paella-uso-exterior-tw-720\/","title":{"rendered":"GrillSymbol Quemador para paella, uso exterior TW-720"},"content":{"rendered":"<ul>\n<li>Di\u00e1metro: 61 cm<\/li>\n<li>Peso: 15 kg<\/li>\n<li>Altura: 85 cm<\/li>\n<li>Quemador: 11,4 kW, di\u00e1metro de 400 mm<\/li>\n<li>Los dos circuitos del quemador se pueden ajustar por separado<\/li>\n<li>Consumo de gas a plena capacidad : 1 kg\/h, en condiciones normales 0,3-0,6 kg\/h<\/li>\n<li>El quemador se enciende el\u00e9ctricamente con la energ\u00eda de la bater\u00eda<\/li>\n<li>Las patas (71 cm) se montan y desmontan con tornillos mariposa<\/li>\n<li>Se puede pedir con patas de 10 cm (para colocar sobre una mesa u otra superficie)<\/li>\n<li>El producto cumple con los requisitos de la Directiva 2009\/142\/CE<\/li>\n<li>CE 1336-10<\/li>\n<\/ul>\n<p>\u00a1NB! La boquilla adecuada se monta en f\u00e1brica seg\u00fan el pa\u00eds de destino del pedido.<\/p>\n<p>\u00a1NB! El regulador de gas, la manguera de gas y la tapa no est\u00e1n incluidos en el set.<\/p>\n<p>&nbsp;<\/p>\n<p><strong>GrillSymbol Triple Windshied:<\/strong><\/p>\n<p>&nbsp;<\/p>\n<ul>\n<li>Triple Windshield \u2013 triple protecci\u00f3n contra el viento<\/li>\n<li>Triple Windshield \u2013 el calor se dirige directamente a la sart\u00e9n, no se desvanece<\/li>\n<li>Triple Windshield \u2013 menor consumo de gas<\/li>\n<li>Click and Cook- Alimentado por la energ\u00eda de la bateria- olvida las cerillas<\/li>\n<li>Estructura y patas resistentes: el producto es estable<\/li>\n<li>Patas y protecci\u00f3n contra el viento de acero inoxidable: no se oxida y es f\u00e1cil de mantener<\/li>\n<li>Listo para usar, premontado, el montaje toma solo dos minutos<\/li>\n<li>GrillSymbol \u2013 empresa familiar desde 1925. Los productos han sido desarrollados y fabricados en Estonia y probados en los pa\u00edses n\u00f3rdicos<\/li>\n<\/ul>\n<p>&nbsp;<\/p>\n","protected":false},"excerpt":{"rendered":"<p><strong>El producto TW-580 es utilizado por:<\/strong><\/p>\n<p>&nbsp;<\/p>\n<ul>\n<li>Principalmente clientes que tienen una sart\u00e9n de 65-75 cm de di\u00e1metro y necesitan un set sin sart\u00e9n<\/li>\n<li>Caterings al aire libre que hacen sopas<\/li>\n<li>Usuarios dom\u00e9sticos que tengan una cocina en el exterior<\/li>\n<li>Ideal para los que hagan cerveca casera<\/li>\n<\/ul>\n<p>&nbsp;<\/p>\n<p>Estufa de gas para exterior ligera y funcional con un potente quemador.<\/p>\n<p>&nbsp;<\/p>\n","protected":false},"featured_media":16293,"comment_status":"open","ping_status":"closed","template":"","meta":{"footnotes":""},"class_list":["post-10599","product","type-product","status-publish","has-post-thumbnail","hentry","product_cat-paelleros"],"_links":{"self":[{"href":"https:\/\/www.grillsymbol.com\/es\/wp-json\/wp\/v2\/product\/10599","targetHints":{"allow":["GET"]}}],"collection":[{"href":"https:\/\/www.grillsymbol.com\/es\/wp-json\/wp\/v2\/product"}],"about":[{"href":"https:\/\/www.grillsymbol.com\/es\/wp-json\/wp\/v2\/types\/product"}],"replies":[{"embeddable":true,"href":"https:\/\/www.grillsymbol.com\/es\/wp-json\/wp\/v2\/comments?post=10599"}],"version-history":[{"count":0,"href":"https:\/\/www.grillsymbol.com\/es\/wp-json\/wp\/v2\/product\/10599\/revisions"}],"wp:featuredmedia":[{"embeddable":true,"href":"https:\/\/www.grillsymbol.com\/es\/wp-json\/wp\/v2\/media\/16293"}],"wp:attachment":[{"href":"https:\/\/www.grillsymbol.com\/es\/wp-json\/wp\/v2\/media?parent=10599"}],"curies":[{"name":"wp","href":"https:\/\/api.w.org\/{rel}","templated":true}]}}