{"id":10629,"date":"2017-04-11T06:52:44","date_gmt":"2017-04-11T06:52:44","guid":{"rendered":"https:\/\/www.grillsymbol.com\/shop\/sin%20categor\u00eda\/grillsymbol-paella-gas-cooker-tw-460\/"},"modified":"2023-12-14T09:52:09","modified_gmt":"2023-12-14T09:52:09","slug":"grillsymbol-quemador-para-paella-uso-exterior-tw-460","status":"publish","type":"product","link":"https:\/\/www.grillsymbol.com\/es\/shop\/paelleros\/grillsymbol-quemador-para-paella-uso-exterior-tw-460\/","title":{"rendered":"GrillSymbol Quemador para paella, uso exterior TW-460"},"content":{"rendered":"<ul>\n<li>Di\u00e1metro: 37 cm<\/li>\n<li>Peso: 3 kg<\/li>\n<li>Quemador: 6,5 kW, di\u00e1metro de 30 cm<\/li>\n<li>Consumo de gas a plena capacidad : 0,6 kg\/h, en condiciones normales 0,2-0,4 kg\/h<\/li>\n<li>El set incluye unas patas cortas (17cm)<\/li>\n<li>Las patas se montan y desmontan con tornillos (mariposa)<\/li>\n<\/ul>\n<p>\u00a1NB! La boquilla adecuada se monta en f\u00e1brica seg\u00fan el pa\u00eds de destino del pedido.<\/p>\n<p>\u00a1NB! El regulador de gas y la manguera de gas no est\u00e1n incluidos en el set.<\/p>\n<p>&nbsp;<\/p>\n<p><strong>GrillSymbol Triple Windshied:<\/strong><\/p>\n<p>&nbsp;<\/p>\n<ul>\n<li>Triple Windshield \u2013 triple protecci\u00f3n contra el viento<\/li>\n<li>Triple Windshield \u2013 el calor se dirige directamente a la sart\u00e9n, no se desvanece<\/li>\n<li>Triple Windshield \u2013 menor consumo de gas<\/li>\n<li>Estructura y patas resistentes: el producto es estable<\/li>\n<li>Patas y protecci\u00f3n contra el viento de acero inoxidable: no se oxida y es f\u00e1cil de mantener<\/li>\n<li>Listo para usar, premontado, el montaje toma solo dos minutos<\/li>\n<li>GrillSymbol \u2013 empresa familiar desde 1925. Los productos han sido desarrollados y fabricados en Estonia y probados en los pa\u00edses n\u00f3rdicos<\/li>\n<\/ul>\n<p>&nbsp;<\/p>\n","protected":false},"excerpt":{"rendered":"<p>Apto para caterings al aire libre, que hacen sopas y salsas. Ideal tambi\u00e9n para usuarios dom\u00e9sticos que tengan una cocina en el exterior\u00a0 para cocinar y que hagan tambi\u00e9n cerveca casera. Estufa de gas para exterior ligera y funcional con un potente quemador.<\/p>\n","protected":false},"featured_media":14085,"comment_status":"open","ping_status":"closed","template":"","meta":{"footnotes":""},"class_list":["post-10629","product","type-product","status-publish","has-post-thumbnail","hentry","product_cat-paelleros"],"_links":{"self":[{"href":"https:\/\/www.grillsymbol.com\/es\/wp-json\/wp\/v2\/product\/10629","targetHints":{"allow":["GET"]}}],"collection":[{"href":"https:\/\/www.grillsymbol.com\/es\/wp-json\/wp\/v2\/product"}],"about":[{"href":"https:\/\/www.grillsymbol.com\/es\/wp-json\/wp\/v2\/types\/product"}],"replies":[{"embeddable":true,"href":"https:\/\/www.grillsymbol.com\/es\/wp-json\/wp\/v2\/comments?post=10629"}],"version-history":[{"count":0,"href":"https:\/\/www.grillsymbol.com\/es\/wp-json\/wp\/v2\/product\/10629\/revisions"}],"wp:featuredmedia":[{"embeddable":true,"href":"https:\/\/www.grillsymbol.com\/es\/wp-json\/wp\/v2\/media\/14085"}],"wp:attachment":[{"href":"https:\/\/www.grillsymbol.com\/es\/wp-json\/wp\/v2\/media?parent=10629"}],"curies":[{"name":"wp","href":"https:\/\/api.w.org\/{rel}","templated":true}]}}