{"id":10707,"date":"2017-04-11T06:12:57","date_gmt":"2017-04-11T06:12:57","guid":{"rendered":"https:\/\/www.grillsymbol.com\/shop\/sin%20categor\u00eda\/grillsymbol-paella-wok-set-pro-675\/"},"modified":"2026-03-26T15:20:25","modified_gmt":"2026-03-26T15:20:25","slug":"grillsymbol-quemador-de-sarten-wok-pro-675-o-67-cm","status":"publish","type":"product","link":"https:\/\/www.grillsymbol.com\/es\/shop\/quemadores-de-sarten-wok\/grillsymbol-quemador-de-sarten-wok-pro-675-o-67-cm\/","title":{"rendered":"GrillSymbol Quemador de sart\u00e9n wok PRO-675, \u00f8 67 cm"},"content":{"rendered":"<ul>\n<li>Di\u00e1metro: 67,5 cm<\/li>\n<li>Capacidad: 25 porciones<\/li>\n<li>Altura: 85 cm<\/li>\n<li>Profundidad: 11 cm<\/li>\n<li>Peso: 14 kg la\u00a0 sart\u00e9n, peso total del kit 30 kg<\/li>\n<li>La sart\u00e9n est\u00e1 hecha de acero de 4 mm<\/li>\n<li>El quemador: 11,4 kW, di\u00e1metro de 400 mm<\/li>\n<li>Los dos circuitos del quemador se pueden ajustar individualmente<\/li>\n<li>Consumo de gas a plena capacidad 1 kg\/h, en circunstancias normales desde 0,3 hasta 0,6 kg\/h<\/li>\n<li>El quemador se enciende el\u00e9ctricamente con la energ\u00eda de la bater\u00eda<\/li>\n<li>Las patas se desmontan y montan con tornillos (mariposa)<\/li>\n<li>El producto cumple con los requisitos de la Directiva 2009\/142\/CE<\/li>\n<li>CE 1336-10<\/li>\n<\/ul>\n<p>&nbsp;<\/p>\n<p>\u00a1NB! La boquilla adecuada se monta en f\u00e1brica seg\u00fan el pa\u00eds de destino del pedido.<\/p>\n<p>\u00a1NB! El regulador de gas, la manguera de gas y la tapa no est\u00e1n incluidos en el set.<\/p>\n<p>&nbsp;<\/p>\n<p><strong>Ventajas de los productos de GrillSymbol serie PRO:<\/strong><\/p>\n<p>&nbsp;<\/p>\n<ul>\n<li>La sart\u00e9n con borde alto permite hornear, freir, hervir y cocer<\/li>\n<li>Triple Windshield \u2013 triple protecci\u00f3n contra el viento<\/li>\n<li>Triple Windshield &#8211; el calor se dirige directamente a la sart\u00e9n, no se desvanece<\/li>\n<li>Triple Windshield &#8211; menor consumo de gas<\/li>\n<li>Click and Cook- enciende el fuego con la bater\u00eda- olv\u00eddate de las cerillas<\/li>\n<li>Estructura y patas resistentes: el producto es estable<\/li>\n<li>Patas y protecci\u00f3n contra el viento de acero inoxidable: no se oxida y es f\u00e1cil de mantener<\/li>\n<li>El kit de soluci\u00f3n completa tambi\u00e9n incluye un regulador de gas y una manguera<\/li>\n<li>Listo para usar, premontado, el montaje toma solo dos minutos<\/li>\n<li>Las partes del quemador y de la protecci\u00f3n contra el viento se pueden usar con diferentes sartenes<\/li>\n<li>GrillSymbol \u2013 empresa familiar desde 1925. Los productos han sido desarrollados y fabricados en Estonia y probados en los pa\u00edses n\u00f3rdicos.<\/li>\n<\/ul>\n","protected":false},"excerpt":{"rendered":"<p>La sart\u00e9n WOK de acero profundo con<strong> fondo convexo, <\/strong>se utiliza principalmente para cocinar platos asi\u00e1ticos. Con muy buenas propiedades de cocinado. Varios woks, sopas como Tom Kha, Tom Yum y muchos otros platos se cocinan r\u00e1pidamente gracias a un potente quemador de gas. Dado que el wok de 67 cm es m\u00e1s productivo y r\u00e1pido que la mayor\u00eda de las freidoras, la sart\u00e9n tambi\u00e9n es adecuada para fre\u00edr: rollitos de primavera, tempura, fish and chips y patatas fritas, falafel, alitas de pollo, aros de cebolla y calamar, etc.<\/p>\n<p><strong>PRO-675<\/strong> es un modelo popular para usuarios dom\u00e9sticos que invitan a una gran cantidad de invitados y organizan fiestas de barbacoa m\u00e1s grandes. Este modelo tambi\u00e9n es utilizado por empresas de catering. Estructura fuerte, potente quemador de gas y sart\u00e9n-wok con fondo curvo, son la mejor uni\u00f3n. Triple Windshield\u00a0garantiza la mejor protecci\u00f3n posible contra el viento y la llama de gas no se apagar\u00e1 ni con viento moderado.<\/p>\n","protected":false},"featured_media":16423,"comment_status":"open","ping_status":"closed","template":"","meta":{"footnotes":""},"class_list":["post-10707","product","type-product","status-publish","has-post-thumbnail","hentry","product_cat-quemadores-de-sarten-wok"],"_links":{"self":[{"href":"https:\/\/www.grillsymbol.com\/es\/wp-json\/wp\/v2\/product\/10707","targetHints":{"allow":["GET"]}}],"collection":[{"href":"https:\/\/www.grillsymbol.com\/es\/wp-json\/wp\/v2\/product"}],"about":[{"href":"https:\/\/www.grillsymbol.com\/es\/wp-json\/wp\/v2\/types\/product"}],"replies":[{"embeddable":true,"href":"https:\/\/www.grillsymbol.com\/es\/wp-json\/wp\/v2\/comments?post=10707"}],"version-history":[{"count":0,"href":"https:\/\/www.grillsymbol.com\/es\/wp-json\/wp\/v2\/product\/10707\/revisions"}],"wp:featuredmedia":[{"embeddable":true,"href":"https:\/\/www.grillsymbol.com\/es\/wp-json\/wp\/v2\/media\/16423"}],"wp:attachment":[{"href":"https:\/\/www.grillsymbol.com\/es\/wp-json\/wp\/v2\/media?parent=10707"}],"curies":[{"name":"wp","href":"https:\/\/api.w.org\/{rel}","templated":true}]}}