{"id":10728,"date":"2017-04-11T06:12:28","date_gmt":"2017-04-11T06:12:28","guid":{"rendered":"https:\/\/www.grillsymbol.com\/shop\/sin%20categor\u00eda\/grillsymbol-paella-frying-pan-set-pro-960-inox\/"},"modified":"2026-01-08T00:02:31","modified_gmt":"2026-01-08T00:02:31","slug":"grillsymbol-barbacoa-paellero-pro-960-inox-o-96-cm","status":"publish","type":"product","link":"https:\/\/www.grillsymbol.com\/es\/shop\/barbacoas-paellero\/grillsymbol-barbacoa-paellero-pro-960-inox-o-96-cm\/","title":{"rendered":"GrillSymbol Barbacoa paellero PRO-960 inox, \u00f8 96 cm"},"content":{"rendered":"<p><!-- [if gte mso 9]&gt;--><\/p>\n<p>Normal<br \/>\n0<\/p>\n<p>21<\/p>\n<p>false<br \/>\nfalse<br \/>\nfalse<\/p>\n<p>ET<br \/>\nX-NONE<br \/>\nX-NONE<\/p>\n<p><!-- [if gte mso 9]&gt;--><\/p>\n<p><!-- [if gte mso 10]&gt;--><\/p>\n<p> \/* Style Definitions *\/<br \/> table.MsoNormalTable<br \/>        {mso-style-name:\\\u00bbTable Normal\\\u00bb;<br \/>        mso-tstyle-rowband-size:0;<br \/>        mso-tstyle-colband-size:0;<br \/>        mso-style-noshow:yes;<br \/>        mso-style-priority:99;<br \/>        mso-style-qformat:yes;<br \/>        mso-style-parent:\\\u00bb\\\u00bb;<br \/>        mso-padding-alt:0cm 5.4pt 0cm 5.4pt;<br \/>        mso-para-margin:0cm;<br \/>        mso-para-margin-bottom:.0001pt;<br \/>        mso-pagination:widow-orphan;<br \/>        font-size:11.0pt;<br \/>        font-family:\\\u00bbCalibri\\\u00bb,\\\u00bbsans-serif\\\u00bb;<br \/>        mso-ascii-font-family:Calibri;<br \/>        mso-ascii-theme-font:minor-latin;<br \/>        mso-fareast-font-family:\\\u00bbTimes New Roman\\\u00bb;<br \/>        mso-fareast-theme-font:minor-fareast;<br \/>        mso-hansi-font-family:Calibri;<br \/>        mso-hansi-theme-font:minor-latin;<br \/>        mso-bidi-font-family:\\\u00bbTimes New Roman\\\u00bb;<br \/>        mso-bidi-theme-font:minor-bidi;}<\/p>\n<ul>\n<li>Di\u00e1metro: 96 cm<\/li>\n<li>Di\u00e1metro de la base: 85 cm<\/li>\n<li>Capacidad: 50-80 porciones<\/li>\n<li>Altura: 85 cm<\/li>\n<li>Altura del borde de la sart\u00e9n: 5 cm<\/li>\n<li>Peso: 32 kg la sart\u00e9n, peso total del kit 55 kg<\/li>\n<li>La sart\u00e9n est\u00e1 hecha de acero inoxidable de 5 mm, no se oxida y es facil de mantener<\/li>\n<li>El quemador: 21 kW, di\u00e1metro de 600 mm (Garcima)<\/li>\n<li>Los tres circuitos del quemador se pueden ajustar por separado<\/li>\n<li>Triple Windshield &#8211; una protecci\u00f3n triple contra el viento<\/li>\n<li>Consumo de gas a plena capacidad 1,5 kg\/h, en circunstancias normales desde 0,5 hasta 1 kg\/h<\/li>\n<li>El quemador funciona con bater\u00eda con encendido el\u00e9ctrico Click and Cook<\/li>\n<li>Las patas se desmontan y montan con tornillos (mariposa)<\/li>\n<li>El producto cumple con los requisitos de la Directiva 2009\/ 142\/ CE, CE 1336-10<\/li>\n<li>El kit completo incluye el reductor de gas y la manguera<\/li>\n<li>Listo para usar, premontado, el montaje toma solo 2 minutos<\/li>\n<li>Las partes del quemador y de la protecci\u00f3n contra el viento se pueden usar con diferentes sartenes<\/li>\n<\/ul>\n<p>&nbsp;<\/p>\n<p>\u00a1NB! La boquilla adecuada se monta en f\u00e1brica seg\u00fan el pa\u00eds de destino del pedido.<\/p>\n<p>\u00a1NB! El regulador de gas, la manguera de gas y la tapa no est\u00e1n incluidos en el set.<\/p>\n<p>&nbsp;<\/p>\n","protected":false},"excerpt":{"rendered":"<p><strong>Sart\u00e9n de acero inoxidable<\/strong> con un borde alto, ideal para guisar, asar, fre\u00edr y cocer al vapor. El acero inoxidable como material, permite preparar los mejores alimentos guisados, ya que la sart\u00e9n de acero puede agregar color o sabor a los alimentos a medida que se remoja\u00a0 la capa quemada. F\u00e1cil de limpiar y mantener. Se calienta muy rapido. Adem\u00e1s, no menos importante: \u00a1la sart\u00e9n de acero inoxidable siempre conserva su aspecto brillante!<\/p>\n<p>Nuestra sart\u00e9n m\u00e1s grande<strong>, con casi un metro de di\u00e1metro de acero inoxidable<\/strong>, est\u00e1 dise\u00f1ada para clientes que necesitan aparte de una herramienta eficaz en la preparaci\u00f3n de alimentos, tambi\u00e9n la apariencia espectacular de la sart\u00e9n. Permite preparar muy r\u00e1pido <strong>cientos de platos<\/strong> y atender a grandes multitudes de gente. Muy adecuado tanto para presentaciones de productos, como para servir comida en eventos festivos como bodas y recepciones. Este modelo es utilizado por empresas de catering, restaurantes, industrias c\u00e1rnicas y de embutidos en Finlandia, Escandinavia, Inglaterra y los Pa\u00edses B\u00e1lticos. Estructura fuerte, quemador de gas de gran potencia y una sart\u00e9n con borde alto y fondo grueso (5mm) forman un conjunto que funciona genial. <strong>Triple Windshield<\/strong> garantiza la mejor protecci\u00f3n posible contra el viento y la llama no se apagar\u00e1 ni con viento moderado.<\/p>\n<p><strong>PRO-960 inox<\/strong>\u00a0permite preparar diversos platos con ingredientes tanto crudos como precocinados. En la sart\u00e9n caben 50-80 porciones, dependiendo de lo que vayan a preparar. El borde de la sart\u00e9n de 5 cm de altura, permite guisar y cocer al vapor los alimentos (debajo de la tapa), lo que es una gran ventaja en comparaci\u00f3n con una sart\u00e9n con el borde bajo. \u00a1Usa la imaginaci\u00f3n y prepara tu plato favorito!<\/p>\n","protected":false},"featured_media":15577,"comment_status":"open","ping_status":"closed","template":"","meta":{"footnotes":""},"class_list":["post-10728","product","type-product","status-publish","has-post-thumbnail","hentry","product_cat-barbacoas-paellero"],"_links":{"self":[{"href":"https:\/\/www.grillsymbol.com\/es\/wp-json\/wp\/v2\/product\/10728","targetHints":{"allow":["GET"]}}],"collection":[{"href":"https:\/\/www.grillsymbol.com\/es\/wp-json\/wp\/v2\/product"}],"about":[{"href":"https:\/\/www.grillsymbol.com\/es\/wp-json\/wp\/v2\/types\/product"}],"replies":[{"embeddable":true,"href":"https:\/\/www.grillsymbol.com\/es\/wp-json\/wp\/v2\/comments?post=10728"}],"version-history":[{"count":0,"href":"https:\/\/www.grillsymbol.com\/es\/wp-json\/wp\/v2\/product\/10728\/revisions"}],"wp:featuredmedia":[{"embeddable":true,"href":"https:\/\/www.grillsymbol.com\/es\/wp-json\/wp\/v2\/media\/15577"}],"wp:attachment":[{"href":"https:\/\/www.grillsymbol.com\/es\/wp-json\/wp\/v2\/media?parent=10728"}],"curies":[{"name":"wp","href":"https:\/\/api.w.org\/{rel}","templated":true}]}}