{"id":10782,"date":"2017-04-11T06:37:32","date_gmt":"2017-04-11T06:37:32","guid":{"rendered":"https:\/\/www.grillsymbol.com\/shop\/sin%20categor\u00eda\/grillsymbol-paella-frying-pan-pro-960-inox\/"},"modified":"2026-03-26T15:19:18","modified_gmt":"2026-03-26T15:19:18","slug":"grillsymbol-paellera-inoxidable-fp-960-inox-o-96-cm","status":"publish","type":"product","link":"https:\/\/www.grillsymbol.com\/es\/shop\/paelleras-y-sartenes-wok\/grillsymbol-paellera-inoxidable-fp-960-inox-o-96-cm\/","title":{"rendered":"GrillSymbol paellera inoxidable FP-960 inox, \u00f8 96 cm"},"content":{"rendered":"<ul>\n<li>Di\u00e1metro: 96 cm<\/li>\n<li>Di\u00e1metro de la base: 85 cm<\/li>\n<li>Capacidad: 50-80 porciones (hasta 50 litros)<\/li>\n<li>Altura del borde de la sart\u00e9n: 5 cm<\/li>\n<li>Peso: 32 kg<\/li>\n<li>La sart\u00e9n est\u00e1 hecha de acero inoxidable de 5 mm<\/li>\n<li>GrillSymbol \u2013 empresa familiar desde 1925. Los productos han sido desarrollados y fabricados en Estonia y probados en los pa\u00edses n\u00f3rdicos<\/li>\n<\/ul>\n<p>&nbsp;<\/p>\n<p><strong>\u00a1Elija para cocinar un producto desarrollado y producido en Estonia!<\/strong><\/p>\n","protected":false},"excerpt":{"rendered":"<p>Sart\u00e9n de\u00a0<strong>acero inoxidable de fondo grueso<\/strong>\u00a0(fondo grueso es a partir de 3 mm) con borde alto, perfecta para guisar, hornear, fre\u00edr y cocinar al vapor. El acero inoxidable como material, permite preparar los mejores alimentos guisados, ya que la sart\u00e9n de acero puede agregar color o sabor a los alimentos a medida que se remoja la capa quemada. La sart\u00e9n de fondo grueso con el borde alto es especialmente adecuada para\u00a0<strong>hacer paella<\/strong>, ya que una sart\u00e9n con un fondo delgado (1-2 mm) puede quemar r\u00e1pidamente el fondo de la paella.<\/p>\n<p>La sart\u00e9n de<strong>\u00a0acero inoxidable<\/strong>\u00a0es f\u00e1cil de limpiar y mantener. Se calienta muy r\u00e1pido. Adem\u00e1s, y no menos importante: \u00a1la sart\u00e9n de acero inoxidable siempre conserva su aspecto brillante! La ventaja de una sart\u00e9n de fondo grueso sobre una de fondo delgado es que la sart\u00e9n no se deforma durante el cocinado.<\/p>\n<p>El fondo plano de la sart\u00e9n permite tanto cocinar, como mantener el calor. Ideal para usar en la cocina al aire libre, fogata o quemador de gas. \u00a1Solo usa tu imaginaci\u00f3n y prepara en la sart\u00e9n el plato que m\u00e1s te guste!<\/p>\n","protected":false},"featured_media":16157,"comment_status":"open","ping_status":"closed","template":"","meta":{"footnotes":""},"class_list":["post-10782","product","type-product","status-publish","has-post-thumbnail","hentry","product_cat-paelleras-y-wok-de-acero-inoxidable","product_cat-paelleras-y-sartenes-wok"],"_links":{"self":[{"href":"https:\/\/www.grillsymbol.com\/es\/wp-json\/wp\/v2\/product\/10782","targetHints":{"allow":["GET"]}}],"collection":[{"href":"https:\/\/www.grillsymbol.com\/es\/wp-json\/wp\/v2\/product"}],"about":[{"href":"https:\/\/www.grillsymbol.com\/es\/wp-json\/wp\/v2\/types\/product"}],"replies":[{"embeddable":true,"href":"https:\/\/www.grillsymbol.com\/es\/wp-json\/wp\/v2\/comments?post=10782"}],"version-history":[{"count":0,"href":"https:\/\/www.grillsymbol.com\/es\/wp-json\/wp\/v2\/product\/10782\/revisions"}],"wp:featuredmedia":[{"embeddable":true,"href":"https:\/\/www.grillsymbol.com\/es\/wp-json\/wp\/v2\/media\/16157"}],"wp:attachment":[{"href":"https:\/\/www.grillsymbol.com\/es\/wp-json\/wp\/v2\/media?parent=10782"}],"curies":[{"name":"wp","href":"https:\/\/api.w.org\/{rel}","templated":true}]}}