{"id":10808,"date":"2017-04-11T06:36:17","date_gmt":"2017-04-11T06:36:17","guid":{"rendered":"https:\/\/www.grillsymbol.com\/shop\/sin%20categor\u00eda\/grillsymbol-paella-frying-pan-set-pro-460\/"},"modified":"2026-03-31T09:45:12","modified_gmt":"2026-03-31T09:45:12","slug":"grillsymbol-barbacoa-paellero-pro-460-o-46-cm","status":"publish","type":"product","link":"https:\/\/www.grillsymbol.com\/es\/shop\/barbacoas-paellero\/grillsymbol-barbacoa-paellero-pro-460-o-46-cm\/","title":{"rendered":"GrillSymbol Barbacoa paellero PRO-460, \u00f8 46 cm (Cubierta y estuche de transporte gratis!)"},"content":{"rendered":"<ul>\n<li>Di\u00e1metro: 46 cm<\/li>\n<li>Di\u00e1metro de base: 37 cm<\/li>\n<li>Capacidad: 6-12 porciones<\/li>\n<li>Altura: 25 cm <strong>(incluye opcionalmente pies LG-30 de 85 cm de altura)<\/strong><\/li>\n<li>Altura del borde de la sart\u00e9n: 5 cm<\/li>\n<li>Peso: 6 kg la sart\u00e9n, peso total del kit 10 kg<\/li>\n<li>La sart\u00e9n es de acero de 3 mm, la protecci\u00f3n contra el viento y las patas son de acero inoxidable<\/li>\n<li>El quemador: 6,5 kW, el di\u00e1metro es de 300 mm (Garcima)<\/li>\n<li>Consumo de gas a plena capacidad 0,6 kg\/h, en circunstancias normales desde 0,2 hasta 0,4 kg\/h<\/li>\n<li>Las patas se desmontan y montan con tornillos (mariposa)<\/li>\n<li>El producto cumple con los requisitos de la Directiva 2009\/ 142\/ CE, CE 1336-10<\/li>\n<li>Listo para usar, premontado y el montaje toma solo unos minutos<\/li>\n<li>Las partes del quemador y de la protecci\u00f3n contra el viento se pueden usar con diferentes sartenes<\/li>\n<\/ul>\n<p>&nbsp;<\/p>\n<p>\u00a1NB! La boquilla adecuada se monta en f\u00e1brica seg\u00fan el pa\u00eds de destino del pedido.<\/p>\n<p>\u00a1NB! El regulador de gas, la manguera de gas y la tapa no est\u00e1n incluidos en el set.<\/p>\n<p>&nbsp;<\/p>\n<p>&nbsp;<\/p>\n","protected":false},"excerpt":{"rendered":"<p><strong>Con la compra del PRO-460 te regalamos cubierta y estuche de transporte gratis.<\/strong><\/p>\n<p>Sart\u00e9n de acero con un borde alto, ideal para fre\u00edr carnes, pescados, verduras y arroces varios. Tambi\u00e9n se hacen en la sart\u00e9n muy buenas tortitas\/crepes. Solo usa tu imaginaci\u00f3n y prepara en la sart\u00e9n el plato que m\u00e1s te guste!<\/p>\n<p><strong>PRO-460<\/strong> es un kit compacto, liviano, pero al mismo tiempo con una estructura fuerte para tu hogar, casa de veraneo o para una salida en la naturaleza! Esta barbacoa paellero permite preparar una variedad de platos con ingredientes precocinados y crudos. La sart\u00e9n tiene capacidad para 6-12 porciones, dependiendo de lo que se prepare en la sart\u00e9n. El fondo plano de la sart\u00e9n, la hace ideal para mantener la comida caliente. El borde de la sart\u00e9n de 5 cm de altura,\u00a0 permite guisar y cocer al vapor los alimentos (debajo de la tapa), lo que es una gran ventaja en comparaci\u00f3n con una sart\u00e9n con el borde bajo.\u00a0<strong>Triple Windshield<\/strong> garantiza la mejor protecci\u00f3n posible contra el viento y la llama de gas no se apagar\u00e1 ni con viento moderado.<\/p>\n","protected":false},"featured_media":16553,"comment_status":"open","ping_status":"closed","template":"","meta":{"footnotes":""},"class_list":["post-10808","product","type-product","status-publish","has-post-thumbnail","hentry","product_cat-barbacoas-paellero"],"_links":{"self":[{"href":"https:\/\/www.grillsymbol.com\/es\/wp-json\/wp\/v2\/product\/10808","targetHints":{"allow":["GET"]}}],"collection":[{"href":"https:\/\/www.grillsymbol.com\/es\/wp-json\/wp\/v2\/product"}],"about":[{"href":"https:\/\/www.grillsymbol.com\/es\/wp-json\/wp\/v2\/types\/product"}],"replies":[{"embeddable":true,"href":"https:\/\/www.grillsymbol.com\/es\/wp-json\/wp\/v2\/comments?post=10808"}],"version-history":[{"count":0,"href":"https:\/\/www.grillsymbol.com\/es\/wp-json\/wp\/v2\/product\/10808\/revisions"}],"wp:featuredmedia":[{"embeddable":true,"href":"https:\/\/www.grillsymbol.com\/es\/wp-json\/wp\/v2\/media\/16553"}],"wp:attachment":[{"href":"https:\/\/www.grillsymbol.com\/es\/wp-json\/wp\/v2\/media?parent=10808"}],"curies":[{"name":"wp","href":"https:\/\/api.w.org\/{rel}","templated":true}]}}