{"id":10836,"date":"2017-04-11T06:36:05","date_gmt":"2017-04-11T06:36:05","guid":{"rendered":"https:\/\/www.grillsymbol.com\/shop\/sin%20categor\u00eda\/grillsymbol-paella-gas-burner-6-5-kw\/"},"modified":"2026-01-13T14:58:18","modified_gmt":"2026-01-13T14:58:18","slug":"quemador-de-gas-grillsymbol-para-exterior-b300","status":"publish","type":"product","link":"https:\/\/www.grillsymbol.com\/es\/shop\/paelleros\/quemador-de-gas-grillsymbol-para-exterior-b300\/","title":{"rendered":"Quemador de gas GrillSymbol para exterior B300"},"content":{"rendered":"<ul>\n<li>Quemador: 6 kW, di\u00e1metro 30 cm<\/li>\n<li>Consumo de gas a plena capacidad : 0,6 kg\/h, en condiciones normales 0,2-0,4 kg\/h<\/li>\n<\/ul>\n","protected":false},"excerpt":{"rendered":"<p>Una excelente soluci\u00f3n para la elaboraci\u00f3n de diversos platos y conservas en una cocina de verano. \u00a1Haz tus propias mermeladas al aire libre! \u00a1No m\u00e1s confusi\u00f3n! Las ollas y sartenes que se usen en el paellero, tienen que tener un di\u00e1metro a partir de 30 cm.<\/p>\n<div class=\"product_meta\"><\/div>\n","protected":false},"featured_media":18057,"comment_status":"open","ping_status":"closed","template":"","meta":{"footnotes":""},"class_list":["post-10836","product","type-product","status-publish","has-post-thumbnail","hentry","product_cat-paelleros"],"_links":{"self":[{"href":"https:\/\/www.grillsymbol.com\/es\/wp-json\/wp\/v2\/product\/10836","targetHints":{"allow":["GET"]}}],"collection":[{"href":"https:\/\/www.grillsymbol.com\/es\/wp-json\/wp\/v2\/product"}],"about":[{"href":"https:\/\/www.grillsymbol.com\/es\/wp-json\/wp\/v2\/types\/product"}],"replies":[{"embeddable":true,"href":"https:\/\/www.grillsymbol.com\/es\/wp-json\/wp\/v2\/comments?post=10836"}],"version-history":[{"count":0,"href":"https:\/\/www.grillsymbol.com\/es\/wp-json\/wp\/v2\/product\/10836\/revisions"}],"wp:featuredmedia":[{"embeddable":true,"href":"https:\/\/www.grillsymbol.com\/es\/wp-json\/wp\/v2\/media\/18057"}],"wp:attachment":[{"href":"https:\/\/www.grillsymbol.com\/es\/wp-json\/wp\/v2\/media?parent=10836"}],"curies":[{"name":"wp","href":"https:\/\/api.w.org\/{rel}","templated":true}]}}