{"id":10857,"date":"2017-04-11T06:35:14","date_gmt":"2017-04-11T06:35:14","guid":{"rendered":"https:\/\/www.grillsymbol.com\/shop\/sin%20categor\u00eda\/grillsymbol-paella-gas-burner-21-kw\/"},"modified":"2026-01-13T15:18:43","modified_gmt":"2026-01-13T15:18:43","slug":"quemador-de-gas-grillsymbol-para-exterior-b600","status":"publish","type":"product","link":"https:\/\/www.grillsymbol.com\/es\/shop\/paelleros\/quemador-de-gas-grillsymbol-para-exterior-b600\/","title":{"rendered":"Quemador de gas GrillSymbol para exterior B600"},"content":{"rendered":"<ul>\n<li>Quemador: 21 kW, di\u00e1metro 60 cm<\/li>\n<li>Los tres circuitos del paellero se pueden ajustar por separado<\/li>\n<li>Consumo de gas a plena capacidad : 1,5 kg\/h, en condiciones normales 0,5-1 kg\/h<\/li>\n<\/ul>\n","protected":false},"excerpt":{"rendered":"<p>Una excelente soluci\u00f3n para la elaboraci\u00f3n de diversos platos y conservas en la cocina de verano. Tambi\u00e9n apto para paelleras, tama\u00f1o de la sart\u00e9n a partir de 70 cm.<\/p>\n","protected":false},"featured_media":18107,"comment_status":"open","ping_status":"closed","template":"","meta":{"footnotes":""},"class_list":["post-10857","product","type-product","status-publish","has-post-thumbnail","hentry","product_cat-paelleros"],"_links":{"self":[{"href":"https:\/\/www.grillsymbol.com\/es\/wp-json\/wp\/v2\/product\/10857","targetHints":{"allow":["GET"]}}],"collection":[{"href":"https:\/\/www.grillsymbol.com\/es\/wp-json\/wp\/v2\/product"}],"about":[{"href":"https:\/\/www.grillsymbol.com\/es\/wp-json\/wp\/v2\/types\/product"}],"replies":[{"embeddable":true,"href":"https:\/\/www.grillsymbol.com\/es\/wp-json\/wp\/v2\/comments?post=10857"}],"version-history":[{"count":0,"href":"https:\/\/www.grillsymbol.com\/es\/wp-json\/wp\/v2\/product\/10857\/revisions"}],"wp:featuredmedia":[{"embeddable":true,"href":"https:\/\/www.grillsymbol.com\/es\/wp-json\/wp\/v2\/media\/18107"}],"wp:attachment":[{"href":"https:\/\/www.grillsymbol.com\/es\/wp-json\/wp\/v2\/media?parent=10857"}],"curies":[{"name":"wp","href":"https:\/\/api.w.org\/{rel}","templated":true}]}}