{"id":10874,"date":"2017-04-11T06:34:51","date_gmt":"2017-04-11T06:34:51","guid":{"rendered":"https:\/\/www.grillsymbol.com\/shop\/sin%20categor\u00eda\/grillsymbol-paella-frying-pan-set-pro-580-inox\/"},"modified":"2026-03-31T09:09:39","modified_gmt":"2026-03-31T09:09:39","slug":"grillsymbol-barbacoa-paellero-pro-580-inox-o-58-cm","status":"publish","type":"product","link":"https:\/\/www.grillsymbol.com\/es\/shop\/barbacoas-paellero\/grillsymbol-barbacoa-paellero-pro-580-inox-o-58-cm\/","title":{"rendered":"GrillSymbol Barbacoa paellero PRO-580 inox, \u00f8 58 cm"},"content":{"rendered":"<ul>\n<li>Di\u00e1metro: 58 cm<\/li>\n<li>Di\u00e1metro de la base: 49 cm<\/li>\n<li>Capacidad: 12-20 porciones<\/li>\n<li>Altura: 85 cm<\/li>\n<li>Altura del borde de la sart\u00e9n: 5 cm<\/li>\n<li>Peso: sart\u00e9n de 9 kg, peso total del kit 20 kg<\/li>\n<li>La sart\u00e9n est\u00e1 hecha de acero inoxidable de 3 mm<\/li>\n<li>El quemador: 11,4 kW, di\u00e1metro de 400 mm (Garcima)<\/li>\n<li>Los dos circuitos de quemador se pueden ajustar por separado<\/li>\n<li>Consumo de gas a plena capacidad 1 kg\/h, en circunstancias normales desde 0,3 hasta 0,6 kg\/h<\/li>\n<li>El quemador funciona con bater\u00eda con encendido el\u00e9ctrico Click and Cook<\/li>\n<li>Triple Windshield: Triple protecci\u00f3n contra el viento<\/li>\n<li>Marco y patas fuertes: el producto es estable<\/li>\n<li>Las patas se desmontan y montan con tornillos (mariposa)<\/li>\n<li>El producto cumple con los requisitos de la Directiva 2009\/ 142\/ CE, CE 1336-10<\/li>\n<li>Listo para usar, premontado, el montaje toma solo unos minutos<\/li>\n<li>Las partes del quemador y de la protecci\u00f3n contra el viento se pueden usar con diferentes sartenes<\/li>\n<\/ul>\n<p>&nbsp;<\/p>\n<p>\u00a1NB! La boquilla adecuada se monta en f\u00e1brica seg\u00fan el pa\u00eds de destino del pedido.<\/p>\n<p>\u00a1NB! El regulador de gas, la manguera de gas y la tapa no est\u00e1n incluidos en el set.<\/p>\n","protected":false},"excerpt":{"rendered":"<p>Sart\u00e9n de acero inoxidable con borde alto, ideal para guisar, asar, fre\u00edr y cocer al vapor. El material de acero inoxidable permite preparar los mejores alimentos guisados, ya que la sart\u00e9n de acero puede agregar color o sabor a los alimentos a medida que se remoja la capa quemada. F\u00e1cil de limpiar y mantener. Se calienta muy r\u00e1pidamente. Adem\u00e1s, y no menos importante, \u00a1la sart\u00e9n de acero inoxidable siempre conserva su aspecto brillante!<\/p>\n<p><strong>PRO-580 inox<\/strong> es uno de los kits m\u00e1s populares entre los usuarios dom\u00e9sticos. Estructura fuerte, potente quemador de gas, peso ligero y la sart\u00e9n con borde alto son la mejor uni\u00f3n. Permite preparar diversos platos con ingredientes tanto crudos como precocinados. En la sart\u00e9n caben 12-20 porciones, dependiendo de lo que se prepare en la sart\u00e9n. El fondo plano de la sart\u00e9n, permite mantener la comida caliente. A medida que la sart\u00e9n se va calentando, el fondo se vuelve ligeramente c\u00f3ncavo en el medio. El borde de la sart\u00e9n de 5 cm, permite guisar y cocer al\u00a0 vapor (debajo de la tapa), lo que es una gran ventaja en comparaci\u00f3n con una sart\u00e9n con el borde bajo.<strong>Triple Windshield<\/strong>\u00a0garantiza la mejor protecci\u00f3n posible contra el viento y la llama de gas no se apagar\u00e1 ni con viento moderado.<\/p>\n","protected":false},"featured_media":10884,"comment_status":"open","ping_status":"closed","template":"","meta":{"footnotes":""},"class_list":["post-10874","product","type-product","status-publish","has-post-thumbnail","hentry","product_cat-barbacoas-paellero"],"_links":{"self":[{"href":"https:\/\/www.grillsymbol.com\/es\/wp-json\/wp\/v2\/product\/10874","targetHints":{"allow":["GET"]}}],"collection":[{"href":"https:\/\/www.grillsymbol.com\/es\/wp-json\/wp\/v2\/product"}],"about":[{"href":"https:\/\/www.grillsymbol.com\/es\/wp-json\/wp\/v2\/types\/product"}],"replies":[{"embeddable":true,"href":"https:\/\/www.grillsymbol.com\/es\/wp-json\/wp\/v2\/comments?post=10874"}],"version-history":[{"count":0,"href":"https:\/\/www.grillsymbol.com\/es\/wp-json\/wp\/v2\/product\/10874\/revisions"}],"wp:featuredmedia":[{"embeddable":true,"href":"https:\/\/www.grillsymbol.com\/es\/wp-json\/wp\/v2\/media\/10884"}],"wp:attachment":[{"href":"https:\/\/www.grillsymbol.com\/es\/wp-json\/wp\/v2\/media?parent=10874"}],"curies":[{"name":"wp","href":"https:\/\/api.w.org\/{rel}","templated":true}]}}