{"id":10949,"date":"2017-04-11T06:32:51","date_gmt":"2017-04-11T06:32:51","guid":{"rendered":"https:\/\/www.grillsymbol.com\/shop\/sin%20categor\u00eda\/grillsymbol-paella-frying-pan-set-pro-720-inox\/"},"modified":"2026-04-29T07:05:57","modified_gmt":"2026-04-29T07:05:57","slug":"grillsymbol-barbacoa-paellero-pro-720-inox-o-72-cm","status":"publish","type":"product","link":"https:\/\/www.grillsymbol.com\/es\/shop\/barbacoas-paellero\/grillsymbol-barbacoa-paellero-pro-720-inox-o-72-cm\/","title":{"rendered":"GrillSymbol Barbacoa paellero PRO-720 inox, \u00f8 72 cm"},"content":{"rendered":"<p>&nbsp;<\/p>\n<ul>\n<li>Di\u00e1metro: 72 cm<\/li>\n<li>Di\u00e1metro de la base: 61 cm<\/li>\n<li>Capacidad: 20-30 porciones<\/li>\n<li>Altura: 85 cm<\/li>\n<li>Altura del borde de la sart\u00e9n: 5 cm<\/li>\n<li>Peso: 11 kg la sart\u00e9n, peso total del kit m\u00e1s o menos 23 kg<\/li>\n<li>La sart\u00e9n est\u00e1 hecha de <strong>acero inoxidabl<\/strong>e de 3 mm<\/li>\n<li>El quemador: 11,4 kW, di\u00e1metro de 400 mm (Garcima)<\/li>\n<li>Los dos circuitos del quemador se pueden ajustar por separado<\/li>\n<li>Consumo de gas a plena capacidad 1 kg\/h, en circunstancias normales desde 0,3 hasta 0,6 kg\/h<\/li>\n<li>El quemador funciona con bater\u00eda con encendido el\u00e9ctrico Click and Cook<\/li>\n<li>Marco y patas fuertes: el producto es estable<\/li>\n<li>Las patas se desmontan y montan con tornillos (mariposa)<\/li>\n<li>El producto cumple con los requisitos de la Directiva 2009\/ 142\/ CE, CE 1336-10<\/li>\n<li>Listo para usar, premontado, el montaje toma solo unos minutos<\/li>\n<li>Las partes del quemador y de la protecci\u00f3n contra el viento se pueden usar con diferentes sartenes<\/li>\n<\/ul>\n<p>&nbsp;<\/p>\n<p>\u00a1NB! La boquilla adecuada se monta en f\u00e1brica seg\u00fan el pa\u00eds de destino del pedido.<\/p>\n<p>\u00a1NB! El regulador de gas, la manguera de gas y la tapa no est\u00e1n incluidos en el set.<\/p>\n<p>&nbsp;<\/p>\n<p><!-- [if gte mso 9]&gt;--><\/p>\n<p>Normal<br \/>\n0<\/p>\n<p>21<\/p>\n<p>false<br \/>\nfalse<br \/>\nfalse<\/p>\n<p>ET<br \/>\nX-NONE<br \/>\nX-NONE<\/p>\n<p><!-- [if gte mso 9]&gt;--><\/p>\n<p><!-- [if gte mso 10]&gt;--><\/p>\n<p>\/* Style Definitions *\/<br \/>\ntable.MsoNormalTable<br \/>\n{mso-style-name:\\\u00bbTable Normal\\\u00bb;<br \/>\nmso-tstyle-rowband-size:0;<br \/>\nmso-tstyle-colband-size:0;<br \/>\nmso-style-noshow:yes;<br \/>\nmso-style-priority:99;<br \/>\nmso-style-qformat:yes;<br \/>\nmso-style-parent:\\\u00bb\\\u00bb;<br \/>\nmso-padding-alt:0cm 5.4pt 0cm 5.4pt;<br \/>\nmso-para-margin:0cm;<br \/>\nmso-para-margin-bottom:.0001pt;<br \/>\nmso-pagination:widow-orphan;<br \/>\nfont-size:11.0pt;<br \/>\nfont-family:\\\u00bbCalibri\\\u00bb,\\\u00bbsans-serif\\\u00bb;<br \/>\nmso-ascii-font-family:Calibri;<br \/>\nmso-ascii-theme-font:minor-latin;<br \/>\nmso-fareast-font-family:\\\u00bbTimes New Roman\\\u00bb;<br \/>\nmso-fareast-theme-font:minor-fareast;<br \/>\nmso-hansi-font-family:Calibri;<br \/>\nmso-hansi-theme-font:minor-latin;<br \/>\nmso-bidi-font-family:\\\u00bbTimes New Roman\\\u00bb;<br \/>\nmso-bidi-theme-font:minor-bidi;}<\/p>\n","protected":false},"excerpt":{"rendered":"<p><strong>Sart\u00e9n de acero<\/strong>\u00a0inoxidable con un borde alto, perfecta para<strong> fre\u00edr, guisar, hornear <\/strong>y<strong> cocinar al vapor<\/strong>. El acero inoxidable como material, permite preparar los mejores alimentos guisados, ya que la sart\u00e9n de acero puede agregar color o sabor a los alimentos a medida que se remoja\u00a0 la capa quemada. F\u00e1cil de limpiar y mantener. Se calienta muy rapido. Adem\u00e1s, no menos importante: \u00a1la sart\u00e9n de acero inoxidable siempre conserva su aspecto brillante!<\/p>\n<p><strong>PRO- 720 inox<\/strong> es un modelo popular entre los\u00a0usuarios dom\u00e9sticos, que tienen muchos invitados y organizan grandes fiestas con barbacoa. Este modelo tambi\u00e9n lo usan los profesionales de la restauraci\u00f3n. Estructura fuerte, quemador de gas de gran potencia y una sart\u00e9n con borde alto y fondo grueso forman un conjunto que funciona genial. Triple Windshield\u00a0garantiza la mejor protecci\u00f3n posible contra el viento y la llama no se apagar\u00e1 ni con viento moderado.<\/p>\n<p><strong>PRO-720 inox<\/strong> permite preparar diversos platos con ingredientes tanto crudos como precocinados. En la sart\u00e9n caben 20-30 porciones, \u00a0dependiendo de lo que se prepare en la sart\u00e9n. El fondo plano de la bandeja permite mantener la comida caliente. En las sartenes inox hay que controlar que el calor no suba demasiado y para freir se debe a\u00f1adir m\u00e1s aceite que en la sart\u00e9n de acero. El borde de la sart\u00e9n de 5 cm de altura, permite guisar y cocer al vapor los alimentos (debajo de la tapa), lo que es una gran ventaja en comparaci\u00f3n con una sart\u00e9n con el borde bajo. \u00a1Usa la imaginaci\u00f3n y prepara tu plato favorito!<\/p>\n","protected":false},"featured_media":15741,"comment_status":"open","ping_status":"closed","template":"","meta":{"footnotes":""},"class_list":["post-10949","product","type-product","status-publish","has-post-thumbnail","hentry","product_cat-barbacoas-paellero"],"_links":{"self":[{"href":"https:\/\/www.grillsymbol.com\/es\/wp-json\/wp\/v2\/product\/10949","targetHints":{"allow":["GET"]}}],"collection":[{"href":"https:\/\/www.grillsymbol.com\/es\/wp-json\/wp\/v2\/product"}],"about":[{"href":"https:\/\/www.grillsymbol.com\/es\/wp-json\/wp\/v2\/types\/product"}],"replies":[{"embeddable":true,"href":"https:\/\/www.grillsymbol.com\/es\/wp-json\/wp\/v2\/comments?post=10949"}],"version-history":[{"count":1,"href":"https:\/\/www.grillsymbol.com\/es\/wp-json\/wp\/v2\/product\/10949\/revisions"}],"predecessor-version":[{"id":35839,"href":"https:\/\/www.grillsymbol.com\/es\/wp-json\/wp\/v2\/product\/10949\/revisions\/35839"}],"wp:featuredmedia":[{"embeddable":true,"href":"https:\/\/www.grillsymbol.com\/es\/wp-json\/wp\/v2\/media\/15741"}],"wp:attachment":[{"href":"https:\/\/www.grillsymbol.com\/es\/wp-json\/wp\/v2\/media?parent=10949"}],"curies":[{"name":"wp","href":"https:\/\/api.w.org\/{rel}","templated":true}]}}