{"id":11327,"date":"2021-02-15T08:36:55","date_gmt":"2021-02-15T08:36:55","guid":{"rendered":"https:\/\/www.grillsymbol.com\/?post_type=product&#038;p=11327"},"modified":"2023-12-13T13:43:45","modified_gmt":"2023-12-13T13:43:45","slug":"conjunto-grillsymbol-cataplana-pro-545-cat","status":"publish","type":"product","link":"https:\/\/www.grillsymbol.com\/es\/shop\/quemadores-de-sarten-wok\/conjunto-grillsymbol-cataplana-pro-545-cat\/","title":{"rendered":"Conjunto GrillSymbol Cataplana PRO-545 CAT"},"content":{"rendered":"<ul>\n<li>Di\u00e1metro: 54 cm<\/li>\n<li>Capacidad: 20 porciones<\/li>\n<li>Altura: 98cm<\/li>\n<li>Profundidad: 10 cm<\/li>\n<li>Peso: 9 kg la sart\u00e9n, peso total del kit 22 kg<\/li>\n<li>Hecha de acero de 3 mm<\/li>\n<li>Quemador: 11,4 kW, di\u00e1metro 40 cm<\/li>\n<li>Los dos circuitos del quemador se pueden ajustar individualmente<\/li>\n<li>Consumo de gas a plena capacidad 1 kg\/h, en circunstancias normales desde 0,3 hasta 0,6 kg\/h<\/li>\n<li>El quemador se enciende el\u00e9ctricamente con la energ\u00eda de la bater\u00eda<\/li>\n<li>Las patas se desmontan y montan con tornillos (mariposa)<\/li>\n<\/ul>\n<p>\u00a1NB! La boquilla adecuada se monta en f\u00e1brica seg\u00fan el pa\u00eds de destino del pedido.<\/p>\n<p>\u00a1NB! El regulador de gas, la manguera de gas y la tapa no est\u00e1n incluidos en el set.<\/p>\n<p>&nbsp;<\/p>\n<p><strong>Ventajas del conjunto GrillSymbol Cataplana PRO-545-CAT:<\/strong><\/p>\n<p>&nbsp;<\/p>\n<ul>\n<li>Triple Windshield \u2013 triple protecci\u00f3n contra el viento<\/li>\n<li>Triple Windshield \u2013 el calor se dirige directamente a la sart\u00e9n, no se desvanece<\/li>\n<li>Triple Windshield \u2013 menor consumo de gas<\/li>\n<li>Click and Cook- enciende el fuego con la bater\u00eda- olv\u00eddate de las cerillas<\/li>\n<li>Estructura y patas resistentes: el producto es estable<\/li>\n<li>Patas y protecci\u00f3n contra el viento de acero inoxidable: no se oxida y es f\u00e1cil de mantener<\/li>\n<li>Listo para usar, premontado, el montaje toma solo dos minutos<\/li>\n<li>Las partes del quemador y de la protecci\u00f3n contra el viento se pueden usar con diferentes sartenes<\/li>\n<li>GrillSymbol \u2013 empresa familiar desde 1925.<\/li>\n<\/ul>\n","protected":false},"excerpt":{"rendered":"<p><strong>El set de PRO-545-CAT incluye una sart\u00e9n Cataplana GrillSymbol grande y espaciosa, quemador de gas y patas.<\/strong>\u00a0La sart\u00e9n es un h\u00edbrido grande y voluminoso de Cataplana y una sart\u00e9n wok<strong>.<\/strong> Con una tapa convexa, funciona exactamente como una sart\u00e9n Cataplana tradicional. Las sartenes Cataplana GrillSymbol no tienen soportes de montaje en la tapa, por lo que es f\u00e1cil cambiar el prop\u00f3sito de la sart\u00e9n.<\/p>\n<p>La sart\u00e9n de acero, profunda y de fondo grueso (3 mm) con una tapa ligera de aluminio funciona como una cataplana y sin tapa como una sart\u00e9n wok. Gracias a su concavidad, se puede cocinar una gran variedad de alimentos, desde la cocina mediterr\u00e1nea hasta la japonesa. La forma convexa de la sart\u00e9n permite utilizarla tambi\u00e9n como freidora: Churros, bu\u00f1uelos, tempura, rollitos de primavera, etc.<\/p>\n<p>Un modelo popular para usuarios dom\u00e9sticos que reciben a muchos invitados y organizan fiestas de barbacoa m\u00e1s grandes. La construcci\u00f3n s\u00f3lida, el potente quemador de gas y la sart\u00e9n wok c\u00f3ncava forman un todo que funciona bien. Triple Windshield brinda la mejor protecci\u00f3n contra el viento y la llama de gas no se apagar\u00e1 incluso con vientos moderados.<\/p>\n<p><strong>\u00a1Elija para cocinar un producto desarrollado y producido en Estonia!<\/strong><\/p>\n","protected":false},"featured_media":13799,"comment_status":"open","ping_status":"closed","template":"","meta":{"footnotes":""},"class_list":["post-11327","product","type-product","status-publish","has-post-thumbnail","hentry","product_cat-quemadores-de-sarten-wok"],"_links":{"self":[{"href":"https:\/\/www.grillsymbol.com\/es\/wp-json\/wp\/v2\/product\/11327","targetHints":{"allow":["GET"]}}],"collection":[{"href":"https:\/\/www.grillsymbol.com\/es\/wp-json\/wp\/v2\/product"}],"about":[{"href":"https:\/\/www.grillsymbol.com\/es\/wp-json\/wp\/v2\/types\/product"}],"replies":[{"embeddable":true,"href":"https:\/\/www.grillsymbol.com\/es\/wp-json\/wp\/v2\/comments?post=11327"}],"version-history":[{"count":0,"href":"https:\/\/www.grillsymbol.com\/es\/wp-json\/wp\/v2\/product\/11327\/revisions"}],"wp:featuredmedia":[{"embeddable":true,"href":"https:\/\/www.grillsymbol.com\/es\/wp-json\/wp\/v2\/media\/13799"}],"wp:attachment":[{"href":"https:\/\/www.grillsymbol.com\/es\/wp-json\/wp\/v2\/media?parent=11327"}],"curies":[{"name":"wp","href":"https:\/\/api.w.org\/{rel}","templated":true}]}}