{"id":11397,"date":"2021-02-22T06:27:34","date_gmt":"2021-02-22T06:27:35","guid":{"rendered":"https:\/\/www.grillsymbol.com\/?post_type=product&#038;p=11397"},"modified":"2022-04-24T13:53:25","modified_gmt":"2022-04-24T13:53:25","slug":"grillsymbol-paellera-fp-580-basic-o-58-cm","status":"publish","type":"product","link":"https:\/\/www.grillsymbol.com\/es\/shop\/paelleras-y-sartenes-wok\/grillsymbol-paellera-fp-580-basic-o-58-cm\/","title":{"rendered":"GrillSymbol paellera FP-580 Basic, \u00f8 58 cm"},"content":{"rendered":"<ul>\n<li>Di\u00e1metro: 58 cm<\/li>\n<li>Di\u00e1metro de la base: 49 cm<\/li>\n<li>Capacidad: 12-20 porciones (capacidad hasta el borde de la sart\u00e9n, es decir, hasta 11 litros)<\/li>\n<li>Altura del borde de la sart\u00e9n: 5 cm<\/li>\n<li>Peso: 9 kg<\/li>\n<li>La sart\u00e9n est\u00e1 hecha de acero de 3 mm<\/li>\n<li>GrillSymbol \u2013 empresa familiar desde 1925. Los productos han sido desarrollados y fabricados en Estonia y probados en los pa\u00edses n\u00f3rdicos<\/li>\n<\/ul>\n<p>&nbsp;<\/p>\n<p><strong>\u00a1Elija para cocinar un producto desarrollado y producido en Estonia!<\/strong><\/p>\n","protected":false},"excerpt":{"rendered":"<p>Sart\u00e9n de acero de<strong>\u00a0fondo grueso<\/strong>\u00a0con muy buenas caracter\u00edsticas para cocinar (fondo grueso es a partir de 3 mm),\u00a0<strong>sart\u00e9n de acero<\/strong>\u00a0<strong>con el borde alto<\/strong>, ideal para cocinar carnes, pescados, verduras y para preparar diversos arroces. Tambi\u00e9n se pueden hacer en la sart\u00e9n deliciosas tortitas. La sart\u00e9n de fondo grueso con el borde alto, es especialmente adecuada<strong>\u00a0para hacer paella<\/strong>, ya que una sart\u00e9n con el fondo delgado (1-2 mm) puede quemar r\u00e1pidamente el fondo de la paella. La ventaja de una sart\u00e9n de fondo grueso sobre una de fondo delgado, es que la sart\u00e9n no se deforma mientras que se cocina la comida.<\/p>\n<p>El fondo plano de la sart\u00e9n permite tanto cocinar, como mantener el calor. Ideal para usar en la cocina al aire libre, fogata o quemador de gas. \u00a1Solo usa tu imaginaci\u00f3n y prepara en la sart\u00e9n el plato que m\u00e1s te guste!<\/p>\n","protected":false},"featured_media":16072,"comment_status":"open","ping_status":"closed","template":"","meta":{"footnotes":""},"class_list":["post-11397","product","type-product","status-publish","has-post-thumbnail","hentry","product_cat-paelleras-y-sartenes-wok"],"_links":{"self":[{"href":"https:\/\/www.grillsymbol.com\/es\/wp-json\/wp\/v2\/product\/11397","targetHints":{"allow":["GET"]}}],"collection":[{"href":"https:\/\/www.grillsymbol.com\/es\/wp-json\/wp\/v2\/product"}],"about":[{"href":"https:\/\/www.grillsymbol.com\/es\/wp-json\/wp\/v2\/types\/product"}],"replies":[{"embeddable":true,"href":"https:\/\/www.grillsymbol.com\/es\/wp-json\/wp\/v2\/comments?post=11397"}],"version-history":[{"count":0,"href":"https:\/\/www.grillsymbol.com\/es\/wp-json\/wp\/v2\/product\/11397\/revisions"}],"wp:featuredmedia":[{"embeddable":true,"href":"https:\/\/www.grillsymbol.com\/es\/wp-json\/wp\/v2\/media\/16072"}],"wp:attachment":[{"href":"https:\/\/www.grillsymbol.com\/es\/wp-json\/wp\/v2\/media?parent=11397"}],"curies":[{"name":"wp","href":"https:\/\/api.w.org\/{rel}","templated":true}]}}