{"id":12603,"date":"2021-07-19T12:15:06","date_gmt":"2021-07-19T12:15:06","guid":{"rendered":"https:\/\/www.grillsymbol.com\/shop\/sin%20categor\u00eda\/grillsymbol-zigzag-solid-bbq-griddle\/"},"modified":"2022-04-26T17:10:18","modified_gmt":"2022-04-26T17:10:18","slug":"grillsymbol-parrilla-zigzag-solid-50x33-cm","status":"publish","type":"product","link":"https:\/\/www.grillsymbol.com\/es\/shop\/accesorios-bbq\/grillsymbol-parrilla-zigzag-solid-50x33-cm\/","title":{"rendered":"GrillSymbol parrilla ZigZag Solid, 50&#215;33 cm"},"content":{"rendered":"<p>La caracter\u00edstica especial de la parrilla ZigZag Solid es la relaci\u00f3n entre la superficie met\u00e1lica y los espacios de aire, que evitan que la carne se queme con fuego directo. La parrilla, gracias al grosor y peso del material, retiene muy bien el calor. El patr\u00f3n de la parrilla en zig-zag deja un patr\u00f3n interesante en el bistec, pescado o en las verduras.<\/p>\n<p>&nbsp;<\/p>\n<p>Superficie de la parrilla: acero laminado en caliente de 5 mm<br \/>\nLas asas de la parrilla:\u00a0 acero laminado en caliente de 5 mm<br \/>\nMedidas: 50 x 33 cm<br \/>\nPeso: 5,3 kg<\/p>\n","protected":false},"excerpt":{"rendered":"<p><strong>La parrilla ZigZag Solid<\/strong> de acero de 5 mm con un dise\u00f1o \u00fanico, pertenece a los accesorios est\u00e1ndar de Chef y Chef XL , es decir, no necesita pedirse por separado para estos modelos. Sin embargo, las dimensiones tambi\u00e9n son adecuadas para los modelos Naked Chef y Naked Chef XL, pero la rejilla ZigZag Solid no est\u00e1 incluida en su equipamiento est\u00e1ndar.<\/p>\n","protected":false},"featured_media":24171,"comment_status":"open","ping_status":"closed","template":"","meta":{"footnotes":""},"class_list":["post-12603","product","type-product","status-publish","has-post-thumbnail","hentry","product_cat-accesorios-bbq"],"_links":{"self":[{"href":"https:\/\/www.grillsymbol.com\/es\/wp-json\/wp\/v2\/product\/12603","targetHints":{"allow":["GET"]}}],"collection":[{"href":"https:\/\/www.grillsymbol.com\/es\/wp-json\/wp\/v2\/product"}],"about":[{"href":"https:\/\/www.grillsymbol.com\/es\/wp-json\/wp\/v2\/types\/product"}],"replies":[{"embeddable":true,"href":"https:\/\/www.grillsymbol.com\/es\/wp-json\/wp\/v2\/comments?post=12603"}],"version-history":[{"count":0,"href":"https:\/\/www.grillsymbol.com\/es\/wp-json\/wp\/v2\/product\/12603\/revisions"}],"wp:featuredmedia":[{"embeddable":true,"href":"https:\/\/www.grillsymbol.com\/es\/wp-json\/wp\/v2\/media\/24171"}],"wp:attachment":[{"href":"https:\/\/www.grillsymbol.com\/es\/wp-json\/wp\/v2\/media?parent=12603"}],"curies":[{"name":"wp","href":"https:\/\/api.w.org\/{rel}","templated":true}]}}