{"id":12895,"date":"2021-11-10T09:47:45","date_gmt":"2021-11-10T09:47:46","guid":{"rendered":"https:\/\/www.grillsymbol.com\/?post_type=product&#038;p=12895"},"modified":"2023-12-21T08:45:36","modified_gmt":"2023-12-21T08:45:36","slug":"soporte-de-lena-grillsymbol-woodstock-m-60-37-106-cm","status":"publish","type":"product","link":"https:\/\/www.grillsymbol.com\/es\/shop\/soportes-de-lena\/soporte-de-lena-grillsymbol-woodstock-m-60-37-106-cm\/","title":{"rendered":"Soporte de le\u00f1a GrillSymbol WoodStock M 60*37*106 cm"},"content":{"rendered":"<ul>\n<li>Material: acero Cor-Ten de 2 mm<\/li>\n<li>Ancho: 60 cm<\/li>\n<li>Profundidad: 37 cm<\/li>\n<li>Alto: 106 cm<\/li>\n<li>Peso: 24 kg<\/li>\n<li>Capacidad: 0,25 m\u00b3 de le\u00f1a<\/li>\n<li>El soporte se entrega en partes, tiempo aproximado de montaje 20-30 min<\/li>\n<li>El set incluye soportes de montaje para fijar (madera, piedra, etc.)<\/li>\n<li>Es posible comprar 1 estante adicional por cada secci\u00f3n (c\u00f3digo del producto WSR)<\/li>\n<\/ul>\n<p>&nbsp;<\/p>\n<p style=\"margin: 0cm;line-height: 16.8pt;vertical-align: baseline\"><strong>\u00a1NB! Para garantizar la seguridad, el soporte de le\u00f1a debe fijarse al suelo. Elementos de fijaci\u00f3n adecuados: anclajes para hormig\u00f3n M8 (para hormig\u00f3n) o tornillos m\u00e1s grandes para superficies de madera.<\/strong><\/p>\n<p>&nbsp;<\/p>\n<p><strong>\u00a1NB!<\/strong> Los productos de acero Cor-Ten se entregan con una superficie sin tratar. El acero Cor-Ten completamente nuevo es de color gris como el acero laminado en caliente convencional. Puede encontrar las instrucciones de envejecimiento en nuestro sitio web o puede escanear directamente desde el producto.<\/p>\n<p>&nbsp;<\/p>\n<h5><a href=\"https:\/\/www.grillsymbol.com\/es\/instructions\/instrucciones-para-productos-cor-ten\/\" target=\"_blank\" rel=\"noopener\">Mira aqu\u00ed: Instrucciones para productos Cor-Ten<\/a><\/h5>\n","protected":false},"excerpt":{"rendered":"<p><strong>WoodStock M es un estante modular para el almacenamiento de le\u00f1a.<\/strong>\u00a0Una funci\u00f3n adicional como separador de espacios, para separar zonas de jard\u00edn o terraza, ya que se pueden conectar entre s\u00ed. Los m\u00f3dulos adicionales se pueden comprar por separado. R\u00e1pido de instalar y llamativo.<\/p>\n<p>El acero Cor-Ten es acero al carb\u00f3n casi puro, pero tratado para crear una capa protectora resistente a la intemperie en su superficie. La capa superficial es inicialmente gris\u00e1cea, luego se vuelve marr\u00f3n rojiza (un tono similar al \u00f3xido), y se oscurece a\u00fan m\u00e1s con el tiempo. Usado correctamente, el acero Cor-Ten es expresivo, duradero y libre de mantenimiento. Resiste el tiempo de una manera \u00f9nica.<\/p>\n<p><strong>Dise\u00f1o: Petteri Wiimaa<\/strong><\/p>\n","protected":false},"featured_media":13077,"comment_status":"open","ping_status":"closed","template":"","meta":{"footnotes":""},"class_list":["post-12895","product","type-product","status-publish","has-post-thumbnail","hentry","product_cat-soportes-de-lena"],"_links":{"self":[{"href":"https:\/\/www.grillsymbol.com\/es\/wp-json\/wp\/v2\/product\/12895","targetHints":{"allow":["GET"]}}],"collection":[{"href":"https:\/\/www.grillsymbol.com\/es\/wp-json\/wp\/v2\/product"}],"about":[{"href":"https:\/\/www.grillsymbol.com\/es\/wp-json\/wp\/v2\/types\/product"}],"replies":[{"embeddable":true,"href":"https:\/\/www.grillsymbol.com\/es\/wp-json\/wp\/v2\/comments?post=12895"}],"version-history":[{"count":0,"href":"https:\/\/www.grillsymbol.com\/es\/wp-json\/wp\/v2\/product\/12895\/revisions"}],"wp:featuredmedia":[{"embeddable":true,"href":"https:\/\/www.grillsymbol.com\/es\/wp-json\/wp\/v2\/media\/13077"}],"wp:attachment":[{"href":"https:\/\/www.grillsymbol.com\/es\/wp-json\/wp\/v2\/media?parent=12895"}],"curies":[{"name":"wp","href":"https:\/\/api.w.org\/{rel}","templated":true}]}}