{"id":12901,"date":"2021-11-10T09:50:48","date_gmt":"2021-11-10T09:50:49","guid":{"rendered":"https:\/\/www.grillsymbol.com\/?post_type=product&#038;p=12901"},"modified":"2023-10-20T12:59:17","modified_gmt":"2023-10-20T12:59:17","slug":"soporte-de-lena-grillsymbol-woodstock-s-60-37-53-cm","status":"publish","type":"product","link":"https:\/\/www.grillsymbol.com\/es\/shop\/soportes-de-lena\/soporte-de-lena-grillsymbol-woodstock-s-60-37-53-cm\/","title":{"rendered":"Soporte de le\u00f1a GrillSymbol WoodStock S 60*37*53 cm"},"content":{"rendered":"<ul>\n<li>Material: acero Cor-Ten de 2 mm<\/li>\n<li>Ancho 60 cm<\/li>\n<li>Profundidad: 37 cm<\/li>\n<li>Alto: 53 cm<\/li>\n<li>Peso: 16 kg<\/li>\n<li>Capacidad: 0,12 m\u00b3 de le\u00f1a<\/li>\n<li>El soporte se entrega en partes, tiempo aproximado de montaje 20-30 min<\/li>\n<li>El set incluye soportes de montaje para fijar (madera, piedra, etc.)<\/li>\n<\/ul>\n<p>&nbsp;<\/p>\n<p><strong>\u00a1NB!<\/strong>\u00a0Los productos de acero Cor-Ten se entregan con una superficie sin tratar. El acero COR-TEN\u00ae completamente nuevo es de color gris como el acero laminado en caliente convencional. Puede encontrar las instrucciones de envejecimiento en nuestro sitio web o puede escanear directamente desde el producto.<\/p>\n<p>&nbsp;<\/p>\n<h5><a href=\"https:\/\/www.grillsymbol.com\/es\/instructions\/instrucciones-para-productos-cor-ten\/\" target=\"_blank\" rel=\"noopener\">Mira aqu\u00ed: Instrucciones para productos Cor-Ten<\/a><\/h5>\n","protected":false},"excerpt":{"rendered":"<p><strong>WoodStock S es un estante modular para el almacenamiento de le\u00f1a.<\/strong> Una funci\u00f3n adicional como separador de espacios, para separar zonas de jard\u00edn o terraza, ya que se pueden conectar entre s\u00ed. Los m\u00f3dulos adicionales se pueden comprar por separado. R\u00e1pido de instalar y llamativo.<\/p>\n<p>El acero Cor-Ten es acero al carb\u00f3n casi puro, pero tratado para crear una capa protectora resistente a la intemperie en su superficie. La capa superficial es inicialmente gris\u00e1cea, luego se vuelve marr\u00f3n rojiza (un tono similar al \u00f3xido), y se oscurece a\u00fan m\u00e1s con el tiempo. Usado correctamente, el acero Cor-Ten es expresivo, duradero y libre de mantenimiento. Resiste el tiempo de una manera \u00f9nica.<\/p>\n<p><strong>Dise\u00f1o: Petteri Wiimaa<\/strong><\/p>\n","protected":false},"featured_media":18779,"comment_status":"open","ping_status":"closed","template":"","meta":{"footnotes":""},"class_list":["post-12901","product","type-product","status-publish","has-post-thumbnail","hentry","product_cat-soportes-de-lena"],"_links":{"self":[{"href":"https:\/\/www.grillsymbol.com\/es\/wp-json\/wp\/v2\/product\/12901","targetHints":{"allow":["GET"]}}],"collection":[{"href":"https:\/\/www.grillsymbol.com\/es\/wp-json\/wp\/v2\/product"}],"about":[{"href":"https:\/\/www.grillsymbol.com\/es\/wp-json\/wp\/v2\/types\/product"}],"replies":[{"embeddable":true,"href":"https:\/\/www.grillsymbol.com\/es\/wp-json\/wp\/v2\/comments?post=12901"}],"version-history":[{"count":0,"href":"https:\/\/www.grillsymbol.com\/es\/wp-json\/wp\/v2\/product\/12901\/revisions"}],"wp:featuredmedia":[{"embeddable":true,"href":"https:\/\/www.grillsymbol.com\/es\/wp-json\/wp\/v2\/media\/18779"}],"wp:attachment":[{"href":"https:\/\/www.grillsymbol.com\/es\/wp-json\/wp\/v2\/media?parent=12901"}],"curies":[{"name":"wp","href":"https:\/\/api.w.org\/{rel}","templated":true}]}}