{"id":12928,"date":"2021-11-10T12:19:18","date_gmt":"2021-11-10T12:19:18","guid":{"rendered":"https:\/\/www.grillsymbol.com\/shop\/sin%20categor\u00eda\/grillsymbol-corten-steel-firewood-rack-enzo-rack-s\/"},"modified":"2023-10-27T07:33:51","modified_gmt":"2023-10-27T07:33:51","slug":"soporte-de-lena-grillsymbol-enzo-rack-s","status":"publish","type":"product","link":"https:\/\/www.grillsymbol.com\/es\/shop\/soportes-de-lena\/soporte-de-lena-grillsymbol-enzo-rack-s\/","title":{"rendered":"Soporte de le\u00f1a GrillSymbol Enzo Rack-S"},"content":{"rendered":"<ul>\n<li>Material: 2 mm y 3 mm de acero Cor-Ten<\/li>\n<li>Medidas: 43 x 43 x 37 cm (largo x ancho x profundo)<\/li>\n<li>Peso: 12 kg<\/li>\n<li>Se transporta en partes<\/li>\n<li>Tiempo de montaje: 10-15 min<\/li>\n<\/ul>\n<p>&nbsp;<\/p>\n<p><strong>\u00a1NB!<\/strong>\u00a0Cuando se forma la capa de \u00f3xido, el producto libera \u00f3xido en el primer a\u00f1o, m\u00e1s informaci\u00f3n en las instrucciones a continuaci\u00f3n.<\/p>\n<p>&nbsp;<\/p>\n<p><strong>\u00a1NB!<\/strong>\u00a0Los productos de acero Cor-Ten se entregan con una superficie sin tratar. El acero COR-TEN\u00ae completamente nuevo es de color gris como el acero laminado en caliente convencional. Puede encontrar las instrucciones de envejecimiento en nuestro sitio web o puede escanear directamente desde el producto.<\/p>\n<p>&nbsp;<\/p>\n<h5><a href=\"https:\/\/www.grillsymbol.com\/es\/instructions\/instrucciones-para-productos-cor-ten\/\" target=\"_blank\" rel=\"noopener\">Mira aqu\u00ed: Instrucciones para productos Cor-Ten<\/a><\/h5>\n","protected":false},"excerpt":{"rendered":"<p>El sporte de le\u00f1a\u00a0<strong>Enzo S<\/strong>\u00a0est\u00e1 hecho de acero Cor-Ten y es completamente resistente a la intemperie. Se puede usar en el interior y exterior. La instalaci\u00f3n es r\u00e1pida y facil.<\/p>\n<p>Los soportes de le\u00f1a Enzo est\u00e1n disponibles en tres tama\u00f1os (S, M, L). Los soportes se pueden utilizar como estantes horizontales y verticales.<\/p>\n<p><strong>Dise\u00f1o: Petteri Wiimaa<\/strong><\/p>\n<p>El acero Cor-Ten es acero al carb\u00f3n casi puro, pero tratado para crear una capa protectora resistente a la intemperie en su superficie. La capa superficial es inicialmente gris\u00e1cea, luego se vuelve marr\u00f3n rojiza (un tono similar al \u00f3xido), y se oscurece a\u00fan m\u00e1s con el tiempo. Usado correctamente, el acero Cor-Ten es expresivo, duradero y libre de mantenimiento. Resiste el tiempo de una manera \u00f9nica.<\/p>\n<p>&nbsp;<\/p>\n","protected":false},"featured_media":19255,"comment_status":"open","ping_status":"closed","template":"","meta":{"footnotes":""},"class_list":["post-12928","product","type-product","status-publish","has-post-thumbnail","hentry","product_cat-soportes-de-lena"],"_links":{"self":[{"href":"https:\/\/www.grillsymbol.com\/es\/wp-json\/wp\/v2\/product\/12928","targetHints":{"allow":["GET"]}}],"collection":[{"href":"https:\/\/www.grillsymbol.com\/es\/wp-json\/wp\/v2\/product"}],"about":[{"href":"https:\/\/www.grillsymbol.com\/es\/wp-json\/wp\/v2\/types\/product"}],"replies":[{"embeddable":true,"href":"https:\/\/www.grillsymbol.com\/es\/wp-json\/wp\/v2\/comments?post=12928"}],"version-history":[{"count":0,"href":"https:\/\/www.grillsymbol.com\/es\/wp-json\/wp\/v2\/product\/12928\/revisions"}],"wp:featuredmedia":[{"embeddable":true,"href":"https:\/\/www.grillsymbol.com\/es\/wp-json\/wp\/v2\/media\/19255"}],"wp:attachment":[{"href":"https:\/\/www.grillsymbol.com\/es\/wp-json\/wp\/v2\/media?parent=12928"}],"curies":[{"name":"wp","href":"https:\/\/api.w.org\/{rel}","templated":true}]}}