{"id":13101,"date":"2021-11-30T05:27:04","date_gmt":"2021-11-30T05:27:04","guid":{"rendered":"https:\/\/www.grillsymbol.com\/shop\/sin%20categor\u00eda\/grillsymbol-charcoal-grill-chef-xxl-silver\/"},"modified":"2026-04-22T16:09:01","modified_gmt":"2026-04-22T16:09:01","slug":"grillsymbol-barbacoa-de-carbon-naked-chef-xxl-silver","status":"publish","type":"product","link":"https:\/\/www.grillsymbol.com\/es\/shop\/barbacoas-ahumadora-y-barbacoas-de-carbon\/grillsymbol-barbacoa-de-carbon-naked-chef-xxl-silver\/","title":{"rendered":"GrillSymbol Barbacoa de carb\u00f3n Naked Chef XXL Silver"},"content":{"rendered":"<ul>\n<li>Medidas: 116 x 65 x 90\u00a0cm (ancho * fondo * alto)<\/li>\n<li>Peso: 70 kg<\/li>\n<li>Todas las partes de la barbacoa est\u00e1n hechas de acero inoxidable<\/li>\n<li>Superficie de cocci\u00f3n: 115 x 62 cm<\/li>\n<li>Las medidas de la rejilla: 62 x 38 cm (incluye dos rejillas)<\/li>\n<li>La parte inferior de la barbacoa tiene salidas de aire ajustables<\/li>\n<li>Las patas se ajustan con tornillos mariposa<\/li>\n<li>Las patas tienen suelas que aumentan la estabilidad<\/li>\n<li>Material del ba\u00f1o para preparar el carb\u00f3n de la barbacoa: acero inoxidable de 2 mm<\/li>\n<li>La balda para el carb\u00f3n de la barbacoa: base de acero inoxidable de 1,2 mm y marco de 3 mm alrededor<\/li>\n<li>La barbacoa tiene protecci\u00f3n contra el viento y salpicaduras 116 x 15 cm (ancho * alto)<\/li>\n<\/ul>\n<p>&nbsp;<\/p>\n<p><b>Accesorios de la barbacoa de carb\u00f3n Naked Chef XXL<\/b><b>: (no incluidos en el precio)<\/b><\/p>\n<p>&nbsp;<\/p>\n<ul>\n<li>Tapa de la barbacoa de acero inoxidable (cubre 2\/3 del \u00e1rea de la barbacoa, 62 x 76 cm)<\/li>\n<li>Rejilla cl\u00e1sica, acero redondo \u00f8 8 mm (cubre 1\/3 del \u00e1rea de la barbacoa, 62 x 38 cm)<\/li>\n<li>Barbacoa argentina (cubre 2\/3 del \u00e1rea de la barbacoa, 62 x 76 cm)<\/li>\n<li>Placa para cocinar: acero inoxidable de 5 mm (cubre 1\/3 del \u00e1rea de la barbacoa, 62 x 38 cm)<\/li>\n<li>Estantes laterales para barbacoa: acero inoxidable (2 uds)<\/li>\n<li>Estante de almacenamiento para las rejillas (almacena 3 rejillas)<\/li>\n<li>Adaptador para montar sart\u00e9n 1\/1 GN (cubre 1\/3 del \u00e1rea de la barbacoa, 62 x 38 cm)<\/li>\n<\/ul>\n<p>&nbsp;<\/p>\n<p style=\"line-height: 16.8pt; vertical-align: baseline; margin: 11.25pt 0cm 0cm 0cm;\">Bajo la influencia de la barbacoa y del calor, el cuerpo de acero inoxidable de la parrilla a veces se vuelve violeta. Hay que tener en cuenta que la superficie exterior de la parrilla cambia de color con el tiempo.<\/p>\n<p>&nbsp;<\/p>\n","protected":false},"excerpt":{"rendered":"<p><strong>Naked Chef XXL Silver<\/strong>\u00a0es una barbacoa de carb\u00f3n grande, de alta productividad, confiable y fuerte. F\u00e1cil de montar y desmontar, ocupa poco espacio y cumple perfectamente su funci\u00f3n. El tama\u00f1o de la zona de la barbacoa es de 115 x 62 cm. El conjunto incluye 2 rejillas de acero inoxidable que cubren 2\/3 de la zona de la barbacoa, un ba\u00f1o de preparaci\u00f3n de carb\u00f3n y un ba\u00f1o de carb\u00f3n. La barbacoa tiene un protector de viento y salpicaduras de 15 cm de ancho, que se puede usar como una zona m\u00e1s fr\u00eda cuando se asa a la parrilla en la posici\u00f3n inferior.<\/p>\n<p>Las barbacoas de carb\u00f3n Chef son una combinaci\u00f3n de viejos cl\u00e1sicos y materiales modernos. Forma antigua y cl\u00e1sica, detalles pr\u00e1cticos y materiales modernos. \u00a1El material tambi\u00e9n se ha usado como en los viejos tiempos! El cuerpo de la barbacoa est\u00e1 fabricado en <strong>acero inoxidable<\/strong>, que mantiene estable la temperatura durante la cocci\u00f3n.<\/p>\n","protected":false},"featured_media":25823,"comment_status":"open","ping_status":"closed","template":"","meta":{"footnotes":""},"class_list":["post-13101","product","type-product","status-publish","has-post-thumbnail","hentry","product_cat-barbacoas-ahumadora-y-barbacoas-de-carbon"],"_links":{"self":[{"href":"https:\/\/www.grillsymbol.com\/es\/wp-json\/wp\/v2\/product\/13101","targetHints":{"allow":["GET"]}}],"collection":[{"href":"https:\/\/www.grillsymbol.com\/es\/wp-json\/wp\/v2\/product"}],"about":[{"href":"https:\/\/www.grillsymbol.com\/es\/wp-json\/wp\/v2\/types\/product"}],"replies":[{"embeddable":true,"href":"https:\/\/www.grillsymbol.com\/es\/wp-json\/wp\/v2\/comments?post=13101"}],"version-history":[{"count":1,"href":"https:\/\/www.grillsymbol.com\/es\/wp-json\/wp\/v2\/product\/13101\/revisions"}],"predecessor-version":[{"id":35588,"href":"https:\/\/www.grillsymbol.com\/es\/wp-json\/wp\/v2\/product\/13101\/revisions\/35588"}],"wp:featuredmedia":[{"embeddable":true,"href":"https:\/\/www.grillsymbol.com\/es\/wp-json\/wp\/v2\/media\/25823"}],"wp:attachment":[{"href":"https:\/\/www.grillsymbol.com\/es\/wp-json\/wp\/v2\/media?parent=13101"}],"curies":[{"name":"wp","href":"https:\/\/api.w.org\/{rel}","templated":true}]}}